{"id":148571,"date":"2026-04-08T18:14:33","date_gmt":"2026-04-08T17:14:33","guid":{"rendered":"https:\/\/bigbuy.tupique.com\/produto\/smart-tv-hisense-43e79s-3840-x-2160-px-43-hdr10-qled\/"},"modified":"2026-04-15T08:50:44","modified_gmt":"2026-04-15T07:50:44","slug":"smart-tv-hisense-43e79s-3840-x-2160-px-43-hdr10-qled","status":"publish","type":"product","link":"https:\/\/bigbuy.tupique.com\/en\/produto\/smart-tv-hisense-43e79s-3840-x-2160-px-43-hdr10-qled\/","title":{"rendered":"TV intelligente Hisense 43E79S 3840 x 2160 px 43&#8243; HDR10+ QLED"},"content":{"rendered":"<p>Si vous \u00eates passionn\u00e9 d&#8217;<b>informatique et d&#8217;\u00e9lectronique<\/b>, si vous \u00eates \u00e0 la pointe de la technologie et qu&#8217;aucun d\u00e9tail ne vous \u00e9chappe, achetez <b>TV intelligente Hisense 43E79S 3840 x 2160 px 43&#8243; HDR10+ QLED<\/b> au meilleur prix.<\/p>\n<ul>\n<li>Classification \u00e9nerg\u00e9tique: E<\/li>\n<li>Ecran: 43&#8243;<\/li>\n<li>TV intelligente: Oui<\/li>\n<li>R\u00e9solution (px): 3840 x 2160 px<\/li>\n<li>Format: 16:9<\/li>\n<li>Compatible:\n<ul>\n<li>Netflix<\/li>\n<li>YouTube<\/li>\n<li>Google Assistant, Alexa<\/li>\n<li>Amazon Prime Video, Disney+, Netflix, YouTube<\/li>\n<\/ul>\n<\/li>\n<li>Fr\u00e9quence: 50 \/ 60 Hz<\/li>\n<li>Caract\u00e9ristiques: HDR10+<\/li>\n<li>Technologie:\n<ul>\n<li>HDR10+<\/li>\n<li>QLED<\/li>\n<\/ul>\n<\/li>\n<li>R\u00e9solution: 3840 x 2160 px<\/li>\n<li>R\u00e9cepteur: DVB-T, DVB-C, DVB-S, DVB-T2, DVB-S2<\/li>\n<li>Non Inclus:\n<ul>\n<li>Bluetooth<\/li>\n<li>TV intelligente<\/li>\n<\/ul>\n<\/li>\n<li>Montage: VESA<\/li>\n<li>Diagonale de l&#8217;\u00e9cran (cm): 109,2 cm<\/li>\n<\/ul>","protected":false},"excerpt":{"rendered":"<p>Si vous \u00eates passionn\u00e9 d&#8217;informatique et d&#8217;\u00e9lectronique, si vous \u00eates \u00e0 la pointe de la technologie et qu&#8217;aucun d\u00e9tail ne vous \u00e9chappe, achetez TV intelligente Hisense 43E79S 3840 x 2160 px 43&#8243; HDR10+ QLED au meilleur prix. Classification \u00e9nerg\u00e9tique: E Ecran: 43&#8243; TV intelligente: Oui R\u00e9solution (px): 3840 x 2160 px Format: 16:9 Compatible: Netflix [&hellip;]<\/p>\n","protected":false},"featured_media":148569,"comment_status":"open","ping_status":"closed","template":"","meta":[],"product_brand":[1341],"product_cat":[589,65,957],"product_tag":[],"class_list":{"0":"post-148571","1":"product","2":"type-product","3":"status-publish","4":"has-post-thumbnail","6":"product_brand-brandp_612","7":"product_cat-electronique-television","8":"product_cat-informatique-electronique","9":"product_cat-televisions-et-smart-tv","11":"first","12":"instock","13":"taxable","14":"shipping-taxable","15":"purchasable","16":"product-type-simple"},"_links":{"self":[{"href":"https:\/\/bigbuy.tupique.com\/en\/wp-json\/wp\/v2\/product\/148571","targetHints":{"allow":["GET"]}}],"collection":[{"href":"https:\/\/bigbuy.tupique.com\/en\/wp-json\/wp\/v2\/product"}],"about":[{"href":"https:\/\/bigbuy.tupique.com\/en\/wp-json\/wp\/v2\/types\/product"}],"replies":[{"embeddable":true,"href":"https:\/\/bigbuy.tupique.com\/en\/wp-json\/wp\/v2\/comments?post=148571"}],"wp:featuredmedia":[{"embeddable":true,"href":"https:\/\/bigbuy.tupique.com\/en\/wp-json\/wp\/v2\/media\/148569"}],"wp:attachment":[{"href":"https:\/\/bigbuy.tupique.com\/en\/wp-json\/wp\/v2\/media?parent=148571"}],"wp:term":[{"taxonomy":"product_brand","embeddable":true,"href":"https:\/\/bigbuy.tupique.com\/en\/wp-json\/wp\/v2\/product_brand?post=148571"},{"taxonomy":"product_cat","embeddable":true,"href":"https:\/\/bigbuy.tupique.com\/en\/wp-json\/wp\/v2\/product_cat?post=148571"},{"taxonomy":"product_tag","embeddable":true,"href":"https:\/\/bigbuy.tupique.com\/en\/wp-json\/wp\/v2\/product_tag?post=148571"}],"curies":[{"name":"wp","href":"https:\/\/api.w.org\/{rel}","templated":true}]}}