{"id":148489,"date":"2026-04-08T18:08:38","date_gmt":"2026-04-08T17:08:38","guid":{"rendered":"https:\/\/bigbuy.tupique.com\/produto\/dishwasher-cata-lvi62012-white-60-cm\/"},"modified":"2026-04-15T08:50:42","modified_gmt":"2026-04-15T07:50:42","slug":"dishwasher-cata-lvi62012-white-60-cm","status":"publish","type":"product","link":"https:\/\/bigbuy.tupique.com\/en\/produto\/dishwasher-cata-lvi62012-white-60-cm\/","title":{"rendered":"Lave-vaisselle Cata LVI62012 Blanc 60 cm"},"content":{"rendered":"<p>Si vous \u00eates \u00e0 la recherche de nouvelles tendances sur le march\u00e9, nous vous pr\u00e9sentons <b>Lave-vaisselle Cata LVI62012 Blanc 60 cm<\/b> !<\/p>\n<ul>\n<li>Produit \u00e0 brancher: Oui<\/li>\n<li>Type: Lave-vaisselle<\/li>\n<li>Type de prise: Prise EU<\/li>\n<li>Bloc d\u2019Alimentation: r\u00e9seau \u00e9lectrique<\/li>\n<li>Couleur: Blanc<\/li>\n<li>Largeur: 60 cm<\/li>\n<li>Type d&#8217;installation: Int\u00e9grable<\/li>\n<li>Capacit\u00e9 (Nb de couverts): 14<\/li>\n<li>Classification \u00e9nerg\u00e9tique: E<\/li>\n<li>Programmes: 5<\/li>\n<li>Capacit\u00e9: 11 L<\/li>\n<\/ul>","protected":false},"excerpt":{"rendered":"<p><span class=\"unit-info\">56.5445 &euro; \/ 1 l<\/span><\/p>","protected":false},"featured_media":148487,"comment_status":"open","ping_status":"closed","template":"","meta":[],"product_brand":[155],"product_cat":[393,60,77],"product_tag":[],"class_list":{"0":"post-148489","1":"product","2":"type-product","3":"status-publish","4":"has-post-thumbnail","6":"product_brand-brandp_1208","7":"product_cat-autres-appareils-de-cuisines","8":"product_cat-cuisine-gourmet","9":"product_cat-petit-electromenager","11":"first","12":"instock","13":"taxable","14":"shipping-taxable","15":"purchasable","16":"product-type-simple"},"_links":{"self":[{"href":"https:\/\/bigbuy.tupique.com\/en\/wp-json\/wp\/v2\/product\/148489","targetHints":{"allow":["GET"]}}],"collection":[{"href":"https:\/\/bigbuy.tupique.com\/en\/wp-json\/wp\/v2\/product"}],"about":[{"href":"https:\/\/bigbuy.tupique.com\/en\/wp-json\/wp\/v2\/types\/product"}],"replies":[{"embeddable":true,"href":"https:\/\/bigbuy.tupique.com\/en\/wp-json\/wp\/v2\/comments?post=148489"}],"wp:featuredmedia":[{"embeddable":true,"href":"https:\/\/bigbuy.tupique.com\/en\/wp-json\/wp\/v2\/media\/148487"}],"wp:attachment":[{"href":"https:\/\/bigbuy.tupique.com\/en\/wp-json\/wp\/v2\/media?parent=148489"}],"wp:term":[{"taxonomy":"product_brand","embeddable":true,"href":"https:\/\/bigbuy.tupique.com\/en\/wp-json\/wp\/v2\/product_brand?post=148489"},{"taxonomy":"product_cat","embeddable":true,"href":"https:\/\/bigbuy.tupique.com\/en\/wp-json\/wp\/v2\/product_cat?post=148489"},{"taxonomy":"product_tag","embeddable":true,"href":"https:\/\/bigbuy.tupique.com\/en\/wp-json\/wp\/v2\/product_tag?post=148489"}],"curies":[{"name":"wp","href":"https:\/\/api.w.org\/{rel}","templated":true}]}}