{"id":148349,"date":"2026-04-08T18:02:59","date_gmt":"2026-04-08T17:02:59","guid":{"rendered":"https:\/\/bigbuy.tupique.com\/produto\/ticket-printer-epson-c31cj57112\/"},"modified":"2026-04-15T12:59:30","modified_gmt":"2026-04-15T11:59:30","slug":"ticket-printer-epson-c31cj57112","status":"publish","type":"product","link":"https:\/\/bigbuy.tupique.com\/en\/produto\/ticket-printer-epson-c31cj57112\/","title":{"rendered":"Imprimante \u00e0 Billets Epson C31CJ57112"},"content":{"rendered":"<p>Si vous \u00eates passionn\u00e9 d&#8217;<b>informatique et d&#8217;\u00e9lectronique<\/b>, si vous \u00eates \u00e0 la pointe de la technologie et qu&#8217;aucun d\u00e9tail ne vous \u00e9chappe, achetez <b>Imprimante \u00e0 Billets Epson C31CJ57112<\/b> au meilleur prix.<\/p>\n<p>L\u2019<b>imprimante de tickets<\/b> Epson <b>C31CJ57112<\/b> est con\u00e7ue pour les points de vente qui ont besoin d\u2019un \u00e9quipement polyvalent et fiable, combinant les technologies <b>jet d\u2019encre<\/b> et <b>impression thermique<\/b> dans un seul dispositif <b>TPV tout-en-un<\/b>. Sa double technologie permet d\u2019imprimer aussi bien avec <b>encre multicolore<\/b> qu\u2019en mode thermique, en s\u2019adaptant \u00e0 diff\u00e9rents types de tickets, re\u00e7us et documents de comptoir, avec une vitesse allant jusqu\u2019\u00e0 <b>10 ppm<\/b>, adapt\u00e9e aux flux de travail continus. Elle offre une r\u00e9solution de <b>180 x 180 dpi<\/b>, suffisante pour obtenir des textes lisibles, des logos d\u2019entreprise et des codes-barres nets sur les tickets du quotidien. Son ch\u00e2ssis en <b>plastique<\/b> de couleur <b>noire<\/b> est pens\u00e9 pour s\u2019int\u00e9grer discr\u00e8tement dans les comptoirs et zones de caisse, avec des options de <b>montage mural<\/b> pour gagner de la place et optimiser l\u2019organisation du poste de travail. La connectivit\u00e9 est l\u2019un de ses points forts, gr\u00e2ce \u00e0 l\u2019int\u00e9gration de <b>USB<\/b>, <b>Ethernet LAN<\/b> pour l\u2019int\u00e9gration en r\u00e9seau et <b>NFC<\/b> pour un appairage rapide avec les appareils compatibles, ce qui facilite son usage dans les commerces, l\u2019h\u00f4tellerie ou les services. Elle fonctionne avec une <b>alimentation secteur 24 V<\/b> et inclut une <b>prise UE<\/b>, garantissant la compatibilit\u00e9 avec les installations standard, tandis que la plage de fonctionnement de <b>10 % \u00e0 90 % d\u2019humidit\u00e9<\/b> la rend adapt\u00e9e \u00e0 divers environnements commerciaux. La conformit\u00e9 \u00e0 la certification <b>CE<\/b> apporte des garanties de s\u00e9curit\u00e9 et de conformit\u00e9 r\u00e9glementaire sur le march\u00e9 europ\u00e9en. Globalement, cette imprimante de tickets Epson C31CJ57112 se pr\u00e9sente comme une solution compacte et adaptable pour les syst\u00e8mes TPV en qu\u00eate d\u2019une impression fiable, d\u2019une connectivit\u00e9 flexible et d\u2019un usage intensif au quotidien.<\/p>\n<ul>\n<li>Type:\n<ul>\n<li>Sans fil<\/li>\n<li>Imprimante \u00e0 Billets<\/li>\n<li>Tout en un<\/li>\n<li>TPV<\/li>\n<\/ul>\n<\/li>\n<li>Caract\u00e9ristiques:\n<ul>\n<li>Temp\u00e9rature<\/li>\n<li>Capteurs<\/li>\n<li>Montage mural<\/li>\n<\/ul>\n<\/li>\n<li>Connectivit\u00e9:\n<ul>\n<li>Ethernet<\/li>\n<li>Ethernet LAN<\/li>\n<li>NFC<\/li>\n<\/ul>\n<\/li>\n<li>R\u00e9solution d&#8217;image maximale: 180 x 180 dpi<\/li>\n<li>Impression couleur: Non<\/li>\n<li>Bloc d\u2019Alimentation: r\u00e9seau \u00e9lectrique<\/li>\n<li>Connexions:\n<ul>\n<li>RS-232<\/li>\n<li>Ethernet LAN<\/li>\n<li>USB<\/li>\n<\/ul>\n<\/li>\n<li>Type de prise: Prise EU<\/li>\n<li>Poids: 1,7 kg<\/li>\n<li>Largeur: 145 mm<\/li>\n<li>Produit \u00e0 brancher: Oui<\/li>\n<li>vitesse:\n<ul>\n<li>500 MM\/S<\/li>\n<li>10 ppm<\/li>\n<\/ul>\n<\/li>\n<li>Couleur:\n<ul>\n<li>Noir<\/li>\n<li>Multicouleur<\/li>\n<\/ul>\n<\/li>\n<li>Mati\u00e8re: Plastique<\/li>\n<li>Tension: 24 V<\/li>\n<li>Technologie:\n<ul>\n<li>Injection d&#8217;encre<\/li>\n<li>Thermique<\/li>\n<\/ul>\n<\/li>\n<li>R\u00e9solution: 180 x 180 dpi<\/li>\n<li>Certificat: CE<\/li>\n<li>Plage d&#8217;humidit\u00e9 de travail: 10 % &#8211; 90 %<\/li>\n<\/ul>","protected":false},"excerpt":{"rendered":"<p>Si vous \u00eates passionn\u00e9 d&#8217;informatique et d&#8217;\u00e9lectronique, si vous \u00eates \u00e0 la pointe de la technologie et qu&#8217;aucun d\u00e9tail ne vous \u00e9chappe, achetez Imprimante \u00e0 Billets Epson C31CJ57112 au meilleur prix. L\u2019imprimante de tickets Epson C31CJ57112 est con\u00e7ue pour les points de vente qui ont besoin d\u2019un \u00e9quipement polyvalent et fiable, combinant les technologies jet [&hellip;]<\/p>\n","protected":false},"featured_media":148303,"comment_status":"open","ping_status":"closed","template":"","meta":[],"product_brand":[632],"product_cat":[592,65,581],"product_tag":[210],"class_list":{"0":"post-148349","1":"product","2":"type-product","3":"status-publish","4":"has-post-thumbnail","6":"product_brand-brandp_547","7":"product_cat-imprimantes","8":"product_cat-informatique-electronique","9":"product_cat-informatique-peripheriques-et-consommables","10":"product_tag-tag_25","12":"first","13":"instock","14":"taxable","15":"shipping-taxable","16":"purchasable","17":"product-type-simple"},"_links":{"self":[{"href":"https:\/\/bigbuy.tupique.com\/en\/wp-json\/wp\/v2\/product\/148349","targetHints":{"allow":["GET"]}}],"collection":[{"href":"https:\/\/bigbuy.tupique.com\/en\/wp-json\/wp\/v2\/product"}],"about":[{"href":"https:\/\/bigbuy.tupique.com\/en\/wp-json\/wp\/v2\/types\/product"}],"replies":[{"embeddable":true,"href":"https:\/\/bigbuy.tupique.com\/en\/wp-json\/wp\/v2\/comments?post=148349"}],"wp:featuredmedia":[{"embeddable":true,"href":"https:\/\/bigbuy.tupique.com\/en\/wp-json\/wp\/v2\/media\/148303"}],"wp:attachment":[{"href":"https:\/\/bigbuy.tupique.com\/en\/wp-json\/wp\/v2\/media?parent=148349"}],"wp:term":[{"taxonomy":"product_brand","embeddable":true,"href":"https:\/\/bigbuy.tupique.com\/en\/wp-json\/wp\/v2\/product_brand?post=148349"},{"taxonomy":"product_cat","embeddable":true,"href":"https:\/\/bigbuy.tupique.com\/en\/wp-json\/wp\/v2\/product_cat?post=148349"},{"taxonomy":"product_tag","embeddable":true,"href":"https:\/\/bigbuy.tupique.com\/en\/wp-json\/wp\/v2\/product_tag?post=148349"}],"curies":[{"name":"wp","href":"https:\/\/api.w.org\/{rel}","templated":true}]}}