{"id":14833,"date":"2026-03-29T12:22:51","date_gmt":"2026-03-29T11:22:51","guid":{"rendered":"https:\/\/bigbuy.tupique.com\/produto\/scanner-iris-459035-23ppm\/"},"modified":"2026-04-15T19:26:51","modified_gmt":"2026-04-15T18:26:51","slug":"scanner-iris-459035-23ppm","status":"publish","type":"product","link":"https:\/\/bigbuy.tupique.com\/en\/produto\/scanner-iris-459035-23ppm\/","title":{"rendered":"Scanner Iris 459035 23PPM"},"content":{"rendered":"<p>Si vous \u00eates passionn\u00e9 d&#8217;<b>informatique et d&#8217;\u00e9lectronique<\/b>, si vous \u00eates \u00e0 la pointe de la technologie et qu&#8217;aucun d\u00e9tail ne vous \u00e9chappe, achetez <b>Scanner Iris 459035 23PPM<\/b> au meilleur prix.<\/p>\n<p>Le <b>IRIScan Pro 5<\/b> d\u2019Iris est un <b>scanner<\/b> multifonction con\u00e7u pour offrir une solution compl\u00e8te et efficace de num\u00e9risation de documents. Il se distingue par sa capacit\u00e9 de num\u00e9risation recto verso en couleur gr\u00e2ce \u00e0 la technologie CIS, avec une <b>r\u00e9solution optique de 600 x 600 DPI<\/b> garantissant des images nettes et de haute qualit\u00e9. Il dispose d\u2019un chargeur automatique de documents (ADF) pouvant contenir <b>20 feuilles<\/b>, supportant un <b>grammage de 27 \u00e0 413 g\/m\u00b2<\/b>, incluant des formats vari\u00e9s allant du A4 aux cartes de visite, enveloppes et cartes plastiques telles que badges ou cartes bancaires, ce qui en fait un outil polyvalent pour les petites entreprises et les professionnels. Sa vitesse de num\u00e9risation atteint <b>23 pages par minute<\/b> pour les documents et jusqu\u2019\u00e0 <b>40 cartes de visite par minute<\/b> gr\u00e2ce \u00e0 sa fonction ultrasonique, optimisant le temps de travail dans la gestion documentaire quotidienne. Il offre \u00e9galement une connectivit\u00e9 via <b>USB 2.0<\/b> et <b>Bluetooth<\/b>, facilitant son int\u00e9gration dans les environnements Windows et Mac OS, ainsi qu\u2019avec des applications compatibles TWAIN et WIA. Le scanner inclut un ensemble avanc\u00e9 de logiciels qui renforcent ses fonctionnalit\u00e9s : l\u2019OCR Readiris Corporate permet la conversion rapide de documents physiques en fichiers num\u00e9riques \u00e9ditables et compress\u00e9s avec la technologie iHQC, facilitant la cr\u00e9ation, l\u2019\u00e9dition et l\u2019envoi direct vers des services cloud comme SharePoint, Google Drive, Evernote, Box, Skydrive et Dropbox. Il int\u00e8gre aussi Cardiris Corporate, qui automatise la num\u00e9risation et la gestion des cartes de visite en les transformant en contacts \u00e9lectroniques li\u00e9s \u00e0 des gestionnaires tels qu\u2019Outlook, Act! ou des services cloud comme Google Contacts et Salesforce. Sa structure robuste et compacte, de couleur noire, est con\u00e7ue pour un usage intensif avec un cycle quotidien maximal de <b>1000 pages<\/b>, adapt\u00e9 aux bureaux \u00e0 forte demande. Les formats de sortie compatibles incluent BMP, DOC, PDF, JPG, TIFF, entre autres, offrant une flexibilit\u00e9 pour divers besoins d\u2019archivage. En r\u00e9sum\u00e9, l\u2019IRIScan Pro 5 est une solution professionnelle id\u00e9ale pour num\u00e9riser, organiser et g\u00e9rer rapidement et pr\u00e9cis\u00e9ment documents et cartes, optimisant les processus administratifs et r\u00e9duisant la d\u00e9pendance au papier en milieu professionnel.<\/p>\n<ul>\n<li>Type: Scanner<\/li>\n<li>Produit \u00e0 brancher: Oui<\/li>\n<li>Type de prise: Prise EU<\/li>\n<li>vitesse: 23 ppm<\/li>\n<li>Bloc d\u2019Alimentation:\n<ul>\n<li>r\u00e9seau \u00e9lectrique<\/li>\n<li>CA<\/li>\n<\/ul>\n<\/li>\n<li>Couleur: Noir<\/li>\n<li>Taille: A4<\/li>\n<li>Caract\u00e9ristiques:\n<ul>\n<li>\u00c9cran integr\u00e9<\/li>\n<li>Scanner Double Face<\/li>\n<\/ul>\n<\/li>\n<li>Connexions:\n<ul>\n<li>USB 2.0<\/li>\n<li>USB<\/li>\n<\/ul>\n<\/li>\n<li>R\u00e9solution d&#8217;image maximale: 600 x 600 dpi<\/li>\n<li>Capteur: CIS<\/li>\n<li>Tension d&#8217;entr\u00e9e AC: 100 &#8211; 240 V<\/li>\n<li>Compatible:\n<ul>\n<li>TWAIN,WIA<\/li>\n<li>Windows<\/li>\n<li>Mac OS<\/li>\n<\/ul>\n<\/li>\n<li>Connectivit\u00e9: Bluetooth<\/li>\n<li>Scanner: 600 x 600 dpi<\/li>\n<li>Capacit\u00e9: 20 Volets<\/li>\n<li>Fr\u00e9quence: 50 &#8211; 60 Hz<\/li>\n<li>Inclut: C\u00e2ble USB<\/li>\n<li>Papier: A4<\/li>\n<li>Tension: 100 &#8211; 240 V<\/li>\n<li>Syst\u00e8me d&#8217;exploitation: Windows 10 Pro<\/li>\n<li>puissance: 24 W<\/li>\n<li>Poids: 200 g<\/li>\n<li>Non Inclus: Adaptateur AC<\/li>\n<li>Certificat: Certification ENERGY STAR<\/li>\n<\/ul>","protected":false},"excerpt":{"rendered":"<p>Si vous \u00eates passionn\u00e9 d&#8217;informatique et d&#8217;\u00e9lectronique, si vous \u00eates \u00e0 la pointe de la technologie et qu&#8217;aucun d\u00e9tail ne vous \u00e9chappe, achetez Scanner Iris 459035 23PPM au meilleur prix. Le IRIScan Pro 5 d\u2019Iris est un scanner multifonction con\u00e7u pour offrir une solution compl\u00e8te et efficace de num\u00e9risation de documents. Il se distingue par [&hellip;]<\/p>\n","protected":false},"featured_media":14830,"comment_status":"open","ping_status":"closed","template":"","meta":[],"product_brand":[665],"product_cat":[65,581,587],"product_tag":[213,106],"class_list":{"0":"post-14833","1":"product","2":"type-product","3":"status-publish","4":"has-post-thumbnail","6":"product_brand-brandp_1713","7":"product_cat-informatique-electronique","8":"product_cat-informatique-peripheriques-et-consommables","9":"product_cat-scanners","10":"product_tag-tag_933","11":"product_tag-tag_1295","13":"first","14":"instock","15":"taxable","16":"shipping-taxable","17":"purchasable","18":"product-type-simple"},"_links":{"self":[{"href":"https:\/\/bigbuy.tupique.com\/en\/wp-json\/wp\/v2\/product\/14833","targetHints":{"allow":["GET"]}}],"collection":[{"href":"https:\/\/bigbuy.tupique.com\/en\/wp-json\/wp\/v2\/product"}],"about":[{"href":"https:\/\/bigbuy.tupique.com\/en\/wp-json\/wp\/v2\/types\/product"}],"replies":[{"embeddable":true,"href":"https:\/\/bigbuy.tupique.com\/en\/wp-json\/wp\/v2\/comments?post=14833"}],"wp:featuredmedia":[{"embeddable":true,"href":"https:\/\/bigbuy.tupique.com\/en\/wp-json\/wp\/v2\/media\/14830"}],"wp:attachment":[{"href":"https:\/\/bigbuy.tupique.com\/en\/wp-json\/wp\/v2\/media?parent=14833"}],"wp:term":[{"taxonomy":"product_brand","embeddable":true,"href":"https:\/\/bigbuy.tupique.com\/en\/wp-json\/wp\/v2\/product_brand?post=14833"},{"taxonomy":"product_cat","embeddable":true,"href":"https:\/\/bigbuy.tupique.com\/en\/wp-json\/wp\/v2\/product_cat?post=14833"},{"taxonomy":"product_tag","embeddable":true,"href":"https:\/\/bigbuy.tupique.com\/en\/wp-json\/wp\/v2\/product_tag?post=14833"}],"curies":[{"name":"wp","href":"https:\/\/api.w.org\/{rel}","templated":true}]}}