{"id":14800,"date":"2026-03-29T12:22:09","date_gmt":"2026-03-29T11:22:09","guid":{"rendered":"https:\/\/bigbuy.tupique.com\/produto\/videowall-monitor-benq-pd3420q-quad-hd-34-60-hz-34\/"},"modified":"2026-04-15T00:11:58","modified_gmt":"2026-04-14T23:11:58","slug":"videowall-monitor-benq-pd3420q-quad-hd-34-60-hz-34","status":"publish","type":"product","link":"https:\/\/bigbuy.tupique.com\/en\/produto\/videowall-monitor-benq-pd3420q-quad-hd-34-60-hz-34\/","title":{"rendered":"Moniteur Videowall BenQ PD3420Q Quad HD 34&#8243; 60 Hz 34&#8243;"},"content":{"rendered":"<p>Si vous \u00eates passionn\u00e9 d&#8217;<b>informatique et d&#8217;\u00e9lectronique<\/b>, si vous \u00eates \u00e0 la pointe de la technologie et qu&#8217;aucun d\u00e9tail ne vous \u00e9chappe, achetez <b>Moniteur Videowall BenQ PD3420Q Quad HD 34&#8243; 60 Hz 34&#8243;<\/b> au meilleur prix.<\/p>\n<ul>\n<li>Classification \u00e9nerg\u00e9tique: G<\/li>\n<li>Type:\n<ul>\n<li>Ecran<\/li>\n<li>Moniteur Videowall<\/li>\n<\/ul>\n<\/li>\n<li>Produit \u00e0 brancher: Oui<\/li>\n<li>Type de prise: Prise EU<\/li>\n<li>R\u00e9solution (px): 3440 x 1440 px<\/li>\n<li>Densit\u00e9 des pixels (dpi): 109 dpi<\/li>\n<li>Connexions:\n<ul>\n<li>USB-C<\/li>\n<li>DisplayPort 1.4<\/li>\n<li>HDMI<\/li>\n<li>HDMI 2.0<\/li>\n<li>USB<\/li>\n<li>2 x HDMI<\/li>\n<li>HDCP<\/li>\n<li>USB A x 3<\/li>\n<li>DisplayPort x 1<\/li>\n<li>HDMI x 2<\/li>\n<li>USB x 3<\/li>\n<\/ul>\n<\/li>\n<li>Diagonale de l&#8217;\u00e9cran (cm): 86,4 cm<\/li>\n<li>Caract\u00e9ristiques:\n<ul>\n<li>\u00c9cran plat<\/li>\n<li>Plaque Tournante<\/li>\n<li>Mat<\/li>\n<li>R\u00e9glable<\/li>\n<li>Inclinable<\/li>\n<li>Haut-parleurs int\u00e9gr\u00e9s<\/li>\n<\/ul>\n<\/li>\n<li>Bloc d\u2019Alimentation:\n<ul>\n<li>r\u00e9seau \u00e9lectrique<\/li>\n<li>Courant alternatif<\/li>\n<\/ul>\n<\/li>\n<li>Couleur: Gris<\/li>\n<li>Temps de r\u00e9ponse: 5 ms<\/li>\n<li>Compatible: VESA 100 x 100 mm<\/li>\n<li>Brille: 400 cd\/m\u00b2<\/li>\n<li>Tension:\n<ul>\n<li>100-240 V<\/li>\n<li>240 V<\/li>\n<li>100 &#8211; 240 V<\/li>\n<\/ul>\n<\/li>\n<li>Ecran: 34&#8243;<\/li>\n<li>R\u00e9solution: Quad HD<\/li>\n<li>Rapport d&#8217;aspect: 21:9<\/li>\n<li>Technologie:\n<ul>\n<li>LED<\/li>\n<li>IPS<\/li>\n<li>Flicker free<\/li>\n<\/ul>\n<\/li>\n<li>Fr\u00e9quence: 60 Hz<\/li>\n<li>Connectivit\u00e9: Bluetooth<\/li>\n<li>Rapport de contraste: 1000:1<\/li>\n<li>Inclut: Sortie d&#8217;\u00e9couteurs<\/li>\n<li>Type d&#8217;installation: Montage mural<\/li>\n<li>Angle: 178\u00ba<\/li>\n<li>Inclinaison: -5\u00ba \/ 20\u00ba<\/li>\n<li>Non Inclus: AMD FreeSync<\/li>\n<li>Montage: VESA<\/li>\n<li>Utilisation recommand\u00e9e: Design graphique<\/li>\n<li>Couverture: 100% sRGB<\/li>\n<\/ul>","protected":false},"excerpt":{"rendered":"<p>Si vous \u00eates passionn\u00e9 d&#8217;informatique et d&#8217;\u00e9lectronique, si vous \u00eates \u00e0 la pointe de la technologie et qu&#8217;aucun d\u00e9tail ne vous \u00e9chappe, achetez Moniteur Videowall BenQ PD3420Q Quad HD 34&#8243; 60 Hz 34&#8243; au meilleur prix. Classification \u00e9nerg\u00e9tique: G Type: Ecran Moniteur Videowall Produit \u00e0 brancher: Oui Type de prise: Prise EU R\u00e9solution (px): 3440 [&hellip;]<\/p>\n","protected":false},"featured_media":14796,"comment_status":"open","ping_status":"closed","template":"","meta":[],"product_brand":[664],"product_cat":[65,581,616],"product_tag":[213,106],"class_list":{"0":"post-14800","1":"product","2":"type-product","3":"status-publish","4":"has-post-thumbnail","6":"product_brand-brandp_537","7":"product_cat-informatique-electronique","8":"product_cat-informatique-peripheriques-et-consommables","9":"product_cat-moniteurs","10":"product_tag-tag_933","11":"product_tag-tag_1295","13":"first","14":"instock","15":"taxable","16":"shipping-taxable","17":"purchasable","18":"product-type-simple"},"_links":{"self":[{"href":"https:\/\/bigbuy.tupique.com\/en\/wp-json\/wp\/v2\/product\/14800","targetHints":{"allow":["GET"]}}],"collection":[{"href":"https:\/\/bigbuy.tupique.com\/en\/wp-json\/wp\/v2\/product"}],"about":[{"href":"https:\/\/bigbuy.tupique.com\/en\/wp-json\/wp\/v2\/types\/product"}],"replies":[{"embeddable":true,"href":"https:\/\/bigbuy.tupique.com\/en\/wp-json\/wp\/v2\/comments?post=14800"}],"wp:featuredmedia":[{"embeddable":true,"href":"https:\/\/bigbuy.tupique.com\/en\/wp-json\/wp\/v2\/media\/14796"}],"wp:attachment":[{"href":"https:\/\/bigbuy.tupique.com\/en\/wp-json\/wp\/v2\/media?parent=14800"}],"wp:term":[{"taxonomy":"product_brand","embeddable":true,"href":"https:\/\/bigbuy.tupique.com\/en\/wp-json\/wp\/v2\/product_brand?post=14800"},{"taxonomy":"product_cat","embeddable":true,"href":"https:\/\/bigbuy.tupique.com\/en\/wp-json\/wp\/v2\/product_cat?post=14800"},{"taxonomy":"product_tag","embeddable":true,"href":"https:\/\/bigbuy.tupique.com\/en\/wp-json\/wp\/v2\/product_tag?post=14800"}],"curies":[{"name":"wp","href":"https:\/\/api.w.org\/{rel}","templated":true}]}}