{"id":14729,"date":"2026-03-29T12:20:29","date_gmt":"2026-03-29T11:20:29","guid":{"rendered":"https:\/\/bigbuy.tupique.com\/produto\/tv-mount-neomounts-fpma-d700d4-10-30-8-kg-30\/"},"modified":"2026-05-11T19:58:38","modified_gmt":"2026-05-11T17:58:38","slug":"tv-mount-neomounts-fpma-d700d4-10-30-8-kg-30","status":"publish","type":"product","link":"https:\/\/bigbuy.tupique.com\/en\/produto\/tv-mount-neomounts-fpma-d700d4-10-30-8-kg-30\/","title":{"rendered":"Support de TV Neomounts FPMA-D700D4 10-30&#8243; 8 kg 30&#8243;"},"content":{"rendered":"<p>Si vous \u00eates passionn\u00e9 d&#8217;<b>informatique et d&#8217;\u00e9lectronique<\/b>, si vous \u00eates \u00e0 la pointe de la technologie et qu&#8217;aucun d\u00e9tail ne vous \u00e9chappe, achetez <b>Support de TV Neomounts FPMA-D700D4 10-30&#8243; 8 kg 30&#8243;<\/b> au meilleur prix.<\/p>\n<p>Le <b>support TV Neomounts FPMA-D700D4<\/b> est une solution ergonomique et polyvalente con\u00e7ue pour monter et organiser jusqu\u2019\u00e0 <b>quatre \u00e9crans LCD, LED ou TFT<\/b> d\u2019une taille comprise entre <b>19&#8243; et 30&#8243;<\/b> (soit 48,3 cm \u00e0 76,2 cm). Ce support permet d\u2019ajuster la visualisation gr\u00e2ce \u00e0 sa capacit\u00e9 de <b>rotation, inclinaison et pivotement des \u00e9crans<\/b>, offrant un angle d\u2019inclinaison jusqu\u2019\u00e0 <b>180 degr\u00e9s<\/b> et un r\u00e9glage de hauteur jusqu\u2019\u00e0 <b>67 cm<\/b>, facilitant ainsi l\u2019adaptation de la position des \u00e9crans pour am\u00e9liorer la posture et r\u00e9duire les tensions au niveau du cou et du dos. Chaque bras supporte jusqu\u2019\u00e0 <b>8 kg<\/b>, garantissant une fixation s\u00fbre et stable pour la plupart des moniteurs dans cette gamme. Le montage s\u2019effectue par une <b>pince de bureau (deskclamp)<\/b>, \u00e9vitant de percer le bureau et assurant une installation simple et solide. De plus, il est compatible avec les \u00e9crans respectant les normes <b>VESA 75&#215;75 mm et 100&#215;100 mm<\/b>, ou avec des motifs de trous de <b>7,5&#215;7,5 cm et 10&#215;10 cm<\/b>, couvrant ainsi les configurations d\u2019ancrage les plus courantes. Sa finition en <b>noir<\/b> apporte discr\u00e9tion et une esth\u00e9tique professionnelle, id\u00e9ale pour les environnements de bureau, comptoirs ou accueils n\u00e9cessitant une pr\u00e9sentation ordonn\u00e9e et fonctionnelle de plusieurs \u00e9crans. Ce mod\u00e8le, fabriqu\u00e9 par Neomounts, se positionne comme une solution robuste et adaptable pour am\u00e9liorer la productivit\u00e9 et l\u2019ergonomie dans les espaces de travail g\u00e9rant plusieurs \u00e9crans simultan\u00e9ment. En r\u00e9sum\u00e9, le FPMA-D700D4 est un bras de moniteur fiable et r\u00e9glable qui optimise l\u2019installation d\u2019\u00e9crans moyens dans les bureaux modernes.<\/p>\n<ul>\n<li>Type: Support de TV<\/li>\n<li>Inclut: Vis<\/li>\n<li>Couleur: Noir<\/li>\n<li>Largeur: 830 mm<\/li>\n<li>Caract\u00e9ristiques: Hauteur r\u00e9glable<\/li>\n<li>Type d&#8217;installation: Bureau<\/li>\n<li>Ecran:\n<ul>\n<li>19&#8243;<\/li>\n<li>30&#8243;<\/li>\n<\/ul>\n<\/li>\n<li>VESA:\n<ul>\n<li>10 x 10 cm<\/li>\n<li>7,5 x 7,5 cm<\/li>\n<\/ul>\n<\/li>\n<li>Mati\u00e8re: Acier<\/li>\n<li>Poids Max. support\u00e9: 8 kg<\/li>\n<\/ul>","protected":false},"excerpt":{"rendered":"<p>Si vous \u00eates passionn\u00e9 d&#8217;informatique et d&#8217;\u00e9lectronique, si vous \u00eates \u00e0 la pointe de la technologie et qu&#8217;aucun d\u00e9tail ne vous \u00e9chappe, achetez Support de TV Neomounts FPMA-D700D4 10-30&#8243; 8 kg 30&#8243; au meilleur prix. Le support TV Neomounts FPMA-D700D4 est une solution ergonomique et polyvalente con\u00e7ue pour monter et organiser jusqu\u2019\u00e0 quatre \u00e9crans LCD, [&hellip;]<\/p>\n","protected":false},"featured_media":14728,"comment_status":"open","ping_status":"closed","template":"","meta":[],"product_brand":[639],"product_cat":[589,65,590],"product_tag":[210],"class_list":{"0":"post-14729","1":"product","2":"type-product","3":"status-publish","4":"has-post-thumbnail","6":"product_brand-brandp_4772","7":"product_cat-electronique-television","8":"product_cat-informatique-electronique","9":"product_cat-supports-de-television","10":"product_tag-tag_25","12":"first","13":"instock","14":"taxable","15":"shipping-taxable","16":"purchasable","17":"product-type-simple"},"_links":{"self":[{"href":"https:\/\/bigbuy.tupique.com\/en\/wp-json\/wp\/v2\/product\/14729","targetHints":{"allow":["GET"]}}],"collection":[{"href":"https:\/\/bigbuy.tupique.com\/en\/wp-json\/wp\/v2\/product"}],"about":[{"href":"https:\/\/bigbuy.tupique.com\/en\/wp-json\/wp\/v2\/types\/product"}],"replies":[{"embeddable":true,"href":"https:\/\/bigbuy.tupique.com\/en\/wp-json\/wp\/v2\/comments?post=14729"}],"wp:featuredmedia":[{"embeddable":true,"href":"https:\/\/bigbuy.tupique.com\/en\/wp-json\/wp\/v2\/media\/14728"}],"wp:attachment":[{"href":"https:\/\/bigbuy.tupique.com\/en\/wp-json\/wp\/v2\/media?parent=14729"}],"wp:term":[{"taxonomy":"product_brand","embeddable":true,"href":"https:\/\/bigbuy.tupique.com\/en\/wp-json\/wp\/v2\/product_brand?post=14729"},{"taxonomy":"product_cat","embeddable":true,"href":"https:\/\/bigbuy.tupique.com\/en\/wp-json\/wp\/v2\/product_cat?post=14729"},{"taxonomy":"product_tag","embeddable":true,"href":"https:\/\/bigbuy.tupique.com\/en\/wp-json\/wp\/v2\/product_tag?post=14729"}],"curies":[{"name":"wp","href":"https:\/\/api.w.org\/{rel}","templated":true}]}}