{"id":14727,"date":"2026-03-29T12:20:27","date_gmt":"2026-03-29T11:20:27","guid":{"rendered":"https:\/\/bigbuy.tupique.com\/produto\/uninterruptible-power-supply-system-interactive-ups-eaton-5px1500irt2ug2-1500-w\/"},"modified":"2026-04-15T00:11:52","modified_gmt":"2026-04-14T23:11:52","slug":"uninterruptible-power-supply-system-interactive-ups-eaton-5px1500irt2ug2-1500-w","status":"publish","type":"product","link":"https:\/\/bigbuy.tupique.com\/en\/produto\/uninterruptible-power-supply-system-interactive-ups-eaton-5px1500irt2ug2-1500-w\/","title":{"rendered":"Syst\u00e8me d&#8217;Alimentation Sans Interruption Interactif Eaton 5PX1500IRT2UG2 1500 W"},"content":{"rendered":"<p>Si vous \u00eates passionn\u00e9 d&#8217;<b>informatique et d&#8217;\u00e9lectronique<\/b>, si vous \u00eates \u00e0 la pointe de la technologie et qu&#8217;aucun d\u00e9tail ne vous \u00e9chappe, achetez <b>Syst\u00e8me d&#8217;Alimentation Sans Interruption Interactif Eaton 5PX1500IRT2UG2 1500 W<\/b> au meilleur prix.<\/p>\n<p>Le <b>Eaton 5PX1500IRT2UG2<\/b> est un <b>onduleur interactif<\/b> con\u00e7u pour offrir une protection fiable et une alimentation stable aux \u00e9quipements sensibles et critiques. Avec une <b>puissance de sortie de 1500 W (1,5 kVA)<\/b> et une technologie de topologie <b>ligne interactive<\/b>, cet appareil g\u00e8re les variations de tension et les coupures br\u00e8ves, garantissant la continuit\u00e9 op\u00e9rationnelle dans les environnements professionnels et de petite taille. Il pr\u00e9sente un <b>facteur de forme flexible<\/b> permettant le <b>montage en tour ou en rack (2U)<\/b>, s\u2019adaptant \u00e0 diverses infrastructures techniques. Il est \u00e9quip\u00e9 d\u2019un <b>\u00e9cran LCD<\/b> facilitant la surveillance en temps r\u00e9el des param\u00e8tres essentiels tels que la charge, la batterie et l\u2019\u00e9tat du syst\u00e8me, am\u00e9liorant ainsi la gestion et le contr\u00f4le. Il dispose \u00e9galement de <b>huit sorties AC de type C13<\/b>, id\u00e9ales pour connecter plusieurs appareils, et d\u2019une entr\u00e9e C14. Sa <b>couleur noire<\/b> et son design \u00e9l\u00e9gant favorisent une int\u00e9gration esth\u00e9tique dans toute salle serveur ou centre de donn\u00e9es. L\u2019onduleur int\u00e8gre des fonctionnalit\u00e9s modernes comme un port USB, compatible avec les syst\u00e8mes de gestion et notifications d\u2019\u00e9nergie, ainsi que des options de <b>hot swap<\/b> permettant le remplacement des batteries sans interruption de l\u2019alimentation. Concernant les certifications, il respecte les normes internationales telles que <b>CE, IEC\/EN 62040-2, FCC B, CISPR22 B, CB (TUV), UL1778 et CSA22<\/b>, garantissant s\u00e9curit\u00e9 et qualit\u00e9 reconnues. Sa construction robuste et sa technologie avanc\u00e9e assurent une protection contre les perturbations \u00e9lectriques, prolongeant la dur\u00e9e de vie des \u00e9quipements connect\u00e9s et minimisant les risques op\u00e9rationnels. En r\u00e9sum\u00e9, le Eaton 5PX1500IRT2UG2 est une solution professionnelle \u00e9quilibr\u00e9e pour maintenir la stabilit\u00e9 \u00e9lectrique et la continuit\u00e9 des syst\u00e8mes informatiques et technologiques critiques.<\/p>\n<ul>\n<li>Produit \u00e0 brancher: Oui<\/li>\n<li>Type de prise: Prise EU<\/li>\n<li>Type:\n<ul>\n<li>Tour<\/li>\n<li>Syst\u00e8me d&#8217;Alimentation Sans Interruption Interactif<\/li>\n<li>C13<\/li>\n<\/ul>\n<\/li>\n<li>Unit\u00e9s: 2 Unit\u00e9s<\/li>\n<li>Technologie: LCD<\/li>\n<li>Bloc d\u2019Alimentation: r\u00e9seau \u00e9lectrique<\/li>\n<li>Couleur: Noir<\/li>\n<li>Largeur: 438 mm<\/li>\n<li>Connexions:\n<ul>\n<li>RS-232<\/li>\n<li>C14 x 1<\/li>\n<li>AC x 8<\/li>\n<li>USB<\/li>\n<li>C14<\/li>\n<\/ul>\n<\/li>\n<li>Niveau sonore: 40 dB<\/li>\n<li>Caract\u00e9ristiques:\n<ul>\n<li>\u00c9cran LCD<\/li>\n<li>Interactif<\/li>\n<li>T\u00e9moin de fonctionnement LED<\/li>\n<\/ul>\n<\/li>\n<li>Fonctions: Hot Swap<\/li>\n<li>puissance: 1500 W<\/li>\n<li>Tension: 230 V<\/li>\n<\/ul>","protected":false},"excerpt":{"rendered":"<p><span class=\"unit-info\">741.4950 &euro; \/ 1 unit<\/span><\/p>","protected":false},"featured_media":14726,"comment_status":"open","ping_status":"closed","template":"","meta":[],"product_brand":[652],"product_cat":[65,581,603],"product_tag":[106],"class_list":{"0":"post-14727","1":"product","2":"type-product","3":"status-publish","4":"has-post-thumbnail","6":"product_brand-brandp_4815","7":"product_cat-informatique-electronique","8":"product_cat-informatique-peripheriques-et-consommables","9":"product_cat-ups","10":"product_tag-tag_1295","12":"first","13":"instock","14":"taxable","15":"shipping-taxable","16":"purchasable","17":"product-type-simple"},"_links":{"self":[{"href":"https:\/\/bigbuy.tupique.com\/en\/wp-json\/wp\/v2\/product\/14727","targetHints":{"allow":["GET"]}}],"collection":[{"href":"https:\/\/bigbuy.tupique.com\/en\/wp-json\/wp\/v2\/product"}],"about":[{"href":"https:\/\/bigbuy.tupique.com\/en\/wp-json\/wp\/v2\/types\/product"}],"replies":[{"embeddable":true,"href":"https:\/\/bigbuy.tupique.com\/en\/wp-json\/wp\/v2\/comments?post=14727"}],"wp:featuredmedia":[{"embeddable":true,"href":"https:\/\/bigbuy.tupique.com\/en\/wp-json\/wp\/v2\/media\/14726"}],"wp:attachment":[{"href":"https:\/\/bigbuy.tupique.com\/en\/wp-json\/wp\/v2\/media?parent=14727"}],"wp:term":[{"taxonomy":"product_brand","embeddable":true,"href":"https:\/\/bigbuy.tupique.com\/en\/wp-json\/wp\/v2\/product_brand?post=14727"},{"taxonomy":"product_cat","embeddable":true,"href":"https:\/\/bigbuy.tupique.com\/en\/wp-json\/wp\/v2\/product_cat?post=14727"},{"taxonomy":"product_tag","embeddable":true,"href":"https:\/\/bigbuy.tupique.com\/en\/wp-json\/wp\/v2\/product_tag?post=14727"}],"curies":[{"name":"wp","href":"https:\/\/api.w.org\/{rel}","templated":true}]}}