{"id":14725,"date":"2026-03-29T12:20:25","date_gmt":"2026-03-29T11:20:25","guid":{"rendered":"https:\/\/bigbuy.tupique.com\/produto\/printer-input-tray-hp-l0h20a\/"},"modified":"2026-04-14T23:51:54","modified_gmt":"2026-04-14T22:51:54","slug":"printer-input-tray-hp-l0h20a","status":"publish","type":"product","link":"https:\/\/bigbuy.tupique.com\/en\/produto\/printer-input-tray-hp-l0h20a\/","title":{"rendered":"Bac \u00e0 Papier pour Imprimante HP L0H20A"},"content":{"rendered":"<p>Si vous \u00eates passionn\u00e9 d&#8217;<b>informatique et d&#8217;\u00e9lectronique<\/b>, si vous \u00eates \u00e0 la pointe de la technologie et qu&#8217;aucun d\u00e9tail ne vous \u00e9chappe, achetez <b>Bac \u00e0 Papier pour Imprimante HP L0H20A              <\/b> au meilleur prix.<\/p>\n<ul>\n<li>Compatible: HP<\/li>\n<li>Type: Bac \u00e0 Papier pour Imprimante<\/li>\n<li>Ann\u00e9e: 2017<\/li>\n<li>Tension: 240 V<\/li>\n<li>Largeur: 47,5 cm<\/li>\n<\/ul>","protected":false},"excerpt":{"rendered":"<p>Si vous \u00eates passionn\u00e9 d&#8217;informatique et d&#8217;\u00e9lectronique, si vous \u00eates \u00e0 la pointe de la technologie et qu&#8217;aucun d\u00e9tail ne vous \u00e9chappe, achetez Bac \u00e0 Papier pour Imprimante HP L0H20A au meilleur prix. Compatible: HP Type: Bac \u00e0 Papier pour Imprimante Ann\u00e9e: 2017 Tension: 240 V Largeur: 47,5 cm<\/p>","protected":false},"featured_media":14723,"comment_status":"open","ping_status":"closed","template":"","meta":[],"product_brand":[630],"product_cat":[592,65,581],"product_tag":[106],"class_list":{"0":"post-14725","1":"product","2":"type-product","3":"status-publish","4":"has-post-thumbnail","6":"product_brand-brandp_909","7":"product_cat-imprimantes","8":"product_cat-informatique-electronique","9":"product_cat-informatique-peripheriques-et-consommables","10":"product_tag-tag_1295","12":"first","13":"instock","14":"taxable","15":"shipping-taxable","16":"purchasable","17":"product-type-simple"},"_links":{"self":[{"href":"https:\/\/bigbuy.tupique.com\/en\/wp-json\/wp\/v2\/product\/14725","targetHints":{"allow":["GET"]}}],"collection":[{"href":"https:\/\/bigbuy.tupique.com\/en\/wp-json\/wp\/v2\/product"}],"about":[{"href":"https:\/\/bigbuy.tupique.com\/en\/wp-json\/wp\/v2\/types\/product"}],"replies":[{"embeddable":true,"href":"https:\/\/bigbuy.tupique.com\/en\/wp-json\/wp\/v2\/comments?post=14725"}],"wp:featuredmedia":[{"embeddable":true,"href":"https:\/\/bigbuy.tupique.com\/en\/wp-json\/wp\/v2\/media\/14723"}],"wp:attachment":[{"href":"https:\/\/bigbuy.tupique.com\/en\/wp-json\/wp\/v2\/media?parent=14725"}],"wp:term":[{"taxonomy":"product_brand","embeddable":true,"href":"https:\/\/bigbuy.tupique.com\/en\/wp-json\/wp\/v2\/product_brand?post=14725"},{"taxonomy":"product_cat","embeddable":true,"href":"https:\/\/bigbuy.tupique.com\/en\/wp-json\/wp\/v2\/product_cat?post=14725"},{"taxonomy":"product_tag","embeddable":true,"href":"https:\/\/bigbuy.tupique.com\/en\/wp-json\/wp\/v2\/product_tag?post=14725"}],"curies":[{"name":"wp","href":"https:\/\/api.w.org\/{rel}","templated":true}]}}