{"id":14667,"date":"2026-03-29T12:19:12","date_gmt":"2026-03-29T11:19:12","guid":{"rendered":"https:\/\/bigbuy.tupique.com\/produto\/switch-netgear-xsm4348cs-100nes\/"},"modified":"2026-04-14T23:51:45","modified_gmt":"2026-04-14T22:51:45","slug":"switch-netgear-xsm4348cs-100nes","status":"publish","type":"product","link":"https:\/\/bigbuy.tupique.com\/en\/produto\/switch-netgear-xsm4348cs-100nes\/","title":{"rendered":"Switch Netgear XSM4348CS-100NES"},"content":{"rendered":"<p>Si vous \u00eates passionn\u00e9 d&#8217;<b>informatique et d&#8217;\u00e9lectronique<\/b>, si vous \u00eates \u00e0 la pointe de la technologie et qu&#8217;aucun d\u00e9tail ne vous \u00e9chappe, achetez <b>Switch Netgear XSM4348CS-100NES<\/b> au meilleur prix.<\/p>\n<p>Le <b>Netgear XSM4348CS-100NES<\/b> est un <b>switch manageable<\/b> haute capacit\u00e9 con\u00e7u pour les environnements professionnels et les r\u00e9seaux d\u2019entreprise \u00e0 forte demande. Cet appareil dispose de <b>48 ports RJ-45 Ethernet<\/b> compatibles avec des vitesses de <b>10G Ethernet (100\/1000\/10000 Mbps)<\/b>, garantissant des performances optimales et une connectivit\u00e9 robuste pour le transfert massif de donn\u00e9es et les applications critiques. Il int\u00e8gre \u00e9galement un <b>port USB 2.0<\/b> facilitant les t\u00e2ches de configuration et de maintenance, ainsi qu\u2019un port console RJ-45 pour l\u2019administration directe de l\u2019\u00e9quipement. Sa capacit\u00e9 de commutation atteint <b>480 Gbit\/s<\/b>, assurant une gestion efficace du trafic r\u00e9seau dans les environnements \u00e0 haute densit\u00e9 de connexions. Le dispositif est con\u00e7u avec un facteur de forme <b>1U pour montage en rack<\/b>, \u00e9conomisant de l\u2019espace dans les centres de donn\u00e9es ou salles de t\u00e9l\u00e9communications. C\u00f4t\u00e9 design, il associe des finitions en <b>noir et gris<\/b>, couleurs courantes pour les \u00e9quipements r\u00e9seau professionnels. Cette solution offre une infrastructure r\u00e9seau fiable et performante, id\u00e9ale pour les entreprises n\u00e9cessitant une commutation avanc\u00e9e et flexible dans leurs syst\u00e8mes de communication et de donn\u00e9es. Le <b>Netgear XSM4348CS-100NES<\/b> se distingue par son \u00e9quilibre entre polyvalence, puissance et fonctionnalit\u00e9, r\u00e9pondant aux exigences actuelles des r\u00e9seaux d\u2019entreprise.<\/p>\n<ul>\n<li>Connexions:\n<ul>\n<li>RJ45<\/li>\n<li>RJ45 x 48<\/li>\n<li>USB 2.0<\/li>\n<li>USB<\/li>\n<li>USB 2.0 x 2<\/li>\n<\/ul>\n<\/li>\n<li>Produit \u00e0 brancher: Oui<\/li>\n<li>Type de prise: Prise EU<\/li>\n<li>Type: Switch<\/li>\n<li>Bloc d\u2019Alimentation: r\u00e9seau \u00e9lectrique<\/li>\n<li>Couleur:\n<ul>\n<li>Noir<\/li>\n<li>Gris<\/li>\n<\/ul>\n<\/li>\n<li>M\u00e9moire Flash: 256 MB<\/li>\n<li>Tension d&#8217;entr\u00e9e AC:\n<ul>\n<li>110 &#8211; 220 V<\/li>\n<li>110-220V<\/li>\n<\/ul>\n<\/li>\n<li>Connectivit\u00e9: Wi-Fi<\/li>\n<li>Support: Multisupport<\/li>\n<li>N\u00b0 de rainures: 4<\/li>\n<li>Ports: 24<\/li>\n<li>Fr\u00e9quence: 800 Hz<\/li>\n<li>puissance: 250 W<\/li>\n<li>Caract\u00e9ristiques: T\u00e9moin de fonctionnement LED<\/li>\n<li>Facteur de forme: 1U<\/li>\n<li>Disque dur: 1 GB<\/li>\n<\/ul>","protected":false},"excerpt":{"rendered":"<p>Si vous \u00eates passionn\u00e9 d&#8217;informatique et d&#8217;\u00e9lectronique, si vous \u00eates \u00e0 la pointe de la technologie et qu&#8217;aucun d\u00e9tail ne vous \u00e9chappe, achetez Switch Netgear XSM4348CS-100NES au meilleur prix. Le Netgear XSM4348CS-100NES est un switch manageable haute capacit\u00e9 con\u00e7u pour les environnements professionnels et les r\u00e9seaux d\u2019entreprise \u00e0 forte demande. Cet appareil dispose de 48 [&hellip;]<\/p>\n","protected":false},"featured_media":14665,"comment_status":"open","ping_status":"closed","template":"","meta":[],"product_brand":[633],"product_cat":[65,584,585],"product_tag":[106],"class_list":{"0":"post-14667","1":"product","2":"type-product","3":"status-publish","4":"has-post-thumbnail","6":"product_brand-brandp_567","7":"product_cat-informatique-electronique","8":"product_cat-informatique-reseaux-et-composants","9":"product_cat-switch","10":"product_tag-tag_1295","12":"first","13":"instock","14":"taxable","15":"shipping-taxable","16":"purchasable","17":"product-type-simple"},"_links":{"self":[{"href":"https:\/\/bigbuy.tupique.com\/en\/wp-json\/wp\/v2\/product\/14667","targetHints":{"allow":["GET"]}}],"collection":[{"href":"https:\/\/bigbuy.tupique.com\/en\/wp-json\/wp\/v2\/product"}],"about":[{"href":"https:\/\/bigbuy.tupique.com\/en\/wp-json\/wp\/v2\/types\/product"}],"replies":[{"embeddable":true,"href":"https:\/\/bigbuy.tupique.com\/en\/wp-json\/wp\/v2\/comments?post=14667"}],"wp:featuredmedia":[{"embeddable":true,"href":"https:\/\/bigbuy.tupique.com\/en\/wp-json\/wp\/v2\/media\/14665"}],"wp:attachment":[{"href":"https:\/\/bigbuy.tupique.com\/en\/wp-json\/wp\/v2\/media?parent=14667"}],"wp:term":[{"taxonomy":"product_brand","embeddable":true,"href":"https:\/\/bigbuy.tupique.com\/en\/wp-json\/wp\/v2\/product_brand?post=14667"},{"taxonomy":"product_cat","embeddable":true,"href":"https:\/\/bigbuy.tupique.com\/en\/wp-json\/wp\/v2\/product_cat?post=14667"},{"taxonomy":"product_tag","embeddable":true,"href":"https:\/\/bigbuy.tupique.com\/en\/wp-json\/wp\/v2\/product_tag?post=14667"}],"curies":[{"name":"wp","href":"https:\/\/api.w.org\/{rel}","templated":true}]}}