{"id":14630,"date":"2026-03-29T12:18:29","date_gmt":"2026-03-29T11:18:29","guid":{"rendered":"https:\/\/bigbuy.tupique.com\/produto\/monitor-lenovo-62c5gat1eu-ips-238\/"},"modified":"2026-04-14T23:51:38","modified_gmt":"2026-04-14T22:51:38","slug":"monitor-lenovo-62c5gat1eu-ips-238","status":"publish","type":"product","link":"https:\/\/bigbuy.tupique.com\/en\/produto\/monitor-lenovo-62c5gat1eu-ips-238\/","title":{"rendered":"\u00c9cran Lenovo 62C5GAT1EU IPS 23,8&#8243;"},"content":{"rendered":"<p>Si vous \u00eates passionn\u00e9 d&#8217;<b>informatique et d&#8217;\u00e9lectronique<\/b>, si vous \u00eates \u00e0 la pointe de la technologie et qu&#8217;aucun d\u00e9tail ne vous \u00e9chappe, achetez <b>\u00c9cran Lenovo 62C5GAT1EU IPS 23,8&#8243;<\/b> au meilleur prix.<\/p>\n<ul>\n<li>Ecran: 23,8&#8243;<\/li>\n<li>Classification \u00e9nerg\u00e9tique: F<\/li>\n<li>Produit \u00e0 brancher: Oui<\/li>\n<li>Type de prise: Prise EU<\/li>\n<li>R\u00e9solution (px):\n<ul>\n<li>1920 x 1080 px<\/li>\n<li>1080 px<\/li>\n<\/ul>\n<\/li>\n<li>R\u00e9solution: Full HD<\/li>\n<li>Densit\u00e9 des pixels (dpi): 93 dpi<\/li>\n<li>Diagonale de l&#8217;\u00e9cran (cm): 60,5 cm<\/li>\n<li>Caract\u00e9ristiques:\n<ul>\n<li>\u00c9cran plat<\/li>\n<li>Ecran tactile<\/li>\n<li>R\u00e9glable<\/li>\n<li>Inclinable<\/li>\n<\/ul>\n<\/li>\n<li>Connexions:\n<ul>\n<li>DisplayPort 1.2<\/li>\n<li>HDMI<\/li>\n<li>DisplayPort<\/li>\n<li>HDMI 1.4<\/li>\n<li>USB<\/li>\n<li>USB-C<\/li>\n<li>USB A x 4<\/li>\n<li>DisplayPort x 1<\/li>\n<\/ul>\n<\/li>\n<li>Technologie:\n<ul>\n<li>LED<\/li>\n<li>IPS<\/li>\n<\/ul>\n<\/li>\n<li>Type: \u00c9cran<\/li>\n<li>Bloc d\u2019Alimentation: r\u00e9seau \u00e9lectrique<\/li>\n<li>Couleur:\n<ul>\n<li>Noir<\/li>\n<li>sRGB<\/li>\n<\/ul>\n<\/li>\n<li>Temps de r\u00e9ponse:\n<ul>\n<li>4 ms<\/li>\n<li>6 ms<\/li>\n<\/ul>\n<\/li>\n<li>VESA: 10 x 10 cm<\/li>\n<li>Brille:\n<ul>\n<li>300 cd\/m\u00b2<\/li>\n<li>300 lm ANSI<\/li>\n<\/ul>\n<\/li>\n<li>Tension:\n<ul>\n<li>100-240 V<\/li>\n<li>100 &#8211; 240 V<\/li>\n<\/ul>\n<\/li>\n<li>Rapport d&#8217;aspect: 16:9<\/li>\n<li>Fr\u00e9quence:\n<ul>\n<li>60 Hz<\/li>\n<li>50-60 Hz<\/li>\n<li>75 Hz<\/li>\n<\/ul>\n<\/li>\n<li>Rapport de contraste: 1000:1<\/li>\n<li>Ports: Sortie audio<\/li>\n<li>Fr\u00e9quence d&#8217;entr\u00e9e AC: 50-60 Hz<\/li>\n<li>consommation d&#8217;\u00e9nergie: 25 kWh<\/li>\n<li>Type d&#8217;installation: Montage mural<\/li>\n<li>Angle: 178\u00ba<\/li>\n<li>Connecteurs: Kensington<\/li>\n<li>Montage: VESA<\/li>\n<li>Couverture: 99% sRGB<\/li>\n<\/ul>\n<p><\/p>\n<p>Lenovo ThinkVision T24t-20. Taille de l&#8217;\u00e9cran: 60,5 cm (23.8&#8243;), R\u00e9solution de l&#8217;\u00e9cran: 1920 x 1080 pixels, Type HD: Full HD, Technologie d&#8217;affichage: LED, Temps de r\u00e9ponse: 6 ms, Format d&#8217;image: 16:9, Angle de vision horizontal: 178\u00b0, Angle de vision vertical: 178\u00b0. Concentrateur USB int\u00e9gr\u00e9. Montage VESA, R\u00e9glage de la hauteur. Couleur du produit: Noir<\/p>\n<p><\/p>\n<ul>\n<li>Taille de l&#8217;\u00e9cran: 60,5 cm (23.8&#8243;)<\/li>\n<li>R\u00e9solution de l&#8217;\u00e9cran: 1920 x 1080 pixels<\/li>\n<li>Format d&#8217;image: 16:9<\/li>\n<li>Type de panneau: IPS<\/li>\n<li>Type HD: Full HD<\/li>\n<li>Technologie d&#8217;affichage: LED<\/li>\n<li>Forme d&#8217;\u00e9cran: Plat<\/li>\n<li>Taux de contraste: 1000:1<\/li>\n<li>Taux de d&#8217;actualisation maximal: 60 Hz<\/li>\n<li>Nombre de couleurs affich\u00e9es: 16,7 millions de couleurs<\/li>\n<li>Luminosit\u00e9 de l&#8217;\u00e9cran (typique): 300 cd\/m\u00b2<\/li>\n<li>Temps de r\u00e9ponse: 6 ms<\/li>\n<li>Type de r\u00e9tro: W-LED<\/li>\n<li>\u00c9cran antireflet: Oui<\/li>\n<li>Rapport de contraste (dynamique): 3000000:1<\/li>\n<li>Angle de vision horizontal: 178\u00b0<\/li>\n<li>Angle de vision vertical: 178\u00b0<\/li>\n<li>Temps de r\u00e9action (vite): 4 ms<\/li>\n<li>Pas de pixel: 0,2745 x 0,2745 mm<\/li>\n<li>Densit\u00e9 en pixels: 93 pixels par pouce<\/li>\n<li>Taille visualisable horizontale: 52,7 cm<\/li>\n<li>Taille visualisable verticale: 29,6 cm<\/li>\n<li>Espace de couleur RGB: sRGB<\/li>\n<li>Couverture sRGB (max): 99%<\/li>\n<li>Haut-parleurs int\u00e9gr\u00e9s: Non<\/li>\n<li>Appareil photo int\u00e9gr\u00e9: Non<\/li>\n<li>Microphone int\u00e9gr\u00e9: Non<\/li>\n<li>Couleur du produit: Noir<\/li>\n<li>Certification: ENERGY STAR<br \/>\nCCC<br \/>\nTCO 8.0<br \/>\nTCO Edge 2.0<br \/>\nEPEAT Gold<br \/>\nRoHS<br \/>\nT\u00dcV<\/li>\n<li>Concentrateur USB int\u00e9gr\u00e9: Oui<\/li>\n<li>HDMI: Oui<\/li>\n<li>Nombre de ports amont: 1<\/li>\n<li>Nombre de ports USB de type C en amont: 1<\/li>\n<li>Quantit\u00e9 de ports avals USB de type A: 4<\/li>\n<li>D\u00e9livrance de la puissance USB jusqu\u2019\u00e0: 90 W<\/li>\n<li>Quantit\u00e9 de ports HDMI: 1<\/li>\n<li>Version HDMI: 1.4<\/li>\n<li>Quantit\u00e9 d&#8217;interface DisplayPorts: 1<\/li>\n<li>Version de DisplayPort: 1.2<\/li>\n<li>Sortie audio: Oui<\/li>\n<li>Montage VESA: Oui<\/li>\n<li>Port de c\u00e2ble antivol: Oui<\/li>\n<li>R\u00e9glage de la hauteur: Oui<\/li>\n<li>Norme VESA: 100 x 100 mm<\/li>\n<li>Type d&#8217;emplacement de verrouillage de c\u00e2ble: Kensington<\/li>\n<li>R\u00e9glage de la hauteur: 9 cm<\/li>\n<li>Plateau inclinable: Oui<\/li>\n<li>Angle d&#8217;inclinaison: -5 &#8211; 70\u00b0<\/li>\n<li>Consommation \u00e9lectrique typique: 25 W<\/li>\n<li>Consommation (max): 150 W<\/li>\n<li>Tension d&#8217;entr\u00e9e AC: 100 &#8211; 240 V<\/li>\n<li>Fr\u00e9quence d&#8217;entr\u00e9e AC: 50\/60 Hz<\/li>\n<li>Largeur appareil (support inclus): 539,8 mm<\/li>\n<li>Profondeur (support inclus): 244,1 mm<\/li>\n<li>Hauteur (support inclus): 340,5 mm<\/li>\n<li>Poids (avec support): 5,85 kg<\/li>\n<li>Largeur (sans support): 54 cm<\/li>\n<li>Profondeur (sans support): 4,41 cm<\/li>\n<li>Hauteur (sans support): 32,6 cm<\/li>\n<li>Poids (sans support): 3,79 kg<\/li>\n<li>Largeur du cadre (c\u00f4t\u00e9): 2 mm<\/li>\n<li>Largeur du cadre (en haut): 2 mm<\/li>\n<li>Largeur du cadre (en bas): 2,22 cm<\/li>\n<li>Largeur du colis: 622 mm<\/li>\n<li>Profondeur du colis: 172 mm<\/li>\n<li>Hauteur du colis: 421 mm<\/li>\n<li>Poids du paquet: 8,31 kg<\/li>\n<\/ul>","protected":false},"excerpt":{"rendered":"<p>Si vous \u00eates passionn\u00e9 d&#8217;informatique et d&#8217;\u00e9lectronique, si vous \u00eates \u00e0 la pointe de la technologie et qu&#8217;aucun d\u00e9tail ne vous \u00e9chappe, achetez \u00c9cran Lenovo 62C5GAT1EU IPS 23,8&#8243; au meilleur prix. Ecran: 23,8&#8243; Classification \u00e9nerg\u00e9tique: F Produit \u00e0 brancher: Oui Type de prise: Prise EU R\u00e9solution (px): 1920 x 1080 px 1080 px R\u00e9solution: Full [&hellip;]<\/p>\n","protected":false},"featured_media":14625,"comment_status":"open","ping_status":"closed","template":"","meta":[],"product_brand":[661],"product_cat":[65,581,616],"product_tag":[213,106],"class_list":{"0":"post-14630","1":"product","2":"type-product","3":"status-publish","4":"has-post-thumbnail","6":"product_brand-brandp_558","7":"product_cat-informatique-electronique","8":"product_cat-informatique-peripheriques-et-consommables","9":"product_cat-moniteurs","10":"product_tag-tag_933","11":"product_tag-tag_1295","13":"first","14":"instock","15":"taxable","16":"shipping-taxable","17":"purchasable","18":"product-type-simple"},"_links":{"self":[{"href":"https:\/\/bigbuy.tupique.com\/en\/wp-json\/wp\/v2\/product\/14630","targetHints":{"allow":["GET"]}}],"collection":[{"href":"https:\/\/bigbuy.tupique.com\/en\/wp-json\/wp\/v2\/product"}],"about":[{"href":"https:\/\/bigbuy.tupique.com\/en\/wp-json\/wp\/v2\/types\/product"}],"replies":[{"embeddable":true,"href":"https:\/\/bigbuy.tupique.com\/en\/wp-json\/wp\/v2\/comments?post=14630"}],"wp:featuredmedia":[{"embeddable":true,"href":"https:\/\/bigbuy.tupique.com\/en\/wp-json\/wp\/v2\/media\/14625"}],"wp:attachment":[{"href":"https:\/\/bigbuy.tupique.com\/en\/wp-json\/wp\/v2\/media?parent=14630"}],"wp:term":[{"taxonomy":"product_brand","embeddable":true,"href":"https:\/\/bigbuy.tupique.com\/en\/wp-json\/wp\/v2\/product_brand?post=14630"},{"taxonomy":"product_cat","embeddable":true,"href":"https:\/\/bigbuy.tupique.com\/en\/wp-json\/wp\/v2\/product_cat?post=14630"},{"taxonomy":"product_tag","embeddable":true,"href":"https:\/\/bigbuy.tupique.com\/en\/wp-json\/wp\/v2\/product_tag?post=14630"}],"curies":[{"name":"wp","href":"https:\/\/api.w.org\/{rel}","templated":true}]}}