{"id":14612,"date":"2026-03-29T12:07:37","date_gmt":"2026-03-29T11:07:37","guid":{"rendered":"https:\/\/bigbuy.tupique.com\/produto\/video-conferencing-system-logitech-960-001224\/"},"modified":"2026-05-11T19:58:55","modified_gmt":"2026-05-11T17:58:55","slug":"video-conferencing-system-logitech-960-001224","status":"publish","type":"product","link":"https:\/\/bigbuy.tupique.com\/en\/produto\/video-conferencing-system-logitech-960-001224\/","title":{"rendered":"Syst\u00e8me de Vid\u00e9oconf\u00e9rence Logitech 960-001224"},"content":{"rendered":"<p>Si vous \u00eates passionn\u00e9 d&#8217;<b>informatique et d&#8217;\u00e9lectronique<\/b>, si vous \u00eates \u00e0 la pointe de la technologie et qu&#8217;aucun d\u00e9tail ne vous \u00e9chappe, achetez <b>Syst\u00e8me de Vid\u00e9oconf\u00e9rence Logitech 960-001224          <\/b> au meilleur prix.<\/p>\n<p>Le <b>Logitech Rally Plus<\/b> est un <b>syst\u00e8me de vid\u00e9oconf\u00e9rence<\/b> modulaire con\u00e7u sp\u00e9cialement pour les grandes et tr\u00e8s grandes salles, alliant une qualit\u00e9 d\u2019image exceptionnelle \u00e0 un son sup\u00e9rieur, adapt\u00e9 aux groupes nombreux jusqu\u2019\u00e0 16 personnes. Ce syst\u00e8me offre une r\u00e9solution <b>4K Ultra HD<\/b> avec prise en charge de plusieurs formats vid\u00e9o incluant 576p, 720p, 900p, 1080p, 1440p et 2160p, fonctionnant \u00e0 un maximum de 60 images par seconde, garantissant une visualisation fluide et d\u00e9taill\u00e9e lors des conf\u00e9rences \u00e0 distance. Il dispose d\u2019un angle de champ de vision (FOV) de <b>90\u00b0<\/b> et d\u2019un zoom num\u00e9rique <b>15x<\/b>, permettant de capturer tous les participants dans la salle avec nettet\u00e9 et pr\u00e9cision, tandis que la mise au point automatique am\u00e9liore la clart\u00e9 sans r\u00e9glages manuels. Son design en <b>noir<\/b> int\u00e8gre des haut-parleurs et un microphone omnidirectionnel qui captent clairement le son depuis n\u2019importe quel point de la pi\u00e8ce, assurant que chaque parole soit entendue pr\u00e9cis\u00e9ment. La modularit\u00e9 est renforc\u00e9e par la possibilit\u00e9 d\u2019ajouter jusqu\u2019\u00e0 7 bases de microphones suppl\u00e9mentaires pour couvrir de larges zones et faciliter le contr\u00f4le du silence de chaque intervenant, essentiel dans les r\u00e9unions nombreuses. Pour garantir une connexion stable et rapide, il inclut plusieurs options de connectivit\u00e9 telles que <b>USB, RJ45 et Ethernet LAN<\/b>, compl\u00e9t\u00e9es par la technologie Bluetooth, facilitant son int\u00e9gration dans les infrastructures r\u00e9seau professionnelles. Associ\u00e9 \u00e0 Logitech RoomMate, Rally Plus d\u00e9ploie des capacit\u00e9s avanc\u00e9es d\u2019intelligence artificielle pour am\u00e9liorer l\u2019exp\u00e9rience avec des fonctions automatiques d\u2019optimisation vid\u00e9o et des mises \u00e0 jour logicielles r\u00e9guli\u00e8res, g\u00e9rables \u00e0 distance via <b>Logitech Sync<\/b>. De plus, l\u2019installation et la configuration sont simplifi\u00e9es gr\u00e2ce \u00e0 un guide inclus, facilitant le d\u00e9ploiement m\u00eame dans des environnements complexes. Le Logitech Rally Plus se positionne comme une solution robuste et professionnelle pour les entreprises et environnements corporatifs exigeant des vid\u00e9oconf\u00e9rences de haute qualit\u00e9, fiabilit\u00e9 et \u00e9volutivit\u00e9 pour de grands espaces.<\/p>\n<ul>\n<li>Connexions:\n<ul>\n<li>USB-A 3.2<\/li>\n<li>Ethernet LAN<\/li>\n<li>2<\/li>\n<li>3<\/li>\n<li>USB x 3<\/li>\n<li>USB<\/li>\n<li>RJ45<\/li>\n<li>USB 2.0 x 3<\/li>\n<li>HDMI x 4<\/li>\n<\/ul>\n<\/li>\n<li>R\u00e9solution: 4K Ultra HD<\/li>\n<li>Type: Syst\u00e8me de Vid\u00e9oconf\u00e9rence<\/li>\n<li>Couleur: Noir<\/li>\n<li>Caract\u00e9ristiques:\n<ul>\n<li>Zoom Num\u00e9rique<\/li>\n<li>Autofocus<\/li>\n<li>Haut-parleurs int\u00e9gr\u00e9s<\/li>\n<\/ul>\n<\/li>\n<li>Connectivit\u00e9: Bluetooth<\/li>\n<li>Longueur du c\u00e2ble: 1,5 m<\/li>\n<li>Zoom Optique: 3x<\/li>\n<li>Rapport d&#8217;aspect: 16:9<\/li>\n<li>Syst\u00e8me d&#8217;exploitation: Android<\/li>\n<li>Bloc d\u2019Alimentation:\n<ul>\n<li>Batterie<\/li>\n<li>CC<\/li>\n<\/ul>\n<\/li>\n<li>Poids approx.: 1 kg<\/li>\n<li>Inclut:\n<ul>\n<li>T\u00e9l\u00e9commande<\/li>\n<li>Haut-parleur<\/li>\n<\/ul>\n<\/li>\n<li>R\u00e9solution vid\u00e9o: 4K<\/li>\n<li>Angle: -90\u00ba \/ 90\u00ba<\/li>\n<li>R\u00e9solution (px): 720 px<\/li>\n<li>Diagonale de l&#8217;\u00e9cran (cm): 190,5 cm<\/li>\n<\/ul>","protected":false},"excerpt":{"rendered":"<p>Si vous \u00eates passionn\u00e9 d&#8217;informatique et d&#8217;\u00e9lectronique, si vous \u00eates \u00e0 la pointe de la technologie et qu&#8217;aucun d\u00e9tail ne vous \u00e9chappe, achetez Syst\u00e8me de Vid\u00e9oconf\u00e9rence Logitech 960-001224 au meilleur prix. Le Logitech Rally Plus est un syst\u00e8me de vid\u00e9oconf\u00e9rence modulaire con\u00e7u sp\u00e9cialement pour les grandes et tr\u00e8s grandes salles, alliant une qualit\u00e9 d\u2019image exceptionnelle [&hellip;]<\/p>\n","protected":false},"featured_media":14610,"comment_status":"open","ping_status":"closed","template":"","meta":[],"product_brand":[647],"product_cat":[606,600,65],"product_tag":[571],"class_list":{"0":"post-14612","1":"product","2":"type-product","3":"status-publish","4":"has-post-thumbnail","6":"product_brand-brandp_561","7":"product_cat-camescopes","8":"product_cat-electronique-photo-et-video","9":"product_cat-informatique-electronique","10":"product_tag-tag_27","12":"first","13":"instock","14":"taxable","15":"shipping-taxable","16":"purchasable","17":"product-type-simple"},"_links":{"self":[{"href":"https:\/\/bigbuy.tupique.com\/en\/wp-json\/wp\/v2\/product\/14612","targetHints":{"allow":["GET"]}}],"collection":[{"href":"https:\/\/bigbuy.tupique.com\/en\/wp-json\/wp\/v2\/product"}],"about":[{"href":"https:\/\/bigbuy.tupique.com\/en\/wp-json\/wp\/v2\/types\/product"}],"replies":[{"embeddable":true,"href":"https:\/\/bigbuy.tupique.com\/en\/wp-json\/wp\/v2\/comments?post=14612"}],"wp:featuredmedia":[{"embeddable":true,"href":"https:\/\/bigbuy.tupique.com\/en\/wp-json\/wp\/v2\/media\/14610"}],"wp:attachment":[{"href":"https:\/\/bigbuy.tupique.com\/en\/wp-json\/wp\/v2\/media?parent=14612"}],"wp:term":[{"taxonomy":"product_brand","embeddable":true,"href":"https:\/\/bigbuy.tupique.com\/en\/wp-json\/wp\/v2\/product_brand?post=14612"},{"taxonomy":"product_cat","embeddable":true,"href":"https:\/\/bigbuy.tupique.com\/en\/wp-json\/wp\/v2\/product_cat?post=14612"},{"taxonomy":"product_tag","embeddable":true,"href":"https:\/\/bigbuy.tupique.com\/en\/wp-json\/wp\/v2\/product_tag?post=14612"}],"curies":[{"name":"wp","href":"https:\/\/api.w.org\/{rel}","templated":true}]}}