{"id":14578,"date":"2026-03-29T12:06:51","date_gmt":"2026-03-29T11:06:51","guid":{"rendered":"https:\/\/bigbuy.tupique.com\/produto\/interactive-ups-riello-sdu5000-230-v-5000-w\/"},"modified":"2026-04-14T23:51:32","modified_gmt":"2026-04-14T22:51:32","slug":"interactive-ups-riello-sdu5000-230-v-5000-w","status":"publish","type":"product","link":"https:\/\/bigbuy.tupique.com\/en\/produto\/interactive-ups-riello-sdu5000-230-v-5000-w\/","title":{"rendered":"Sai Interactif Riello SDU5000              230 V 5000 W"},"content":{"rendered":"<p>Si vous \u00eates passionn\u00e9 d&#8217;<b>informatique et d&#8217;\u00e9lectronique<\/b>, si vous \u00eates \u00e0 la pointe de la technologie et qu&#8217;aucun d\u00e9tail ne vous \u00e9chappe, achetez <b>Sai Interactif Riello SDU5000              230 V 5000 W<\/b> au meilleur prix.<\/p>\n<ul>\n<li>Tension:\n<ul>\n<li>230 V<\/li>\n<li>220 V<\/li>\n<\/ul>\n<\/li>\n<li>puissance: 5000 W<\/li>\n<li>Niveau sonore: 48 dB<\/li>\n<li>Couleur:\n<ul>\n<li>Argent\u00e9<\/li>\n<li>Noir<\/li>\n<\/ul>\n<\/li>\n<li>Produit \u00e0 brancher: Oui<\/li>\n<li>Temps de charge approx.: 4 heures<\/li>\n<li>Type de prise: Prise EU<\/li>\n<li>Type: Syst\u00e8me d&#8217;Alimentation Sans Interruption Interactif<\/li>\n<li>Bloc d\u2019Alimentation: r\u00e9seau \u00e9lectrique<\/li>\n<li>Connexions:\n<ul>\n<li>USB 2.0<\/li>\n<li>AC x 2<\/li>\n<li>USB<\/li>\n<li>RJ45<\/li>\n<li>AC x 5<\/li>\n<\/ul>\n<\/li>\n<li>Technologie:\n<ul>\n<li>VRLA<\/li>\n<li>LCD<\/li>\n<\/ul>\n<\/li>\n<li>Capacit\u00e9: 3 uds<\/li>\n<li>Ann\u00e9e: 2017<\/li>\n<li>Tension d&#8217;entr\u00e9e AC: 240 V<\/li>\n<li>Classification IP: IP20<\/li>\n<li>Facteur de forme: Tower<\/li>\n<li>Fr\u00e9quence: 50\/60 Hz<\/li>\n<\/ul>","protected":false},"excerpt":{"rendered":"<p>Si vous \u00eates passionn\u00e9 d&#8217;informatique et d&#8217;\u00e9lectronique, si vous \u00eates \u00e0 la pointe de la technologie et qu&#8217;aucun d\u00e9tail ne vous \u00e9chappe, achetez Sai Interactif Riello SDU5000 230 V 5000 W au meilleur prix. Tension: 230 V 220 V puissance: 5000 W Niveau sonore: 48 dB Couleur: Argent\u00e9 Noir Produit \u00e0 brancher: Oui Temps de [&hellip;]<\/p>\n","protected":false},"featured_media":57926,"comment_status":"open","ping_status":"closed","template":"","meta":[],"product_brand":[651],"product_cat":[65,581,603],"product_tag":[106],"class_list":{"0":"post-14578","1":"product","2":"type-product","3":"status-publish","4":"has-post-thumbnail","6":"product_brand-brandp_4825","7":"product_cat-informatique-electronique","8":"product_cat-informatique-peripheriques-et-consommables","9":"product_cat-ups","10":"product_tag-tag_1295","12":"first","13":"instock","14":"taxable","15":"shipping-taxable","16":"purchasable","17":"product-type-simple"},"_links":{"self":[{"href":"https:\/\/bigbuy.tupique.com\/en\/wp-json\/wp\/v2\/product\/14578","targetHints":{"allow":["GET"]}}],"collection":[{"href":"https:\/\/bigbuy.tupique.com\/en\/wp-json\/wp\/v2\/product"}],"about":[{"href":"https:\/\/bigbuy.tupique.com\/en\/wp-json\/wp\/v2\/types\/product"}],"replies":[{"embeddable":true,"href":"https:\/\/bigbuy.tupique.com\/en\/wp-json\/wp\/v2\/comments?post=14578"}],"wp:featuredmedia":[{"embeddable":true,"href":"https:\/\/bigbuy.tupique.com\/en\/wp-json\/wp\/v2\/media\/57926"}],"wp:attachment":[{"href":"https:\/\/bigbuy.tupique.com\/en\/wp-json\/wp\/v2\/media?parent=14578"}],"wp:term":[{"taxonomy":"product_brand","embeddable":true,"href":"https:\/\/bigbuy.tupique.com\/en\/wp-json\/wp\/v2\/product_brand?post=14578"},{"taxonomy":"product_cat","embeddable":true,"href":"https:\/\/bigbuy.tupique.com\/en\/wp-json\/wp\/v2\/product_cat?post=14578"},{"taxonomy":"product_tag","embeddable":true,"href":"https:\/\/bigbuy.tupique.com\/en\/wp-json\/wp\/v2\/product_tag?post=14578"}],"curies":[{"name":"wp","href":"https:\/\/api.w.org\/{rel}","templated":true}]}}