{"id":14568,"date":"2026-03-29T12:06:39","date_gmt":"2026-03-29T11:06:39","guid":{"rendered":"https:\/\/bigbuy.tupique.com\/produto\/uninterruptible-power-supply-system-interactive-ups-eaton-5px3000irt3ug2\/"},"modified":"2026-04-14T23:51:31","modified_gmt":"2026-04-14T22:51:31","slug":"uninterruptible-power-supply-system-interactive-ups-eaton-5px3000irt3ug2","status":"publish","type":"product","link":"https:\/\/bigbuy.tupique.com\/en\/produto\/uninterruptible-power-supply-system-interactive-ups-eaton-5px3000irt3ug2\/","title":{"rendered":"Syst\u00e8me d&#8217;Alimentation Sans Interruption Interactif Eaton 5PX3000IRT3UG2"},"content":{"rendered":"<p>Si vous \u00eates passionn\u00e9 d&#8217;<b>informatique et d&#8217;\u00e9lectronique<\/b>, si vous \u00eates \u00e0 la pointe de la technologie et qu&#8217;aucun d\u00e9tail ne vous \u00e9chappe, achetez <b>Syst\u00e8me d&#8217;Alimentation Sans Interruption Interactif Eaton 5PX3000IRT3UG2      <\/b> au meilleur prix.<\/p>\n<ul>\n<li>Produit \u00e0 brancher: Oui<\/li>\n<li>Type de prise: Prise EU<\/li>\n<li>Type:\n<ul>\n<li>Tour<\/li>\n<li>Syst\u00e8me d&#8217;Alimentation Sans Interruption Interactif<\/li>\n<li>C19<\/li>\n<\/ul>\n<\/li>\n<li>Technologie: LCD<\/li>\n<li>Bloc d\u2019Alimentation: r\u00e9seau \u00e9lectrique<\/li>\n<li>Couleur: Noir<\/li>\n<li>Largeur: 438 mm<\/li>\n<li>Connexions:\n<ul>\n<li>RS-232<\/li>\n<li>AC x 10<\/li>\n<li>C20 coupler<\/li>\n<li>USB<\/li>\n<\/ul>\n<\/li>\n<li>Puissance nominale: 3 kVA<\/li>\n<li>Niveau sonore: 40 dB<\/li>\n<li>Capacit\u00e9: 3 uds<\/li>\n<li>Caract\u00e9ristiques:\n<ul>\n<li>\u00c9cran LCD<\/li>\n<li>Interactif<\/li>\n<li>T\u00e9moin de fonctionnement LED<\/li>\n<\/ul>\n<\/li>\n<li>Fonctions: Hot Swap<\/li>\n<li>Tension: 230 V<\/li>\n<li>puissance: 3000 W<\/li>\n<\/ul>","protected":false},"excerpt":{"rendered":"<p>Si vous \u00eates passionn\u00e9 d&#8217;informatique et d&#8217;\u00e9lectronique, si vous \u00eates \u00e0 la pointe de la technologie et qu&#8217;aucun d\u00e9tail ne vous \u00e9chappe, achetez Syst\u00e8me d&#8217;Alimentation Sans Interruption Interactif Eaton 5PX3000IRT3UG2 au meilleur prix. Produit \u00e0 brancher: Oui Type de prise: Prise EU Type: Tour Syst\u00e8me d&#8217;Alimentation Sans Interruption Interactif C19 Technologie: LCD Bloc d\u2019Alimentation: r\u00e9seau [&hellip;]<\/p>\n","protected":false},"featured_media":14567,"comment_status":"open","ping_status":"closed","template":"","meta":[],"product_brand":[652],"product_cat":[65,581,603],"product_tag":[106],"class_list":{"0":"post-14568","1":"product","2":"type-product","3":"status-publish","4":"has-post-thumbnail","6":"product_brand-brandp_4815","7":"product_cat-informatique-electronique","8":"product_cat-informatique-peripheriques-et-consommables","9":"product_cat-ups","10":"product_tag-tag_1295","12":"first","13":"instock","14":"taxable","15":"shipping-taxable","16":"purchasable","17":"product-type-simple"},"_links":{"self":[{"href":"https:\/\/bigbuy.tupique.com\/en\/wp-json\/wp\/v2\/product\/14568","targetHints":{"allow":["GET"]}}],"collection":[{"href":"https:\/\/bigbuy.tupique.com\/en\/wp-json\/wp\/v2\/product"}],"about":[{"href":"https:\/\/bigbuy.tupique.com\/en\/wp-json\/wp\/v2\/types\/product"}],"replies":[{"embeddable":true,"href":"https:\/\/bigbuy.tupique.com\/en\/wp-json\/wp\/v2\/comments?post=14568"}],"wp:featuredmedia":[{"embeddable":true,"href":"https:\/\/bigbuy.tupique.com\/en\/wp-json\/wp\/v2\/media\/14567"}],"wp:attachment":[{"href":"https:\/\/bigbuy.tupique.com\/en\/wp-json\/wp\/v2\/media?parent=14568"}],"wp:term":[{"taxonomy":"product_brand","embeddable":true,"href":"https:\/\/bigbuy.tupique.com\/en\/wp-json\/wp\/v2\/product_brand?post=14568"},{"taxonomy":"product_cat","embeddable":true,"href":"https:\/\/bigbuy.tupique.com\/en\/wp-json\/wp\/v2\/product_cat?post=14568"},{"taxonomy":"product_tag","embeddable":true,"href":"https:\/\/bigbuy.tupique.com\/en\/wp-json\/wp\/v2\/product_tag?post=14568"}],"curies":[{"name":"wp","href":"https:\/\/api.w.org\/{rel}","templated":true}]}}