{"id":14566,"date":"2026-03-29T12:06:37","date_gmt":"2026-03-29T11:06:37","guid":{"rendered":"https:\/\/bigbuy.tupique.com\/produto\/switch-trendnet-tpe-tg240g\/"},"modified":"2026-04-16T10:25:10","modified_gmt":"2026-04-16T09:25:10","slug":"switch-trendnet-tpe-tg240g","status":"publish","type":"product","link":"https:\/\/bigbuy.tupique.com\/en\/produto\/switch-trendnet-tpe-tg240g\/","title":{"rendered":"Switch Trendnet TPE-TG240G"},"content":{"rendered":"<p>Si vous \u00eates passionn\u00e9 d&#8217;<b>informatique et d&#8217;\u00e9lectronique<\/b>, si vous \u00eates \u00e0 la pointe de la technologie et qu&#8217;aucun d\u00e9tail ne vous \u00e9chappe, achetez <b>Switch Trendnet TPE-TG240G          <\/b> au meilleur prix.<\/p>\n<p>Le <b>switch<\/b> <b>Trendnet TPE-TG240G<\/b> est un appareil robuste et efficace con\u00e7u pour les installations r\u00e9seau n\u00e9cessitant une connectivit\u00e9 fiable et une alimentation via Ethernet. Ce <b>switch non administr\u00e9 de couche 2<\/b> dispose de <b>24 ports RJ45 Gigabit Ethernet (10\/100\/1000 Mbps)<\/b>, permettant la connexion simultan\u00e9e de plusieurs appareils avec vitesse et stabilit\u00e9, id\u00e9al pour les environnements professionnels ou les int\u00e9grations complexes. Construit en <b>m\u00e9tal<\/b> et pr\u00e9sent\u00e9 en couleur <b>noir<\/b> \u00e9l\u00e9gante, il est con\u00e7u pour un montage en rack, optimisant l\u2019espace dans les salles serveurs ou armoires r\u00e9seau. Sa capacit\u00e9 de commutation atteint jusqu\u2019\u00e0 <b>48 Gbit\/s<\/b>, avec une table d\u2019adresses MAC pouvant g\u00e9rer <b>8 000 entr\u00e9es<\/b>, assurant une gestion efficace du trafic et une faible latence. Il int\u00e8gre la technologie <b>PoE+ (Power over Ethernet)<\/b> compatible avec les normes IEEE 802.3af et 802.3at, fournissant jusqu\u2019\u00e0 <b>30 W par port<\/b>, \u00e9liminant le besoin d\u2019installations \u00e9lectriques suppl\u00e9mentaires pour des dispositifs tels que points d\u2019acc\u00e8s sans fil haute puissance, cam\u00e9ras PTZ, syst\u00e8mes VoIP ou contr\u00f4les d\u2019acc\u00e8s. Ce switch est compatible avec un large \u00e9ventail de normes IEEE, incluant 802.3, 802.3u, 802.3ab, 802.3x et 802.3az, garantissant compatibilit\u00e9 et efficacit\u00e9 \u00e9nerg\u00e9tique. Il fonctionne sur une plage de tension polyvalente de <b>110 \u00e0 240 V<\/b> avec une consommation maximale de <b>36 W<\/b>, optimisant la consommation sans sacrifier la performance. Le <b>Trendnet TPE-TG240G<\/b> combine la simplicit\u00e9 d\u2019une gestion non administr\u00e9e avec la puissance de la technologie PoE+, offrant une solution pratique et polyvalente pour les int\u00e9grateurs cherchant \u00e0 r\u00e9duire co\u00fbts et temps d\u2019installation sans compromettre la performance sur des r\u00e9seaux Ethernet exigeants.<\/p>\n<ul>\n<li>Connexions: RJ45<\/li>\n<li>Produit \u00e0 brancher: Oui<\/li>\n<li>Type de prise: Prise EU<\/li>\n<li>Type: Switch<\/li>\n<li>Bloc d\u2019Alimentation: r\u00e9seau \u00e9lectrique<\/li>\n<li>Couleur: Noir<\/li>\n<li>Tension: 110 &#8211; 240 V<\/li>\n<li>Amp\u00e9rage: 0,75A<\/li>\n<li>Fr\u00e9quence: 50-60 Hz<\/li>\n<li>Mati\u00e8re: M\u00e9tal<\/li>\n<li>consommation d&#8217;\u00e9nergie: 36 W<\/li>\n<li>Ports: 24<\/li>\n<li>puissance: 36 W<\/li>\n<\/ul>","protected":false},"excerpt":{"rendered":"<p>Si vous \u00eates passionn\u00e9 d&#8217;informatique et d&#8217;\u00e9lectronique, si vous \u00eates \u00e0 la pointe de la technologie et qu&#8217;aucun d\u00e9tail ne vous \u00e9chappe, achetez Switch Trendnet TPE-TG240G au meilleur prix. Le switch Trendnet TPE-TG240G est un appareil robuste et efficace con\u00e7u pour les installations r\u00e9seau n\u00e9cessitant une connectivit\u00e9 fiable et une alimentation via Ethernet. Ce switch [&hellip;]<\/p>\n","protected":false},"featured_media":14564,"comment_status":"open","ping_status":"closed","template":"","meta":[],"product_brand":[635],"product_cat":[65,584,585],"product_tag":[106],"class_list":{"0":"post-14566","1":"product","2":"type-product","3":"status-publish","4":"has-post-thumbnail","6":"product_brand-brandp_4777","7":"product_cat-informatique-electronique","8":"product_cat-informatique-reseaux-et-composants","9":"product_cat-switch","10":"product_tag-tag_1295","12":"first","13":"instock","14":"taxable","15":"shipping-taxable","16":"purchasable","17":"product-type-simple"},"_links":{"self":[{"href":"https:\/\/bigbuy.tupique.com\/en\/wp-json\/wp\/v2\/product\/14566","targetHints":{"allow":["GET"]}}],"collection":[{"href":"https:\/\/bigbuy.tupique.com\/en\/wp-json\/wp\/v2\/product"}],"about":[{"href":"https:\/\/bigbuy.tupique.com\/en\/wp-json\/wp\/v2\/types\/product"}],"replies":[{"embeddable":true,"href":"https:\/\/bigbuy.tupique.com\/en\/wp-json\/wp\/v2\/comments?post=14566"}],"wp:featuredmedia":[{"embeddable":true,"href":"https:\/\/bigbuy.tupique.com\/en\/wp-json\/wp\/v2\/media\/14564"}],"wp:attachment":[{"href":"https:\/\/bigbuy.tupique.com\/en\/wp-json\/wp\/v2\/media?parent=14566"}],"wp:term":[{"taxonomy":"product_brand","embeddable":true,"href":"https:\/\/bigbuy.tupique.com\/en\/wp-json\/wp\/v2\/product_brand?post=14566"},{"taxonomy":"product_cat","embeddable":true,"href":"https:\/\/bigbuy.tupique.com\/en\/wp-json\/wp\/v2\/product_cat?post=14566"},{"taxonomy":"product_tag","embeddable":true,"href":"https:\/\/bigbuy.tupique.com\/en\/wp-json\/wp\/v2\/product_tag?post=14566"}],"curies":[{"name":"wp","href":"https:\/\/api.w.org\/{rel}","templated":true}]}}