{"id":14554,"date":"2026-03-29T12:06:20","date_gmt":"2026-03-29T11:06:20","guid":{"rendered":"https:\/\/bigbuy.tupique.com\/produto\/scanner-hp-6fw06ab19-600-dpi\/"},"modified":"2026-04-14T23:51:30","modified_gmt":"2026-04-14T22:51:30","slug":"scanner-hp-6fw06ab19-600-dpi","status":"publish","type":"product","link":"https:\/\/bigbuy.tupique.com\/en\/produto\/scanner-hp-6fw06ab19-600-dpi\/","title":{"rendered":"Scanner HP 6FW06A#B19 600 DPI"},"content":{"rendered":"<p>Si vous \u00eates passionn\u00e9 d&#8217;<b>informatique et d&#8217;\u00e9lectronique<\/b>, si vous \u00eates \u00e0 la pointe de la technologie et qu&#8217;aucun d\u00e9tail ne vous \u00e9chappe, achetez <b>Scanner HP 6FW06A#B19 600 DPI<\/b> au meilleur prix.<\/p>\n<ul>\n<li>Type:\n<ul>\n<li>Bureau<\/li>\n<li>Scanner<\/li>\n<\/ul>\n<\/li>\n<li>vitesse: 35 ppm<\/li>\n<li>Largeur: 30 cm<\/li>\n<li>Produit \u00e0 brancher: Oui<\/li>\n<li>Type de prise: Prise EU<\/li>\n<li>Compatible:\n<ul>\n<li>Windows 10<\/li>\n<li>Linux<\/li>\n<li>Mac OS<\/li>\n<li>PC<\/li>\n<\/ul>\n<\/li>\n<li>Bloc d\u2019Alimentation:\n<ul>\n<li>r\u00e9seau \u00e9lectrique<\/li>\n<li>CA<\/li>\n<\/ul>\n<\/li>\n<li>Couleur:\n<ul>\n<li>Blanc<\/li>\n<li>Noir<\/li>\n<\/ul>\n<\/li>\n<li>Taille: A4<\/li>\n<li>R\u00e9solution d&#8217;image maximale: 600 x 600 dpi<\/li>\n<li>\u00c9cran integr\u00e9: Non<\/li>\n<li>Connexions: USB<\/li>\n<li>Connectivit\u00e9: Bluetooth<\/li>\n<li>Scanner: 600 x 600 dpi<\/li>\n<li>Papier: A4<\/li>\n<li>Caract\u00e9ristiques: Scanner Double Face<\/li>\n<li>Niveau sonore: 58 dB<\/li>\n<li>Certificat: Certification ENERGY STAR<\/li>\n<\/ul>\n<p><\/p>\n<p>HP Scanjet Pro 2000 s2. R\u00e9solution de num\u00e9risation optique: 600 x 600 DPI, Autonomie quotidienne de la batterie: 3500 pages. Type de scanner: Alimentation papier de scanner, Couleur du produit: Noir, Blanc. Type de capteur: CMOS CIS, Cycle de fonctionnement par jour (max): 3000 pages, Fonctions des boutons: Num\u00e9risation en niveaux de gris. Capacit\u00e9 du chargeur automatique de documents: 50 feuilles. Taille de papier de s\u00e9rie A ISO maximum: A4<\/p>\n<p><\/p>\n<ul>\n<li>R\u00e9solution de num\u00e9risation optique: 600 x 600 DPI<\/li>\n<li>Num\u00e9risation recto verso: Non<\/li>\n<li>Num\u00e9risation couleur: Oui<\/li>\n<li>Autonomie quotidienne de la batterie: 3500 pages<\/li>\n<li>Type de scanner: Alimentation papier de scanner<\/li>\n<li>\u00c9cran integr\u00e9: Non<\/li>\n<li>Couleur du produit: Noir, Blanc<\/li>\n<li>Type de capteur: CMOS CIS<\/li>\n<li>Cycle de fonctionnement par jour (max): 3000 pages<\/li>\n<li>Fonctions des boutons: Num\u00e9risation en niveaux de gris<\/li>\n<li>Niveau sonore du scanner, en fonctionnement: 58 dB<\/li>\n<li>Capacit\u00e9 du chargeur automatique de documents: 50 feuilles<\/li>\n<li>Taille de papier de s\u00e9rie A ISO maximum: A4<\/li>\n<li>Port USB: Oui<\/li>\n<li>Type d&#8217;alimentation d&#8217;\u00e9nergie: Secteur<\/li>\n<li>Pays d&#8217;origine: Chine<\/li>\n<li>Segment HP: Maison, Home office<\/li>\n<li>Prise en charge du syst\u00e8me d&#8217;exploitation Windows: Windows 10,Windows 7,Windows 8.1<\/li>\n<li>Prise en charge du syst\u00e8me d&#8217;exploitation Mac: Oui<\/li>\n<li>Prise en charge du syst\u00e8me d&#8217;exploitation Linux: Oui<\/li>\n<li>Certification: CECP; ENERGY STAR\u00ae 3.0 certified; EPEAT\u00ae Silver<\/li>\n<li>Largeur: 300 mm<\/li>\n<li>Profondeur: 172 mm<\/li>\n<li>Hauteur: 154 mm<\/li>\n<li>Poids: 2,7 kg<\/li>\n<li>Certificats de durabilit\u00e9: RoHS, ENERGY STAR<\/li>\n<li>Contenu de la bo\u00eete: Power cord; Power Adapter; USB Cable; Scanner Engine; Flyers; Install Guide<\/li>\n<\/ul>","protected":false},"excerpt":{"rendered":"<p>Si vous \u00eates passionn\u00e9 d&#8217;informatique et d&#8217;\u00e9lectronique, si vous \u00eates \u00e0 la pointe de la technologie et qu&#8217;aucun d\u00e9tail ne vous \u00e9chappe, achetez Scanner HP 6FW06A#B19 600 DPI au meilleur prix. Type: Bureau Scanner vitesse: 35 ppm Largeur: 30 cm Produit \u00e0 brancher: Oui Type de prise: Prise EU Compatible: Windows 10 Linux Mac OS [&hellip;]<\/p>\n","protected":false},"featured_media":14552,"comment_status":"open","ping_status":"closed","template":"","meta":[],"product_brand":[630],"product_cat":[65,581,587],"product_tag":[213,106],"class_list":{"0":"post-14554","1":"product","2":"type-product","3":"status-publish","4":"has-post-thumbnail","6":"product_brand-brandp_909","7":"product_cat-informatique-electronique","8":"product_cat-informatique-peripheriques-et-consommables","9":"product_cat-scanners","10":"product_tag-tag_933","11":"product_tag-tag_1295","13":"first","14":"instock","15":"taxable","16":"shipping-taxable","17":"purchasable","18":"product-type-simple"},"_links":{"self":[{"href":"https:\/\/bigbuy.tupique.com\/en\/wp-json\/wp\/v2\/product\/14554","targetHints":{"allow":["GET"]}}],"collection":[{"href":"https:\/\/bigbuy.tupique.com\/en\/wp-json\/wp\/v2\/product"}],"about":[{"href":"https:\/\/bigbuy.tupique.com\/en\/wp-json\/wp\/v2\/types\/product"}],"replies":[{"embeddable":true,"href":"https:\/\/bigbuy.tupique.com\/en\/wp-json\/wp\/v2\/comments?post=14554"}],"wp:featuredmedia":[{"embeddable":true,"href":"https:\/\/bigbuy.tupique.com\/en\/wp-json\/wp\/v2\/media\/14552"}],"wp:attachment":[{"href":"https:\/\/bigbuy.tupique.com\/en\/wp-json\/wp\/v2\/media?parent=14554"}],"wp:term":[{"taxonomy":"product_brand","embeddable":true,"href":"https:\/\/bigbuy.tupique.com\/en\/wp-json\/wp\/v2\/product_brand?post=14554"},{"taxonomy":"product_cat","embeddable":true,"href":"https:\/\/bigbuy.tupique.com\/en\/wp-json\/wp\/v2\/product_cat?post=14554"},{"taxonomy":"product_tag","embeddable":true,"href":"https:\/\/bigbuy.tupique.com\/en\/wp-json\/wp\/v2\/product_tag?post=14554"}],"curies":[{"name":"wp","href":"https:\/\/api.w.org\/{rel}","templated":true}]}}