{"id":14530,"date":"2026-03-29T12:05:42","date_gmt":"2026-03-29T11:05:42","guid":{"rendered":"https:\/\/bigbuy.tupique.com\/produto\/uninterruptible-power-supply-system-interactive-ups-apc-smx3000hv-2700w\/"},"modified":"2026-04-16T08:11:14","modified_gmt":"2026-04-16T07:11:14","slug":"uninterruptible-power-supply-system-interactive-ups-apc-smx3000hv-2700w","status":"publish","type":"product","link":"https:\/\/bigbuy.tupique.com\/en\/produto\/uninterruptible-power-supply-system-interactive-ups-apc-smx3000hv-2700w\/","title":{"rendered":"Syst\u00e8me d&#8217;Alimentation Sans Interruption Interactif APC SMX3000HV 2700W"},"content":{"rendered":"<p>Si vous \u00eates passionn\u00e9 d&#8217;<b>informatique et d&#8217;\u00e9lectronique<\/b>, si vous \u00eates \u00e0 la pointe de la technologie et qu&#8217;aucun d\u00e9tail ne vous \u00e9chappe, achetez <b>Syst\u00e8me d&#8217;Alimentation Sans Interruption Interactif APC SMX3000HV 2700W<\/b> au meilleur prix.<\/p>\n<p>Le <b>SAI interactif APC SMX3000RMHV2U<\/b> est une solution professionnelle con\u00e7ue pour garantir la continuit\u00e9 et la protection \u00e9lectrique dans des environnements critiques tels que serveurs, r\u00e9seaux ou syst\u00e8mes de t\u00e9l\u00e9communications. Ce <b>SAI interactif<\/b> se distingue par sa <b>puissance de sortie de 2700 W<\/b> (\u00e9quivalente \u00e0 <b>3000 VA<\/b>), permettant d\u2019alimenter de mani\u00e8re stable des \u00e9quipements sensibles en cas de coupures ou de fluctuations de tension. Il int\u00e8gre la technologie <b>VRLA (batterie plomb-acide \u00e9tanche)<\/b>, reconnue pour sa fiabilit\u00e9 et son faible entretien, et offre une capacit\u00e9 de secours allant jusqu\u2019\u00e0 <b>738 VAh<\/b>, avec une autonomie typique de <b>6,3 minutes \u00e0 pleine charge<\/b>. Son design polyvalent autorise un <b>montage en rack 4U ou en tour<\/b>, s\u2019adaptant \u00e0 diff\u00e9rents espaces techniques. L\u2019appareil pr\u00e9sente une finition robuste en <b>noir<\/b> avec des \u00e9l\u00e9ments en acier inoxydable et des dimensions compactes de <b>178 mm de large<\/b>, 483 mm de profondeur et 432 mm de hauteur, facilitant l\u2019int\u00e9gration dans des salles serveurs ou armoires de communication. Parmi ses fonctions principales figurent un <b>panneau LCD<\/b> pour un contr\u00f4le local intuitif, des <b>indicateurs LED<\/b> et des alarmes sonores signalant l\u2019\u00e9tat de fonctionnement et les \u00e9ventuelles surcharges, ainsi que <b>dix prises de sortie AC<\/b> (types C13 et C19) compatibles avec une large gamme d\u2019appareils professionnels. Il est \u00e9galement conforme \u00e0 la <b>certification RoHS<\/b>, garantissant la r\u00e9duction des substances dangereuses et un impact environnemental limit\u00e9. Ce SAI assure une protection fiable contre les variations de tension et les coupures de courant gr\u00e2ce \u00e0 sa topologie interactive en ligne, garantissant le fonctionnement ininterrompu des \u00e9quipements critiques dans les environnements professionnels exigeants.<\/p>\n<ul>\n<li>Technologie:\n<ul>\n<li>LCD<\/li>\n<li>VRLA<\/li>\n<\/ul>\n<\/li>\n<li>Produit \u00e0 brancher: Oui<\/li>\n<li>Type de prise: Prise EU<\/li>\n<li>Unit\u00e9s: 4 Unit\u00e9s<\/li>\n<li>Temps de charge approx.: 3 heures<\/li>\n<li>Type:\n<ul>\n<li>Syst\u00e8me d&#8217;Alimentation Sans Interruption Interactif<\/li>\n<li>C19<\/li>\n<li>Tour<\/li>\n<\/ul>\n<\/li>\n<li>Bloc d\u2019Alimentation: r\u00e9seau \u00e9lectrique<\/li>\n<li>Fr\u00e9quence: 50\/60 Hz<\/li>\n<li>Puissance nominale: 3 kVA<\/li>\n<li>puissance: 2700 W<\/li>\n<li>Connexions:\n<ul>\n<li>AC x 10<\/li>\n<li>C20 coupler<\/li>\n<\/ul>\n<\/li>\n<li>Largeur: 178 mm<\/li>\n<li>Mati\u00e8re: Acier inoxydable<\/li>\n<li>Couleur:\n<ul>\n<li>Noir<\/li>\n<li>Acier<\/li>\n<\/ul>\n<\/li>\n<li>Niveau sonore: 55 dB<\/li>\n<li>Capacit\u00e9: 4U<\/li>\n<li>Caract\u00e9ristiques:\n<ul>\n<li>Alarme<\/li>\n<li>Interactif<\/li>\n<li>T\u00e9moin LED<\/li>\n<li>Indicateur de surcharge<\/li>\n<\/ul>\n<\/li>\n<li>Fonctions: Hot Swap<\/li>\n<li>Tension: 230 V<\/li>\n<li>Tension de sortie: 240 V<\/li>\n<li>Tension d&#8217;entr\u00e9e AC: 280 V<\/li>\n<li>Certificat: RoHS<\/li>\n<\/ul>","protected":false},"excerpt":{"rendered":"<p><span class=\"unit-info\">812.4975 &euro; \/ 1 unit<\/span><\/p>","protected":false},"featured_media":14526,"comment_status":"open","ping_status":"closed","template":"","meta":[],"product_brand":[649],"product_cat":[65,581,603],"product_tag":[106],"class_list":{"0":"post-14530","1":"product","2":"type-product","3":"status-publish","4":"has-post-thumbnail","6":"product_brand-brandp_532","7":"product_cat-informatique-electronique","8":"product_cat-informatique-peripheriques-et-consommables","9":"product_cat-ups","10":"product_tag-tag_1295","12":"first","13":"instock","14":"taxable","15":"shipping-taxable","16":"purchasable","17":"product-type-simple"},"_links":{"self":[{"href":"https:\/\/bigbuy.tupique.com\/en\/wp-json\/wp\/v2\/product\/14530","targetHints":{"allow":["GET"]}}],"collection":[{"href":"https:\/\/bigbuy.tupique.com\/en\/wp-json\/wp\/v2\/product"}],"about":[{"href":"https:\/\/bigbuy.tupique.com\/en\/wp-json\/wp\/v2\/types\/product"}],"replies":[{"embeddable":true,"href":"https:\/\/bigbuy.tupique.com\/en\/wp-json\/wp\/v2\/comments?post=14530"}],"wp:featuredmedia":[{"embeddable":true,"href":"https:\/\/bigbuy.tupique.com\/en\/wp-json\/wp\/v2\/media\/14526"}],"wp:attachment":[{"href":"https:\/\/bigbuy.tupique.com\/en\/wp-json\/wp\/v2\/media?parent=14530"}],"wp:term":[{"taxonomy":"product_brand","embeddable":true,"href":"https:\/\/bigbuy.tupique.com\/en\/wp-json\/wp\/v2\/product_brand?post=14530"},{"taxonomy":"product_cat","embeddable":true,"href":"https:\/\/bigbuy.tupique.com\/en\/wp-json\/wp\/v2\/product_cat?post=14530"},{"taxonomy":"product_tag","embeddable":true,"href":"https:\/\/bigbuy.tupique.com\/en\/wp-json\/wp\/v2\/product_tag?post=14530"}],"curies":[{"name":"wp","href":"https:\/\/api.w.org\/{rel}","templated":true}]}}