{"id":14506,"date":"2026-03-29T12:05:05","date_gmt":"2026-03-29T11:05:05","guid":{"rendered":"https:\/\/bigbuy.tupique.com\/produto\/original-toner-hp-w2120x-black\/"},"modified":"2026-04-14T23:51:23","modified_gmt":"2026-04-14T22:51:23","slug":"original-toner-hp-w2120x-black","status":"publish","type":"product","link":"https:\/\/bigbuy.tupique.com\/en\/produto\/original-toner-hp-w2120x-black\/","title":{"rendered":"Toner original HP W2120X Noir"},"content":{"rendered":"<p>Retournez au bureau sans rien oublier ! Achetez <b>Toner original HP W2120X Noir<\/b> et faites envie \u00e0 vos coll\u00e8gues!<\/p>\n<p>Le <b>toner original<\/b> HP mod\u00e8le <b>W2120X<\/b> offre des performances optimis\u00e9es sp\u00e9cifiquement pour les imprimantes HP, garantissant \u00e0 la fois compatibilit\u00e9 et qualit\u00e9 \u00e0 chaque impression. Cette cartouche <b>noire<\/b> assure des textes nets et des lignes pr\u00e9cises, id\u00e9ale pour les documents professionnels et les pr\u00e9sentations o\u00f9 la lisibilit\u00e9 est essentielle. Fabriqu\u00e9e au Japon, elle se distingue par sa pr\u00e9cision et sa fiabilit\u00e9, supportant des plages de temp\u00e9rature exigeantes de <b>-20\u00ba \u00e0 40\u00baC<\/b>, assurant ainsi son fonctionnement m\u00eame dans des conditions environnementales variables. En tant que <b>produit original HP<\/b>, elle int\u00e8gre la technologie de s\u00e9curit\u00e9 propre \u00e0 la marque, con\u00e7ue pour prot\u00e9ger l\u2019imprimante contre toute tentative de manipulation et garantir des r\u00e9sultats constants tout au long du cycle de vie du consommable. Ce toner r\u00e9pond aux attentes de ceux qui recherchent une efficacit\u00e9 et une durabilit\u00e9 maximales pour leurs travaux d\u2019impression, permettant de tirer pleinement parti de la vitesse et de la capacit\u00e9 des imprimantes laser HP compatibles. Sa formulation avanc\u00e9e assure une couverture homog\u00e8ne et des performances stables page apr\u00e8s page, contribuant \u00e0 maintenir les \u00e9quipements en parfait \u00e9tat et \u00e0 \u00e9viter les incidents li\u00e9s \u00e0 des consommables g\u00e9n\u00e9riques ou non certifi\u00e9s. Le HP W2120X se pr\u00e9sente comme une solution professionnelle et fiable pour les environnements d\u2019impression exigeant fiabilit\u00e9, constance et qualit\u00e9 reconnue dans le secteur.<\/p>\n<ul>\n<li>Couleur: Noir<\/li>\n<li>Compatible: HP<\/li>\n<li>Type: Original<\/li>\n<li>Largeur: 55 mm<\/li>\n<li>Technologie: Laser<\/li>\n<li>Unit\u00e9s: 1 Unit\u00e9s<\/li>\n<li>Temp\u00e9rature approximative: -20\u00ba \/ 40\u00ba<\/li>\n<li>Caract\u00e9ristiques: Original<\/li>\n<\/ul>","protected":false},"excerpt":{"rendered":"<p><span class=\"unit-info\">323.9900 &euro; \/ 1 unit<\/span><\/p>","protected":false},"featured_media":14505,"comment_status":"open","ping_status":"closed","template":"","meta":[],"product_brand":[630],"product_cat":[65,581,582],"product_tag":[213,106],"class_list":{"0":"post-14506","1":"product","2":"type-product","3":"status-publish","4":"has-post-thumbnail","6":"product_brand-brandp_909","7":"product_cat-informatique-electronique","8":"product_cat-informatique-peripheriques-et-consommables","9":"product_cat-toners-originaux","10":"product_tag-tag_933","11":"product_tag-tag_1295","13":"first","14":"instock","15":"taxable","16":"shipping-taxable","17":"purchasable","18":"product-type-simple"},"_links":{"self":[{"href":"https:\/\/bigbuy.tupique.com\/en\/wp-json\/wp\/v2\/product\/14506","targetHints":{"allow":["GET"]}}],"collection":[{"href":"https:\/\/bigbuy.tupique.com\/en\/wp-json\/wp\/v2\/product"}],"about":[{"href":"https:\/\/bigbuy.tupique.com\/en\/wp-json\/wp\/v2\/types\/product"}],"replies":[{"embeddable":true,"href":"https:\/\/bigbuy.tupique.com\/en\/wp-json\/wp\/v2\/comments?post=14506"}],"wp:featuredmedia":[{"embeddable":true,"href":"https:\/\/bigbuy.tupique.com\/en\/wp-json\/wp\/v2\/media\/14505"}],"wp:attachment":[{"href":"https:\/\/bigbuy.tupique.com\/en\/wp-json\/wp\/v2\/media?parent=14506"}],"wp:term":[{"taxonomy":"product_brand","embeddable":true,"href":"https:\/\/bigbuy.tupique.com\/en\/wp-json\/wp\/v2\/product_brand?post=14506"},{"taxonomy":"product_cat","embeddable":true,"href":"https:\/\/bigbuy.tupique.com\/en\/wp-json\/wp\/v2\/product_cat?post=14506"},{"taxonomy":"product_tag","embeddable":true,"href":"https:\/\/bigbuy.tupique.com\/en\/wp-json\/wp\/v2\/product_tag?post=14506"}],"curies":[{"name":"wp","href":"https:\/\/api.w.org\/{rel}","templated":true}]}}