{"id":14488,"date":"2026-03-29T12:04:40","date_gmt":"2026-03-29T11:04:40","guid":{"rendered":"https:\/\/bigbuy.tupique.com\/produto\/switch-zyxel-gs190024hpv2-eu0101f-rj-45-sfp\/"},"modified":"2026-04-15T17:38:23","modified_gmt":"2026-04-15T16:38:23","slug":"switch-zyxel-gs190024hpv2-eu0101f-rj-45-sfp","status":"publish","type":"product","link":"https:\/\/bigbuy.tupique.com\/en\/produto\/switch-zyxel-gs190024hpv2-eu0101f-rj-45-sfp\/","title":{"rendered":"Switch ZyXEL GS190024HPV2-EU0101F RJ-45 SFP"},"content":{"rendered":"<p>Si vous \u00eates passionn\u00e9 d&#8217;<b>informatique et d&#8217;\u00e9lectronique<\/b>, si vous \u00eates \u00e0 la pointe de la technologie et qu&#8217;aucun d\u00e9tail ne vous \u00e9chappe, achetez <b>Switch ZyXEL GS190024HPV2-EU0101F RJ-45 SFP<\/b> au meilleur prix.<\/p>\n<p>Le <b>ZyXEL GS1900-24HP<\/b> est un <b>switch manageable<\/b> con\u00e7u pour offrir une <b>haute capacit\u00e9 de connexion<\/b> dans les environnements professionnels et les bureaux de taille moyenne. Il dispose de <b>24 ports RJ45 Gigabit Ethernet<\/b> permettant des vitesses jusqu\u2019\u00e0 1 Gbps, assurant une transmission rapide et stable des donn\u00e9es pour plusieurs appareils. Son format compact <b>1U<\/b> facilite l\u2019int\u00e9gration dans des racks standards, optimisant l\u2019espace. Ce mod\u00e8le prend en charge une large gamme de <b>normes IEEE, dont 802.1p pour la priorisation du trafic, 802.3af et 802.3at pour l\u2019alimentation PoE, ainsi que 802.3az pour l\u2019efficacit\u00e9 \u00e9nerg\u00e9tique<\/b>, ce qui en fait une solution avanc\u00e9e pour les r\u00e9seaux exigeant performance et \u00e9conomie d\u2019\u00e9nergie. Fabriqu\u00e9 avec des mat\u00e9riaux de qualit\u00e9 comme le <b>cuivre<\/b> dans ses connexions, il garantit fiabilit\u00e9 et durabilit\u00e9 sur le long terme. De plus, son design noir allie fonctionnalit\u00e9 et esth\u00e9tique professionnelle. Le GS1900-24HP offre une gestion simple et efficace du r\u00e9seau, id\u00e9ale pour optimiser la communication entre \u00e9quipements tout en contr\u00f4lant pr\u00e9cis\u00e9ment le trafic et l\u2019\u00e9nergie fournie aux appareils compatibles PoE, tels que t\u00e9l\u00e9phones IP ou cam\u00e9ras de surveillance. En r\u00e9sum\u00e9, ce switch repr\u00e9sente une option solide pour une infrastructure r\u00e9seau n\u00e9cessitant stabilit\u00e9, haute vitesse et support PoE dans un format compact et facile \u00e0 administrer.<\/p>\n<ul>\n<li>consommation d&#8217;\u00e9nergie: 170 W<\/li>\n<li>Ports:\n<ul>\n<li>26<\/li>\n<li>24<\/li>\n<\/ul>\n<\/li>\n<li>Produit \u00e0 brancher: Oui<\/li>\n<li>Type de prise: Prise EU<\/li>\n<li>Type: Switch<\/li>\n<li>Bloc d\u2019Alimentation: r\u00e9seau \u00e9lectrique<\/li>\n<li>Couleur: Noir<\/li>\n<li>Connexions:\n<ul>\n<li>RJ45<\/li>\n<li>RJ45 x 24<\/li>\n<\/ul>\n<\/li>\n<li>Mati\u00e8re: Cuivre<\/li>\n<li>Ann\u00e9e: 2014<\/li>\n<li>Poids approx.: 5,1 Kg<\/li>\n<li>Compatible: PC<\/li>\n<li>vitesse: 1000 Mbps<\/li>\n<\/ul>","protected":false},"excerpt":{"rendered":"<p>Si vous \u00eates passionn\u00e9 d&#8217;informatique et d&#8217;\u00e9lectronique, si vous \u00eates \u00e0 la pointe de la technologie et qu&#8217;aucun d\u00e9tail ne vous \u00e9chappe, achetez Switch ZyXEL GS190024HPV2-EU0101F RJ-45 SFP au meilleur prix. Le ZyXEL GS1900-24HP est un switch manageable con\u00e7u pour offrir une haute capacit\u00e9 de connexion dans les environnements professionnels et les bureaux de taille [&hellip;]<\/p>\n","protected":false},"featured_media":14487,"comment_status":"open","ping_status":"closed","template":"","meta":[],"product_brand":[648],"product_cat":[65,584,585],"product_tag":[106],"class_list":{"0":"post-14488","1":"product","2":"type-product","3":"status-publish","4":"has-post-thumbnail","6":"product_brand-brandp_669","7":"product_cat-informatique-electronique","8":"product_cat-informatique-reseaux-et-composants","9":"product_cat-switch","10":"product_tag-tag_1295","12":"first","13":"instock","14":"taxable","15":"shipping-taxable","16":"purchasable","17":"product-type-simple"},"_links":{"self":[{"href":"https:\/\/bigbuy.tupique.com\/en\/wp-json\/wp\/v2\/product\/14488","targetHints":{"allow":["GET"]}}],"collection":[{"href":"https:\/\/bigbuy.tupique.com\/en\/wp-json\/wp\/v2\/product"}],"about":[{"href":"https:\/\/bigbuy.tupique.com\/en\/wp-json\/wp\/v2\/types\/product"}],"replies":[{"embeddable":true,"href":"https:\/\/bigbuy.tupique.com\/en\/wp-json\/wp\/v2\/comments?post=14488"}],"wp:featuredmedia":[{"embeddable":true,"href":"https:\/\/bigbuy.tupique.com\/en\/wp-json\/wp\/v2\/media\/14487"}],"wp:attachment":[{"href":"https:\/\/bigbuy.tupique.com\/en\/wp-json\/wp\/v2\/media?parent=14488"}],"wp:term":[{"taxonomy":"product_brand","embeddable":true,"href":"https:\/\/bigbuy.tupique.com\/en\/wp-json\/wp\/v2\/product_brand?post=14488"},{"taxonomy":"product_cat","embeddable":true,"href":"https:\/\/bigbuy.tupique.com\/en\/wp-json\/wp\/v2\/product_cat?post=14488"},{"taxonomy":"product_tag","embeddable":true,"href":"https:\/\/bigbuy.tupique.com\/en\/wp-json\/wp\/v2\/product_tag?post=14488"}],"curies":[{"name":"wp","href":"https:\/\/api.w.org\/{rel}","templated":true}]}}