{"id":14415,"date":"2026-03-29T12:02:57","date_gmt":"2026-03-29T11:02:57","guid":{"rendered":"https:\/\/bigbuy.tupique.com\/produto\/uninterruptible-power-supply-system-interactive-ups-riello-sdh-1000\/"},"modified":"2026-04-14T23:51:12","modified_gmt":"2026-04-14T22:51:12","slug":"uninterruptible-power-supply-system-interactive-ups-riello-sdh-1000","status":"publish","type":"product","link":"https:\/\/bigbuy.tupique.com\/en\/produto\/uninterruptible-power-supply-system-interactive-ups-riello-sdh-1000\/","title":{"rendered":"Syst\u00e8me d&#8217;Alimentation Sans Interruption Interactif Riello SDH 1000"},"content":{"rendered":"<p>Si vous \u00eates passionn\u00e9 d&#8217;<b>informatique et d&#8217;\u00e9lectronique<\/b>, si vous \u00eates \u00e0 la pointe de la technologie et qu&#8217;aucun d\u00e9tail ne vous \u00e9chappe, achetez <b>Syst\u00e8me d&#8217;Alimentation Sans Interruption Interactif Riello SDH 1000            <\/b> au meilleur prix.<\/p>\n<p>Le <b>SENTINEL DUAL SDH 1000<\/b> de Riello est un <b>onduleur interactif<\/b> con\u00e7u pour offrir une protection fiable et efficace en environnements professionnels et industriels, id\u00e9al pour alimenter serveurs, syst\u00e8mes de stockage, r\u00e9seaux et dispositifs m\u00e9dicaux. Avec une <b>puissance nominale de 900 W<\/b> et une capacit\u00e9 de sortie de 1 kVA, cet appareil combine une technologie avanc\u00e9e de double conversion On Line (VFI) garantissant une <b>tension filtr\u00e9e, stabilis\u00e9e et de haute qualit\u00e9 avec un facteur de puissance proche de 1<\/b>, minimisant les interf\u00e9rences et assurant la continuit\u00e9 de l\u2019alimentation \u00e9lectrique. Son design compact, avec une hauteur de 2U et des dimensions de <b>87 mm de large, 425 mm de profondeur et 450 mm de hauteur<\/b>, permet une int\u00e9gration facile dans des armoires rack standard 19 pouces ou une installation en tour. \u00c9quip\u00e9 d\u2019une batterie \u00e0 technologie <b>VRLA (Sealed Lead Acid)<\/b> et d\u2019un temps de recharge rapide de <b>4 heures<\/b>, l\u2019appareil offre une <b>autonomie extensible via des batteries externes<\/b> et un support pour remplacement \u00e0 chaud (Hot Swap), facilitant la maintenance sans interrompre l\u2019alimentation de la charge.<\/p>\n<p>Le Riello SENTINEL DUAL int\u00e8gre un <b>onduleur haute efficacit\u00e9 avec un rendement de 92 %<\/b> en mode Online et une ventilation active avec contr\u00f4le num\u00e9rique PWM garantissant un fonctionnement silencieux adapt\u00e9 \u00e0 tout environnement, m\u00eame jusqu\u2019\u00e0 40 \u00baC. Son syst\u00e8me de gestion avanc\u00e9 permet de configurer plusieurs modes de fonctionnement, dont le mode <b>ECO<\/b> pour optimiser la consommation \u00e9nerg\u00e9tique jusqu\u2019\u00e0 98 %, le mode <b>Smart Active<\/b> qui ajuste automatiquement le fonctionnement selon la qualit\u00e9 du r\u00e9seau, ainsi que des options comme convertisseur de fr\u00e9quence ou fonctionnement uniquement sur r\u00e9seau en mode urgence. Il dispose aussi de fonctions programmables pour la d\u00e9connexion s\u00e9lective des charges moins critiques et se contr\u00f4le enti\u00e8rement via un logiciel compatible avec plusieurs syst\u00e8mes d\u2019exploitation (Windows, Linux, Mac OS, VMware, Solaris) et des outils d\u00e9di\u00e9s comme UPS Tools, facilitant la supervision, la configuration et la mise \u00e0 jour du firmware. La connectivit\u00e9 compl\u00e8te comprend port USB, RS232, emplacement pour cartes de communication Modbus\/Jbus, TCP\/IP, SNMP et contacts relais.<\/p>\n<p>Cet appareil offre une grande robustesse de la tension de sortie m\u00eame avec des charges informatiques \u00e0 fort facteur de cr\u00eate (3:1), une capacit\u00e9 de surcharge de 150 % de l\u2019onduleur et une protection avanc\u00e9e contre les surintensit\u00e9s, surcharges et retours d\u2019\u00e9nergie sur le r\u00e9seau. Le panneau LCD r\u00e9tro\u00e9clair\u00e9 affiche en temps r\u00e9el \u00e9tats, mesures et alarmes, tandis que l\u2019appareil int\u00e8gre des fonctions de test automatique\/manuel des batteries, alerte de d\u00e9charge et arr\u00eat pour charge minimale, contribuant \u00e0 une gestion s\u00fbre et efficace de l\u2019alimentation. Sa couleur noire et son design fonctionnel s\u2019adaptent aux environnements exigeants, offrant une grande flexibilit\u00e9 et int\u00e9gration pour les installations critiques o\u00f9 la continuit\u00e9 \u00e9lectrique est essentielle.<\/p>\n<p>En r\u00e9sum\u00e9, le <b>Riello SENTINEL DUAL SDH 1000<\/b> est un <b>onduleur interactif<\/b> de haute qualit\u00e9, con\u00e7u pour garantir une protection \u00e9lectrique avanc\u00e9e, une flexibilit\u00e9 op\u00e9rationnelle et une maintenance ais\u00e9e dans les environnements professionnels n\u00e9cessitant fiabilit\u00e9 maximale et contr\u00f4le de l\u2019alimentation.<\/p>\n<ul>\n<li>Technologie:\n<ul>\n<li>LCD<\/li>\n<li>VRLA<\/li>\n<\/ul>\n<\/li>\n<li>Produit \u00e0 brancher: Oui<\/li>\n<li>Type de prise: Prise EU<\/li>\n<li>puissance: 900 W<\/li>\n<li>Type:\n<ul>\n<li>Syst\u00e8me d&#8217;Alimentation Sans Interruption Interactif<\/li>\n<li>C13<\/li>\n<\/ul>\n<\/li>\n<li>Bloc d\u2019Alimentation: r\u00e9seau \u00e9lectrique<\/li>\n<li>Couleur: Noir<\/li>\n<li>Connexions:\n<ul>\n<li>C14 x 1<\/li>\n<li>AC x 8<\/li>\n<\/ul>\n<\/li>\n<li>Fr\u00e9quence: 50\/60 Hz<\/li>\n<li>Niveau sonore: 40 dB<\/li>\n<li>Syst\u00e8me d&#8217;exploitation: Windows 10 Pro<\/li>\n<li>Ann\u00e9e: 2021<\/li>\n<\/ul>","protected":false},"excerpt":{"rendered":"<p>Si vous \u00eates passionn\u00e9 d&#8217;informatique et d&#8217;\u00e9lectronique, si vous \u00eates \u00e0 la pointe de la technologie et qu&#8217;aucun d\u00e9tail ne vous \u00e9chappe, achetez Syst\u00e8me d&#8217;Alimentation Sans Interruption Interactif Riello SDH 1000 au meilleur prix. Le SENTINEL DUAL SDH 1000 de Riello est un onduleur interactif con\u00e7u pour offrir une protection fiable et efficace en environnements [&hellip;]<\/p>\n","protected":false},"featured_media":57922,"comment_status":"open","ping_status":"closed","template":"","meta":[],"product_brand":[651],"product_cat":[65,581,603],"product_tag":[106],"class_list":{"0":"post-14415","1":"product","2":"type-product","3":"status-publish","4":"has-post-thumbnail","6":"product_brand-brandp_4825","7":"product_cat-informatique-electronique","8":"product_cat-informatique-peripheriques-et-consommables","9":"product_cat-ups","10":"product_tag-tag_1295","12":"first","13":"instock","14":"taxable","15":"shipping-taxable","16":"purchasable","17":"product-type-simple"},"_links":{"self":[{"href":"https:\/\/bigbuy.tupique.com\/en\/wp-json\/wp\/v2\/product\/14415","targetHints":{"allow":["GET"]}}],"collection":[{"href":"https:\/\/bigbuy.tupique.com\/en\/wp-json\/wp\/v2\/product"}],"about":[{"href":"https:\/\/bigbuy.tupique.com\/en\/wp-json\/wp\/v2\/types\/product"}],"replies":[{"embeddable":true,"href":"https:\/\/bigbuy.tupique.com\/en\/wp-json\/wp\/v2\/comments?post=14415"}],"wp:featuredmedia":[{"embeddable":true,"href":"https:\/\/bigbuy.tupique.com\/en\/wp-json\/wp\/v2\/media\/57922"}],"wp:attachment":[{"href":"https:\/\/bigbuy.tupique.com\/en\/wp-json\/wp\/v2\/media?parent=14415"}],"wp:term":[{"taxonomy":"product_brand","embeddable":true,"href":"https:\/\/bigbuy.tupique.com\/en\/wp-json\/wp\/v2\/product_brand?post=14415"},{"taxonomy":"product_cat","embeddable":true,"href":"https:\/\/bigbuy.tupique.com\/en\/wp-json\/wp\/v2\/product_cat?post=14415"},{"taxonomy":"product_tag","embeddable":true,"href":"https:\/\/bigbuy.tupique.com\/en\/wp-json\/wp\/v2\/product_tag?post=14415"}],"curies":[{"name":"wp","href":"https:\/\/api.w.org\/{rel}","templated":true}]}}