{"id":14372,"date":"2026-03-29T12:01:59","date_gmt":"2026-03-29T11:01:59","guid":{"rendered":"https:\/\/bigbuy.tupique.com\/produto\/uninterruptible-power-supply-system-interactive-ups-apc-sc450rmi1u-280-w\/"},"modified":"2026-05-11T19:59:00","modified_gmt":"2026-05-11T17:59:00","slug":"uninterruptible-power-supply-system-interactive-ups-apc-sc450rmi1u-280-w","status":"publish","type":"product","link":"https:\/\/bigbuy.tupique.com\/en\/produto\/uninterruptible-power-supply-system-interactive-ups-apc-sc450rmi1u-280-w\/","title":{"rendered":"Syst\u00e8me d&#8217;Alimentation Sans Interruption Interactif APC SC450RMI1U 280 W"},"content":{"rendered":"<p>Si vous \u00eates passionn\u00e9 d&#8217;<b>informatique et d&#8217;\u00e9lectronique<\/b>, si vous \u00eates \u00e0 la pointe de la technologie et qu&#8217;aucun d\u00e9tail ne vous \u00e9chappe, achetez <b>Syst\u00e8me d&#8217;Alimentation Sans Interruption Interactif APC SC450RMI1U 280 W<\/b> au meilleur prix.<\/p>\n<p>Le <b>APC Smart-UPS SC450RMI1U<\/b> est un <b>onduleur interactif<\/b> sp\u00e9cialement con\u00e7u pour prot\u00e9ger les serveurs d\u2019entr\u00e9e de gamme et les \u00e9quipements r\u00e9seau des petites et moyennes entreprises contre les coupures et fluctuations \u00e9lectriques. Sa topologie en ligne interactive assure une protection efficace qui prolonge la dur\u00e9e de vie des appareils connect\u00e9s tout en maintenant la disponibilit\u00e9 op\u00e9rationnelle. Ce mod\u00e8le se distingue par sa <b>puissance de sortie de 280 W (0,45 kVA)<\/b> et sa capacit\u00e9 \u00e0 fournir une autonomie d\u2019environ <b>5,9 minutes \u00e0 pleine charge<\/b>, offrant ainsi un temps suffisant pour effectuer des arr\u00eats s\u00e9curis\u00e9s ou contr\u00f4l\u00e9s en cas de coupure de courant. L\u2019alimentation dispose de <b>quatre sorties AC de type C13<\/b> avec connecteurs C14, adapt\u00e9es \u00e0 une large gamme d\u2019\u00e9quipements informatiques et r\u00e9seau. Sa batterie utilise la technologie plomb scell\u00e9 <b>(VRLA)<\/b> avec une <b>capacit\u00e9 de 108 VAh<\/b> et int\u00e8gre un syst\u00e8me de remplacement \u00e0 chaud facilitant l\u2019entretien sans interruption de l\u2019alimentation. Le design de l\u2019onduleur permet une <b>installation flexible en rack 1U ou en mode tour<\/b>, s\u2019adaptant \u00e0 diff\u00e9rents environnements physiques et optimisant l\u2019espace. Il comprend \u00e9galement un ensemble complet d\u2019accessoires : supports de montage, c\u00e2ble de signalisation RS-232 pour communication et gestion, logiciel PowerChute Business Edition pour une gestion avanc\u00e9e de l\u2019\u00e9nergie, ainsi qu\u2019un manuel utilisateur. Cette solution int\u00e8gre des alarmes internes et une protection des lignes de donn\u00e9es, renfor\u00e7ant la s\u00e9curit\u00e9 et la continuit\u00e9 op\u00e9rationnelle. Sa <b>couleur grise<\/b> et ses certifications internationales telles que CE, RoHS, VDE, entre autres, garantissent qualit\u00e9, conformit\u00e9 et compatibilit\u00e9 dans les environnements professionnels. Le Smart-UPS SC450RMI1U repr\u00e9sente une option fiable et pratique pour ceux qui souhaitent assurer l\u2019int\u00e9grit\u00e9 \u00e9nerg\u00e9tique de leurs syst\u00e8mes informatiques de base sans complications techniques ni co\u00fbts excessifs.<\/p>\n<ul>\n<li>Produit \u00e0 brancher: Oui<\/li>\n<li>Type de prise: Prise EU<\/li>\n<li>Connexions:\n<ul>\n<li>RS-232<\/li>\n<li>C14 x 1<\/li>\n<li>AC x 4<\/li>\n<li>C14<\/li>\n<\/ul>\n<\/li>\n<li>Temps de charge approx.: 5 heures<\/li>\n<li>Type:\n<ul>\n<li>Syst\u00e8me d&#8217;Alimentation Sans Interruption Interactif<\/li>\n<li>C13<\/li>\n<li>Tour<\/li>\n<\/ul>\n<\/li>\n<li>Bloc d\u2019Alimentation: r\u00e9seau \u00e9lectrique<\/li>\n<li>Couleur:\n<ul>\n<li>Gris<\/li>\n<li>Blanc<\/li>\n<li>Noir<\/li>\n<\/ul>\n<\/li>\n<li>puissance: 280 W<\/li>\n<li>Technologie: VRLA<\/li>\n<li>Fr\u00e9quence: 50\/60 Hz<\/li>\n<li>Niveau sonore: 38 dB<\/li>\n<li>Caract\u00e9ristiques:\n<ul>\n<li>Alarme<\/li>\n<li>Interactif<\/li>\n<li>T\u00e9moin LED<\/li>\n<li>Indicateur de surcharge<\/li>\n<\/ul>\n<\/li>\n<li>Fonctions: Hot Swap<\/li>\n<li>Tension: 230 V<\/li>\n<li>Certificat: RoHS<\/li>\n<li>Montage en rack: 1U<\/li>\n<\/ul>","protected":false},"excerpt":{"rendered":"<p>Si vous \u00eates passionn\u00e9 d&#8217;informatique et d&#8217;\u00e9lectronique, si vous \u00eates \u00e0 la pointe de la technologie et qu&#8217;aucun d\u00e9tail ne vous \u00e9chappe, achetez Syst\u00e8me d&#8217;Alimentation Sans Interruption Interactif APC SC450RMI1U 280 W au meilleur prix. Le APC Smart-UPS SC450RMI1U est un onduleur interactif sp\u00e9cialement con\u00e7u pour prot\u00e9ger les serveurs d\u2019entr\u00e9e de gamme et les \u00e9quipements [&hellip;]<\/p>\n","protected":false},"featured_media":156987,"comment_status":"open","ping_status":"closed","template":"","meta":[],"product_brand":[649],"product_cat":[65,581,603],"product_tag":[106],"class_list":{"0":"post-14372","1":"product","2":"type-product","3":"status-publish","4":"has-post-thumbnail","6":"product_brand-brandp_532","7":"product_cat-informatique-electronique","8":"product_cat-informatique-peripheriques-et-consommables","9":"product_cat-ups","10":"product_tag-tag_1295","12":"first","13":"instock","14":"taxable","15":"shipping-taxable","16":"purchasable","17":"product-type-simple"},"_links":{"self":[{"href":"https:\/\/bigbuy.tupique.com\/en\/wp-json\/wp\/v2\/product\/14372","targetHints":{"allow":["GET"]}}],"collection":[{"href":"https:\/\/bigbuy.tupique.com\/en\/wp-json\/wp\/v2\/product"}],"about":[{"href":"https:\/\/bigbuy.tupique.com\/en\/wp-json\/wp\/v2\/types\/product"}],"replies":[{"embeddable":true,"href":"https:\/\/bigbuy.tupique.com\/en\/wp-json\/wp\/v2\/comments?post=14372"}],"wp:featuredmedia":[{"embeddable":true,"href":"https:\/\/bigbuy.tupique.com\/en\/wp-json\/wp\/v2\/media\/156987"}],"wp:attachment":[{"href":"https:\/\/bigbuy.tupique.com\/en\/wp-json\/wp\/v2\/media?parent=14372"}],"wp:term":[{"taxonomy":"product_brand","embeddable":true,"href":"https:\/\/bigbuy.tupique.com\/en\/wp-json\/wp\/v2\/product_brand?post=14372"},{"taxonomy":"product_cat","embeddable":true,"href":"https:\/\/bigbuy.tupique.com\/en\/wp-json\/wp\/v2\/product_cat?post=14372"},{"taxonomy":"product_tag","embeddable":true,"href":"https:\/\/bigbuy.tupique.com\/en\/wp-json\/wp\/v2\/product_tag?post=14372"}],"curies":[{"name":"wp","href":"https:\/\/api.w.org\/{rel}","templated":true}]}}