{"id":14362,"date":"2026-03-29T12:01:45","date_gmt":"2026-03-29T11:01:45","guid":{"rendered":"https:\/\/bigbuy.tupique.com\/produto\/rack-apc-ap7921b-230-v-black\/"},"modified":"2026-04-16T08:11:14","modified_gmt":"2026-04-16T07:11:14","slug":"rack-apc-ap7921b-230-v-black","status":"publish","type":"product","link":"https:\/\/bigbuy.tupique.com\/en\/produto\/rack-apc-ap7921b-230-v-black\/","title":{"rendered":"Rangement APC AP7921B 230 V Noir"},"content":{"rendered":"<p>Si vous \u00eates passionn\u00e9 d&#8217;<b>informatique et d&#8217;\u00e9lectronique<\/b>, si vous \u00eates \u00e0 la pointe de la technologie et qu&#8217;aucun d\u00e9tail ne vous \u00e9chappe, achetez <b>Rangement APC AP7921B 230 V Noir<\/b> au meilleur prix.<\/p>\n<p>Le <b>AP7921B d\u2019APC<\/b> est une <b>PDU rack<\/b> (Unit\u00e9 de Distribution d\u2019\u00c9nergie) professionnelle con\u00e7ue pour une gestion efficace et s\u00e9curis\u00e9e de l\u2019alimentation \u00e9lectrique dans des environnements critiques tels que les centres de donn\u00e9es et les salles serveurs. Ce mod\u00e8le au format compact <b>1U<\/b> et finition <b>noire<\/b> est fabriqu\u00e9 en <b>acier<\/b> robuste, garantissant durabilit\u00e9 et int\u00e9gration solide dans les installations standard de <b>19&#8243;<\/b>. Son montage horizontal ou vertical offre une grande flexibilit\u00e9 selon les besoins du rack. Il dispose de <b>huit prises AC type C13<\/b>, id\u00e9ales pour alimenter divers \u00e9quipements informatiques et \u00e9lectroniques, ainsi qu\u2019un connecteur d\u2019entr\u00e9e <b>C20<\/b> pour une compatibilit\u00e9 accrue avec les infrastructures professionnelles. L\u2019AP7921B prend en charge des tensions d\u2019entr\u00e9e de <b>230 V<\/b> et <b>240 V<\/b> \u00e0 une fr\u00e9quence de <b>50 &#8211; 60 Hz<\/b>, fonctionnant avec un courant maximal de <b>16 A<\/b>, permettant ainsi une distribution d\u2019\u00e9nergie s\u00fbre \u00e0 plusieurs appareils simultan\u00e9ment. Il int\u00e8gre des fonctions avanc\u00e9es de surveillance du courant, de la puissance et de la tension, ainsi que des capacit\u00e9s de contr\u00f4le \u00e0 distance telles que le verrouillage, le recyclage, l\u2019arr\u00eat et la mise sous tension des prises, facilitant ainsi la gestion et la protection des syst\u00e8mes connect\u00e9s. Son c\u00e2ble d\u2019alimentation de <b>2,5 m\u00e8tres<\/b> offre une flexibilit\u00e9 d\u2019installation, optimisant la gestion du c\u00e2blage interne du rack. La conception r\u00e9gul\u00e9e et commut\u00e9e de cette PDU r\u00e9pond aux exigences d\u2019une exploitation continue et d\u2019une gestion \u00e9nerg\u00e9tique professionnelle dans les infrastructures IT. En r\u00e9sum\u00e9, l\u2019APC AP7921B r\u00e9unit des fonctionnalit\u00e9s essentielles de s\u00e9curit\u00e9, de contr\u00f4le et de robustesse, se positionnant comme un choix fiable pour la distribution \u00e9lectrique dans les environnements professionnels \u00e0 forte demande.<\/p>\n<ul>\n<li>Tension:\n<ul>\n<li>230 V<\/li>\n<li>240 V<\/li>\n<\/ul>\n<\/li>\n<li>Amp\u00e9rage:\n<ul>\n<li>20 A<\/li>\n<li>16 A<\/li>\n<\/ul>\n<\/li>\n<li>Montage en rack: 1U<\/li>\n<li>Couleur: Noir<\/li>\n<li>Mat\u00e9riel: Acier<\/li>\n<li>Ann\u00e9e: 2016<\/li>\n<li>Longueur du c\u00e2ble: 2,5 m<\/li>\n<li>puissance: 3680 W<\/li>\n<li>Certificat: RoHS<\/li>\n<li>Fr\u00e9quence d&#8217;entr\u00e9e AC: 50-60 Hz<\/li>\n<li>Connexions:\n<ul>\n<li>AC x 8<\/li>\n<li>C20 coupler<\/li>\n<\/ul>\n<\/li>\n<\/ul>","protected":false},"excerpt":{"rendered":"<p>Si vous \u00eates passionn\u00e9 d&#8217;informatique et d&#8217;\u00e9lectronique, si vous \u00eates \u00e0 la pointe de la technologie et qu&#8217;aucun d\u00e9tail ne vous \u00e9chappe, achetez Rangement APC AP7921B 230 V Noir au meilleur prix. Le AP7921B d\u2019APC est une PDU rack (Unit\u00e9 de Distribution d\u2019\u00c9nergie) professionnelle con\u00e7ue pour une gestion efficace et s\u00e9curis\u00e9e de l\u2019alimentation \u00e9lectrique dans [&hellip;]<\/p>\n","protected":false},"featured_media":14360,"comment_status":"open","ping_status":"closed","template":"","meta":[],"product_brand":[649],"product_cat":[605,65,584],"product_tag":[210],"class_list":{"0":"post-14362","1":"product","2":"type-product","3":"status-publish","4":"has-post-thumbnail","6":"product_brand-brandp_532","7":"product_cat-armoires-rack","8":"product_cat-informatique-electronique","9":"product_cat-informatique-reseaux-et-composants","10":"product_tag-tag_25","12":"first","13":"instock","14":"taxable","15":"shipping-taxable","16":"purchasable","17":"product-type-simple"},"_links":{"self":[{"href":"https:\/\/bigbuy.tupique.com\/en\/wp-json\/wp\/v2\/product\/14362","targetHints":{"allow":["GET"]}}],"collection":[{"href":"https:\/\/bigbuy.tupique.com\/en\/wp-json\/wp\/v2\/product"}],"about":[{"href":"https:\/\/bigbuy.tupique.com\/en\/wp-json\/wp\/v2\/types\/product"}],"replies":[{"embeddable":true,"href":"https:\/\/bigbuy.tupique.com\/en\/wp-json\/wp\/v2\/comments?post=14362"}],"wp:featuredmedia":[{"embeddable":true,"href":"https:\/\/bigbuy.tupique.com\/en\/wp-json\/wp\/v2\/media\/14360"}],"wp:attachment":[{"href":"https:\/\/bigbuy.tupique.com\/en\/wp-json\/wp\/v2\/media?parent=14362"}],"wp:term":[{"taxonomy":"product_brand","embeddable":true,"href":"https:\/\/bigbuy.tupique.com\/en\/wp-json\/wp\/v2\/product_brand?post=14362"},{"taxonomy":"product_cat","embeddable":true,"href":"https:\/\/bigbuy.tupique.com\/en\/wp-json\/wp\/v2\/product_cat?post=14362"},{"taxonomy":"product_tag","embeddable":true,"href":"https:\/\/bigbuy.tupique.com\/en\/wp-json\/wp\/v2\/product_tag?post=14362"}],"curies":[{"name":"wp","href":"https:\/\/api.w.org\/{rel}","templated":true}]}}