{"id":14342,"date":"2026-03-29T12:01:16","date_gmt":"2026-03-29T11:01:16","guid":{"rendered":"https:\/\/bigbuy.tupique.com\/produto\/multimode-sfp-fibre-module-netgear-axm761-10000s\/"},"modified":"2026-04-14T23:39:46","modified_gmt":"2026-04-14T22:39:46","slug":"multimode-sfp-fibre-module-netgear-axm761-10000s","status":"publish","type":"product","link":"https:\/\/bigbuy.tupique.com\/en\/produto\/multimode-sfp-fibre-module-netgear-axm761-10000s\/","title":{"rendered":"Module SFP+ \u00e0 fibre optique multimode Netgear AXM761-10000S"},"content":{"rendered":"<p>Si vous \u00eates passionn\u00e9 d&#8217;<b>informatique et d&#8217;\u00e9lectronique<\/b>, si vous \u00eates \u00e0 la pointe de la technologie et qu&#8217;aucun d\u00e9tail ne vous \u00e9chappe, achetez <b>Module SFP+ \u00e0 fibre optique multimode Netgear AXM761-10000S<\/b> au meilleur prix.<\/p>\n<p>Le <b>module NETGEAR AXM761-10000S<\/b> est un <b>module fibre SFP multimode<\/b> con\u00e7u pour offrir des connexions haut d\u00e9bit dans les r\u00e9seaux de donn\u00e9es, id\u00e9al pour les infrastructures n\u00e9cessitant un transfert rapide et efficace. Ce transceiver supporte une <b>vitesse allant jusqu\u2019\u00e0 10 Gbps (10000 Mbit\/s)<\/b>, permettant un flux optimal d\u2019informations avec la technologie de c\u00e2blage <b>10Gbase-SR<\/b>, sp\u00e9cialement con\u00e7ue pour les liaisons courtes en fibre multimode. Sa capacit\u00e9 technique permet une <b>distance maximale de transmission de 300 m\u00e8tres<\/b>, adapt\u00e9e aux environnements professionnels, centres de donn\u00e9es et applications n\u00e9cessitant une faible latence en connexions locales. De plus, ce module se distingue par son faible poids, seulement <b>17,1 grammes<\/b>, facilitant son int\u00e9gration dans divers \u00e9quipements sans affecter la gestion du mat\u00e9riel. Son alimentation en <b>240 V<\/b> garantit la compatibilit\u00e9 avec les syst\u00e8mes r\u00e9seau standards, assurant stabilit\u00e9 et performance constante. Fabriqu\u00e9 par NETGEAR, marque reconnue pour la fiabilit\u00e9 de ses solutions de connectivit\u00e9, ce module SFP+ est une option solide pour mettre \u00e0 jour ou \u00e9tendre des r\u00e9seaux exigeant haute vitesse et qualit\u00e9 dans la transmission de donn\u00e9es optiques. En r\u00e9sum\u00e9, l\u2019AXM761-10000S allie efficacit\u00e9, rapidit\u00e9 et configuration technique adapt\u00e9e aux environnements professionnels requ\u00e9rant des connexions optiques robustes et de derni\u00e8re g\u00e9n\u00e9ration.<\/p>\n<ul>\n<li>vitesse:\n<ul>\n<li>10 Gbps SFP+<\/li>\n<li>10000 Mbit\/s<\/li>\n<\/ul>\n<\/li>\n<li>Type:\n<ul>\n<li>Connecteur<\/li>\n<li>Module SFP+ \u00e0 fibre optique multimode<\/li>\n<\/ul>\n<\/li>\n<li>Port\u00e9e: 300 m<\/li>\n<li>Tension: 240 V<\/li>\n<li>Ports: 2<\/li>\n<\/ul>","protected":false},"excerpt":{"rendered":"<p>Si vous \u00eates passionn\u00e9 d&#8217;informatique et d&#8217;\u00e9lectronique, si vous \u00eates \u00e0 la pointe de la technologie et qu&#8217;aucun d\u00e9tail ne vous \u00e9chappe, achetez Module SFP+ \u00e0 fibre optique multimode Netgear AXM761-10000S au meilleur prix. Le module NETGEAR AXM761-10000S est un module fibre SFP multimode con\u00e7u pour offrir des connexions haut d\u00e9bit dans les r\u00e9seaux de [&hellip;]<\/p>\n","protected":false},"featured_media":14341,"comment_status":"open","ping_status":"closed","template":"","meta":[],"product_brand":[633],"product_cat":[65,584,597],"product_tag":[106],"class_list":{"0":"post-14342","1":"product","2":"type-product","3":"status-publish","4":"has-post-thumbnail","6":"product_brand-brandp_567","7":"product_cat-informatique-electronique","8":"product_cat-informatique-reseaux-et-composants","9":"product_cat-reseaux-cables","10":"product_tag-tag_1295","12":"first","13":"instock","14":"taxable","15":"shipping-taxable","16":"purchasable","17":"product-type-simple"},"_links":{"self":[{"href":"https:\/\/bigbuy.tupique.com\/en\/wp-json\/wp\/v2\/product\/14342","targetHints":{"allow":["GET"]}}],"collection":[{"href":"https:\/\/bigbuy.tupique.com\/en\/wp-json\/wp\/v2\/product"}],"about":[{"href":"https:\/\/bigbuy.tupique.com\/en\/wp-json\/wp\/v2\/types\/product"}],"replies":[{"embeddable":true,"href":"https:\/\/bigbuy.tupique.com\/en\/wp-json\/wp\/v2\/comments?post=14342"}],"wp:featuredmedia":[{"embeddable":true,"href":"https:\/\/bigbuy.tupique.com\/en\/wp-json\/wp\/v2\/media\/14341"}],"wp:attachment":[{"href":"https:\/\/bigbuy.tupique.com\/en\/wp-json\/wp\/v2\/media?parent=14342"}],"wp:term":[{"taxonomy":"product_brand","embeddable":true,"href":"https:\/\/bigbuy.tupique.com\/en\/wp-json\/wp\/v2\/product_brand?post=14342"},{"taxonomy":"product_cat","embeddable":true,"href":"https:\/\/bigbuy.tupique.com\/en\/wp-json\/wp\/v2\/product_cat?post=14342"},{"taxonomy":"product_tag","embeddable":true,"href":"https:\/\/bigbuy.tupique.com\/en\/wp-json\/wp\/v2\/product_tag?post=14342"}],"curies":[{"name":"wp","href":"https:\/\/api.w.org\/{rel}","templated":true}]}}