{"id":14336,"date":"2026-03-29T12:01:09","date_gmt":"2026-03-29T11:01:09","guid":{"rendered":"https:\/\/bigbuy.tupique.com\/produto\/webcam-logitech-rally-4k-ultra-hd\/"},"modified":"2026-04-14T23:39:47","modified_gmt":"2026-04-14T22:39:47","slug":"webcam-logitech-rally-4k-ultra-hd","status":"publish","type":"product","link":"https:\/\/bigbuy.tupique.com\/en\/produto\/webcam-logitech-rally-4k-ultra-hd\/","title":{"rendered":"Webcam Logitech RALLY 4K Ultra HD"},"content":{"rendered":"<p>Si vous \u00eates passionn\u00e9 d&#8217;<b>informatique et d&#8217;\u00e9lectronique<\/b>, si vous \u00eates \u00e0 la pointe de la technologie et qu&#8217;aucun d\u00e9tail ne vous \u00e9chappe, achetez <b>Webcam Logitech RALLY 4K Ultra HD<\/b> au meilleur prix.<\/p>\n<ul>\n<li>Inclut:\n<ul>\n<li>Haut-parleur<\/li>\n<li>Microphone<\/li>\n<li>T\u00e9l\u00e9commande<\/li>\n<\/ul>\n<\/li>\n<li>R\u00e9solution: 4K Ultra HD<\/li>\n<li>R\u00e9solution d&#8217;enregistrement de vid\u00e9o: 4K 30 fps<\/li>\n<li>R\u00e9solution (px):\n<ul>\n<li>1080 px<\/li>\n<li>720 px<\/li>\n<\/ul>\n<\/li>\n<li>Connexions:\n<ul>\n<li>USB-A 3.2<\/li>\n<li>USB<\/li>\n<li>Ethernet LAN<\/li>\n<li>2<\/li>\n<li>3<\/li>\n<li>USB x 3<\/li>\n<li>RJ45<\/li>\n<li>USB 2.0 x 3<\/li>\n<li>HDMI x 4<\/li>\n<\/ul>\n<\/li>\n<li>Type: Webcam<\/li>\n<li>Couleur: Noir<\/li>\n<li>Caract\u00e9ristiques:\n<ul>\n<li>Zoom Num\u00e9rique<\/li>\n<li>Autofocus<\/li>\n<\/ul>\n<\/li>\n<li>Bloc d\u2019Alimentation:\n<ul>\n<li>Courant alternatif<\/li>\n<li>CC<\/li>\n<\/ul>\n<\/li>\n<li>Longueur du c\u00e2ble: 1,5 m<\/li>\n<li>Modes vid\u00e9o support\u00e9s: 1080p<\/li>\n<li>Connectivit\u00e9: Wi-Fi<\/li>\n<li>Ann\u00e9e: 2018<\/li>\n<li>R\u00e9solution vid\u00e9o: 4K<\/li>\n<li>Angle: -90\u00ba \/ 90\u00ba<\/li>\n<\/ul>","protected":false},"excerpt":{"rendered":"<p>Si vous \u00eates passionn\u00e9 d&#8217;informatique et d&#8217;\u00e9lectronique, si vous \u00eates \u00e0 la pointe de la technologie et qu&#8217;aucun d\u00e9tail ne vous \u00e9chappe, achetez Webcam Logitech RALLY 4K Ultra HD au meilleur prix. Inclut: Haut-parleur Microphone T\u00e9l\u00e9commande R\u00e9solution: 4K Ultra HD R\u00e9solution d&#8217;enregistrement de vid\u00e9o: 4K 30 fps R\u00e9solution (px): 1080 px 720 px Connexions: USB-A [&hellip;]<\/p>\n","protected":false},"featured_media":14333,"comment_status":"open","ping_status":"closed","template":"","meta":[],"product_brand":[647],"product_cat":[65,581,607],"product_tag":[213,106],"class_list":{"0":"post-14336","1":"product","2":"type-product","3":"status-publish","4":"has-post-thumbnail","6":"product_brand-brandp_561","7":"product_cat-informatique-electronique","8":"product_cat-informatique-peripheriques-et-consommables","9":"product_cat-webcam","10":"product_tag-tag_933","11":"product_tag-tag_1295","13":"first","14":"instock","15":"taxable","16":"shipping-taxable","17":"purchasable","18":"product-type-simple"},"_links":{"self":[{"href":"https:\/\/bigbuy.tupique.com\/en\/wp-json\/wp\/v2\/product\/14336","targetHints":{"allow":["GET"]}}],"collection":[{"href":"https:\/\/bigbuy.tupique.com\/en\/wp-json\/wp\/v2\/product"}],"about":[{"href":"https:\/\/bigbuy.tupique.com\/en\/wp-json\/wp\/v2\/types\/product"}],"replies":[{"embeddable":true,"href":"https:\/\/bigbuy.tupique.com\/en\/wp-json\/wp\/v2\/comments?post=14336"}],"wp:featuredmedia":[{"embeddable":true,"href":"https:\/\/bigbuy.tupique.com\/en\/wp-json\/wp\/v2\/media\/14333"}],"wp:attachment":[{"href":"https:\/\/bigbuy.tupique.com\/en\/wp-json\/wp\/v2\/media?parent=14336"}],"wp:term":[{"taxonomy":"product_brand","embeddable":true,"href":"https:\/\/bigbuy.tupique.com\/en\/wp-json\/wp\/v2\/product_brand?post=14336"},{"taxonomy":"product_cat","embeddable":true,"href":"https:\/\/bigbuy.tupique.com\/en\/wp-json\/wp\/v2\/product_cat?post=14336"},{"taxonomy":"product_tag","embeddable":true,"href":"https:\/\/bigbuy.tupique.com\/en\/wp-json\/wp\/v2\/product_tag?post=14336"}],"curies":[{"name":"wp","href":"https:\/\/api.w.org\/{rel}","templated":true}]}}