{"id":14292,"date":"2026-03-29T11:49:00","date_gmt":"2026-03-29T10:49:00","guid":{"rendered":"https:\/\/bigbuy.tupique.com\/produto\/2-port-kvm-switch-startech-sv231dpua\/"},"modified":"2026-04-14T23:39:43","modified_gmt":"2026-04-14T22:39:43","slug":"2-port-kvm-switch-startech-sv231dpua","status":"publish","type":"product","link":"https:\/\/bigbuy.tupique.com\/en\/produto\/2-port-kvm-switch-startech-sv231dpua\/","title":{"rendered":"Commutateur KVM avec 2 Ports Startech SV231DPUA"},"content":{"rendered":"<p>Si vous \u00eates passionn\u00e9 d&#8217;<b>informatique et d&#8217;\u00e9lectronique<\/b>, si vous \u00eates \u00e0 la pointe de la technologie et qu&#8217;aucun d\u00e9tail ne vous \u00e9chappe, achetez <b>Commutateur KVM avec 2 Ports Startech SV231DPUA<\/b> au meilleur prix.<\/p>\n<p>Le <b>commutateur KVM 2 ports SV231DPUA<\/b> de Startech est un appareil professionnel con\u00e7u pour contr\u00f4ler et g\u00e9rer deux ordinateurs depuis une seule console, int\u00e9grant une vid\u00e9o haute d\u00e9finition via des <b>connexions DisplayPort<\/b> supportant des r\u00e9solutions natives jusqu\u2019\u00e0 <b>2560 x 1600 pixels<\/b> et atteignant un maximum de <b>3840 x 2400 pixels<\/b> \u00e0 des fr\u00e9quences de rafra\u00eechissement plus basses. Son design compact et robuste, en <b>acier et plastique<\/b> de couleur <b>noire<\/b>, offre une solution fiable pour les applications multim\u00e9dias avanc\u00e9es et les environnements exigeant une haute qualit\u00e9 visuelle, comme le secteur m\u00e9dical pour l\u2019IRM ou les radiographies. Ce commutateur int\u00e8gre un syst\u00e8me de commutation simple via des boutons physiques en fa\u00e7ade et des raccourcis clavier, garantissant une utilisation rapide et ergonomique. Il dispose de ports USB 2.0 facilitant la connexion de claviers, souris et autres p\u00e9riph\u00e9riques USB, ainsi qu\u2019un concentrateur USB 2.0 plug-and-play pour partager un accessoire suppl\u00e9mentaire entre les deux ordinateurs sans dupliquer les dispositifs. C\u00f4t\u00e9 audio, il prend en charge une sortie num\u00e9rique 7.1 canaux HD lorsqu\u2019il est connect\u00e9 \u00e0 des sources compatibles, ainsi qu\u2019un audio analogique st\u00e9r\u00e9o 3,5 mm pour microphone et haut-parleurs, \u00e9tendant les fonctionnalit\u00e9s du poste de travail. Le SV231DPUA fonctionne avec une entr\u00e9e \u00e9lectrique de <b>110-240 V<\/b> et une sortie de <b>12 V, 0,8 A<\/b>, respectant les certifications internationales telles que <b>CE, UL, FCC, RoHS, REACH<\/b>, garantissant qualit\u00e9 et s\u00e9curit\u00e9. En r\u00e9sum\u00e9, ce commutateur KVM USB et DisplayPort offre une gestion centralis\u00e9e efficace, id\u00e9ale pour les professionnels n\u00e9cessitant une haute r\u00e9solution d\u2019image, un partage polyvalent de p\u00e9riph\u00e9riques et une installation robuste pour environnements exigeants.<\/p>\n<ul>\n<li>Ports: 2<\/li>\n<li>R\u00e9solution: 4K Ultra HD<\/li>\n<li>R\u00e9solution (px): 3840 x 2400 Px<\/li>\n<li>Produit \u00e0 brancher: Oui<\/li>\n<li>Type de prise: Prise EU<\/li>\n<li>Bloc d\u2019Alimentation:\n<ul>\n<li>r\u00e9seau \u00e9lectrique<\/li>\n<li>C\u00e2ble \u00e9lectrique<\/li>\n<li>CC<\/li>\n<\/ul>\n<\/li>\n<li>Couleur: Noir<\/li>\n<li>Connexions:\n<ul>\n<li>USB<\/li>\n<li>DisplayPort<\/li>\n<li>USB 2.0<\/li>\n<li>DisplayPort x 2<\/li>\n<li>SATA<\/li>\n<li>USB-A<\/li>\n<\/ul>\n<\/li>\n<li>Mati\u00e8re:\n<ul>\n<li>Acier<\/li>\n<li>Plastique<\/li>\n<\/ul>\n<\/li>\n<li>Tension: 12 V<\/li>\n<li>Caract\u00e9ristiques:\n<ul>\n<li>Plug and play<\/li>\n<li>T\u00e9moin de fonctionnement LED<\/li>\n<\/ul>\n<\/li>\n<li>Certificat: RoHS<\/li>\n<li>Ethernet: Non<\/li>\n<li>puissance: 24 W<\/li>\n<li>Longueur: 13 cm<\/li>\n<li>Non Inclus: Adaptateur AC<\/li>\n<li>Amp\u00e9rage: 2 A<\/li>\n<li>\u00c9cran integr\u00e9: Non<\/li>\n<li>Tension d&#8217;entr\u00e9e AC: 110 &#8211; 240 V<\/li>\n<li>Inclut: Manuel de l&#8217;utilisateur<\/li>\n<\/ul>","protected":false},"excerpt":{"rendered":"<p><span class=\"unit-info\">2284.5385 &euro; \/ 1 m<\/span><\/p>","protected":false},"featured_media":14289,"comment_status":"open","ping_status":"closed","template":"","meta":[],"product_brand":[634],"product_cat":[598,65,608],"product_tag":[106],"class_list":{"0":"post-14292","1":"product","2":"type-product","3":"status-publish","4":"has-post-thumbnail","6":"product_brand-brandp_4771","7":"product_cat-informatique-cables-et-adaptateurs","8":"product_cat-informatique-electronique","9":"product_cat-switch-kvm","10":"product_tag-tag_1295","12":"first","13":"instock","14":"taxable","15":"shipping-taxable","16":"purchasable","17":"product-type-simple"},"_links":{"self":[{"href":"https:\/\/bigbuy.tupique.com\/en\/wp-json\/wp\/v2\/product\/14292","targetHints":{"allow":["GET"]}}],"collection":[{"href":"https:\/\/bigbuy.tupique.com\/en\/wp-json\/wp\/v2\/product"}],"about":[{"href":"https:\/\/bigbuy.tupique.com\/en\/wp-json\/wp\/v2\/types\/product"}],"replies":[{"embeddable":true,"href":"https:\/\/bigbuy.tupique.com\/en\/wp-json\/wp\/v2\/comments?post=14292"}],"wp:featuredmedia":[{"embeddable":true,"href":"https:\/\/bigbuy.tupique.com\/en\/wp-json\/wp\/v2\/media\/14289"}],"wp:attachment":[{"href":"https:\/\/bigbuy.tupique.com\/en\/wp-json\/wp\/v2\/media?parent=14292"}],"wp:term":[{"taxonomy":"product_brand","embeddable":true,"href":"https:\/\/bigbuy.tupique.com\/en\/wp-json\/wp\/v2\/product_brand?post=14292"},{"taxonomy":"product_cat","embeddable":true,"href":"https:\/\/bigbuy.tupique.com\/en\/wp-json\/wp\/v2\/product_cat?post=14292"},{"taxonomy":"product_tag","embeddable":true,"href":"https:\/\/bigbuy.tupique.com\/en\/wp-json\/wp\/v2\/product_tag?post=14292"}],"curies":[{"name":"wp","href":"https:\/\/api.w.org\/{rel}","templated":true}]}}