{"id":14207,"date":"2026-03-29T11:47:05","date_gmt":"2026-03-29T10:47:05","guid":{"rendered":"https:\/\/bigbuy.tupique.com\/produto\/uninterruptible-power-supply-system-interactive-ups-apc-srt5krmxli\/"},"modified":"2026-05-11T19:58:57","modified_gmt":"2026-05-11T17:58:57","slug":"uninterruptible-power-supply-system-interactive-ups-apc-srt5krmxli","status":"publish","type":"product","link":"https:\/\/bigbuy.tupique.com\/en\/produto\/uninterruptible-power-supply-system-interactive-ups-apc-srt5krmxli\/","title":{"rendered":"Syst\u00e8me d&#8217;Alimentation Sans Interruption Interactif APC SRT5KRMXLI"},"content":{"rendered":"<p>Si vous \u00eates passionn\u00e9 d&#8217;<b>informatique et d&#8217;\u00e9lectronique<\/b>, si vous \u00eates \u00e0 la pointe de la technologie et qu&#8217;aucun d\u00e9tail ne vous \u00e9chappe, achetez <b>Syst\u00e8me d&#8217;Alimentation Sans Interruption Interactif APC SRT5KRMXLI          <\/b> au meilleur prix.<\/p>\n<p>Le <b>APC Smart-UPS On-Line SRT5KRMXLI<\/b> est un syst\u00e8me d\u2019alimentation sans interruption (ASI) de type <b>On Line<\/b> con\u00e7u pour offrir une protection \u00e9lectrique avanc\u00e9e dans les environnements critiques. Avec une <b>puissance de sortie de 4500 W<\/b> et une capacit\u00e9 de <b>5000 VA<\/b>, cet appareil garantit une alimentation stable et continue gr\u00e2ce \u00e0 sa topologie de <b>double conversion en ligne<\/b>, \u00e9liminant toute interruption ou variation de tension. Il est \u00e9quip\u00e9 d\u2019une batterie \u00e0 technologie <b>VRLA (Sealed Lead Acid)<\/b> d\u2019une capacit\u00e9 de <b>845 VAh<\/b>, offrant une autonomie typique de 4 minutes \u00e0 pleine charge, suffisante pour prot\u00e9ger les \u00e9quipements sensibles lors de coupures ou perturbations \u00e9lectriques. Son format est flexible, compatible avec le <b>montage en rack (3U)<\/b> ou en tour, facilitant son int\u00e9gration dans divers environnements IT. Il se distingue aussi par ses multiples options de sortie, incluant <b>10 prises AC, connecteurs C13 et C19, ainsi qu\u2019un connecteur Hardwire<\/b> pour une grande polyvalence. C\u00f4t\u00e9 connectivit\u00e9, il dispose d\u2019interfaces <b>RJ-45 s\u00e9rie, USB et Smart-Slot<\/b>, permettant la surveillance et la gestion \u00e0 distance. Parmi ses fonctions suppl\u00e9mentaires figurent une <b>alarme sonore<\/b>, un <b>indicateur de surcharge<\/b> et la capacit\u00e9 de d\u00e9marrage \u00e0 froid, assurant un fonctionnement fiable en toutes conditions. Sa couleur principale est le <b>noir<\/b>, avec des variantes en blanc et noir adapt\u00e9es \u00e0 diff\u00e9rents environnements. Le pack comprend \u00e9galement une documentation compl\u00e8te, des supports et rails pour montage en rack, le mat\u00e9riel sp\u00e9cifique, une sonde de temp\u00e9rature et une carte de garantie, garantissant la fiabilit\u00e9 et le support APC. Ses certifications, dont <b>RoHS, REACH, CE, EAC, IRAM, RCM et VDE<\/b>, assurent le respect des normes internationales strictes de qualit\u00e9 et s\u00e9curit\u00e9. Ce mod\u00e8le est une solution robuste et professionnelle pour maintenir l\u2019op\u00e9rabilit\u00e9 des centres de donn\u00e9es, serveurs et \u00e9quipements critiques, minimisant les risques li\u00e9s aux pannes \u00e9lectriques. En r\u00e9sum\u00e9, le APC Smart-UPS On-Line SRT5KRMXLI repr\u00e9sente un investissement solide et techniquement avanc\u00e9 pour une protection \u00e9nerg\u00e9tique fiable dans les applications d\u2019entreprise et technologiques.<\/p>\n<ul>\n<li>Tension:\n<ul>\n<li>230 V<\/li>\n<li>220 V<\/li>\n<li>240 V<\/li>\n<\/ul>\n<\/li>\n<li>Puissance r\u00e9active: 5000 VA<\/li>\n<li>Produit \u00e0 brancher: Oui<\/li>\n<li>Type de prise: Prise EU<\/li>\n<li>Temps de charge approx.: 1,5 heures<\/li>\n<li>Type:\n<ul>\n<li>Syst\u00e8me d&#8217;Alimentation Sans Interruption Interactif<\/li>\n<li>C19<\/li>\n<li>Tour<\/li>\n<\/ul>\n<\/li>\n<li>Bloc d\u2019Alimentation: r\u00e9seau \u00e9lectrique<\/li>\n<li>Couleur:\n<ul>\n<li>Noir<\/li>\n<li>Blanc<\/li>\n<\/ul>\n<\/li>\n<li>Connexions:\n<ul>\n<li>AC x 10<\/li>\n<li>USB<\/li>\n<\/ul>\n<\/li>\n<li>Technologie:\n<ul>\n<li>VRLA<\/li>\n<li>LCD<\/li>\n<\/ul>\n<\/li>\n<li>Niveau sonore: 55 dB<\/li>\n<li>Capacit\u00e9: 3 uds<\/li>\n<li>Caract\u00e9ristiques:\n<ul>\n<li>Alarme<\/li>\n<li>D\u00e9marrage \u00e0 froid<\/li>\n<li>Indicateur de surcharge<\/li>\n<\/ul>\n<\/li>\n<li>Fonctions: Hot Swap<\/li>\n<li>Ann\u00e9e: 2014<\/li>\n<li>Tension de sortie: 240 V<\/li>\n<li>puissance: 4500 W<\/li>\n<\/ul>","protected":false},"excerpt":{"rendered":"<p>Si vous \u00eates passionn\u00e9 d&#8217;informatique et d&#8217;\u00e9lectronique, si vous \u00eates \u00e0 la pointe de la technologie et qu&#8217;aucun d\u00e9tail ne vous \u00e9chappe, achetez Syst\u00e8me d&#8217;Alimentation Sans Interruption Interactif APC SRT5KRMXLI au meilleur prix. Le APC Smart-UPS On-Line SRT5KRMXLI est un syst\u00e8me d\u2019alimentation sans interruption (ASI) de type On Line con\u00e7u pour offrir une protection \u00e9lectrique [&hellip;]<\/p>\n","protected":false},"featured_media":14205,"comment_status":"open","ping_status":"closed","template":"","meta":[],"product_brand":[649],"product_cat":[65,581,603],"product_tag":[106],"class_list":{"0":"post-14207","1":"product","2":"type-product","3":"status-publish","4":"has-post-thumbnail","6":"product_brand-brandp_532","7":"product_cat-informatique-electronique","8":"product_cat-informatique-peripheriques-et-consommables","9":"product_cat-ups","10":"product_tag-tag_1295","12":"first","13":"instock","14":"taxable","15":"shipping-taxable","16":"purchasable","17":"product-type-simple"},"_links":{"self":[{"href":"https:\/\/bigbuy.tupique.com\/en\/wp-json\/wp\/v2\/product\/14207","targetHints":{"allow":["GET"]}}],"collection":[{"href":"https:\/\/bigbuy.tupique.com\/en\/wp-json\/wp\/v2\/product"}],"about":[{"href":"https:\/\/bigbuy.tupique.com\/en\/wp-json\/wp\/v2\/types\/product"}],"replies":[{"embeddable":true,"href":"https:\/\/bigbuy.tupique.com\/en\/wp-json\/wp\/v2\/comments?post=14207"}],"wp:featuredmedia":[{"embeddable":true,"href":"https:\/\/bigbuy.tupique.com\/en\/wp-json\/wp\/v2\/media\/14205"}],"wp:attachment":[{"href":"https:\/\/bigbuy.tupique.com\/en\/wp-json\/wp\/v2\/media?parent=14207"}],"wp:term":[{"taxonomy":"product_brand","embeddable":true,"href":"https:\/\/bigbuy.tupique.com\/en\/wp-json\/wp\/v2\/product_brand?post=14207"},{"taxonomy":"product_cat","embeddable":true,"href":"https:\/\/bigbuy.tupique.com\/en\/wp-json\/wp\/v2\/product_cat?post=14207"},{"taxonomy":"product_tag","embeddable":true,"href":"https:\/\/bigbuy.tupique.com\/en\/wp-json\/wp\/v2\/product_tag?post=14207"}],"curies":[{"name":"wp","href":"https:\/\/api.w.org\/{rel}","templated":true}]}}