{"id":14204,"date":"2026-03-29T11:47:01","date_gmt":"2026-03-29T10:47:01","guid":{"rendered":"https:\/\/bigbuy.tupique.com\/produto\/videocamera-jabra-8200-231-4k-ultra-hd-black\/"},"modified":"2026-05-11T19:58:36","modified_gmt":"2026-05-11T17:58:36","slug":"videocamera-jabra-8200-231-4k-ultra-hd-black","status":"publish","type":"product","link":"https:\/\/bigbuy.tupique.com\/en\/produto\/videocamera-jabra-8200-231-4k-ultra-hd-black\/","title":{"rendered":"Cam\u00e9scope Jabra 8200-231 4K Ultra HD Noir"},"content":{"rendered":"<p>Si vous \u00eates passionn\u00e9 d&#8217;<b>informatique et d&#8217;\u00e9lectronique<\/b>, si vous \u00eates \u00e0 la pointe de la technologie et qu&#8217;aucun d\u00e9tail ne vous \u00e9chappe, achetez <b>Cam\u00e9scope Jabra 8200-231 4K Ultra HD Noir<\/b> au meilleur prix.<\/p>\n<ul>\n<li>Couleur: Noir<\/li>\n<li>Stabilisateur d&#8217;image: Non<\/li>\n<li>R\u00e9solution: 4K Ultra HD<\/li>\n<li>Connexions:\n<ul>\n<li>Ethernet LAN<\/li>\n<li>RJ45<\/li>\n<li>USB<\/li>\n<\/ul>\n<\/li>\n<li>Caract\u00e9ristiques: Haut-parleurs int\u00e9gr\u00e9s<\/li>\n<li>Connectivit\u00e9: Bluetooth<\/li>\n<li>R\u00e9ponse de fr\u00e9quence: 80 &#8211; 20000 Hz<\/li>\n<li>R\u00e9solution vid\u00e9o: 4K<\/li>\n<li>Poids: 2,2 kg<\/li>\n<li>Inclut: Kit de montage mural<\/li>\n<\/ul>","protected":false},"excerpt":{"rendered":"<p>Si vous \u00eates passionn\u00e9 d&#8217;informatique et d&#8217;\u00e9lectronique, si vous \u00eates \u00e0 la pointe de la technologie et qu&#8217;aucun d\u00e9tail ne vous \u00e9chappe, achetez Cam\u00e9scope Jabra 8200-231 4K Ultra HD Noir au meilleur prix. Couleur: Noir Stabilisateur d&#8217;image: Non R\u00e9solution: 4K Ultra HD Connexions: Ethernet LAN RJ45 USB Caract\u00e9ristiques: Haut-parleurs int\u00e9gr\u00e9s Connectivit\u00e9: Bluetooth R\u00e9ponse de fr\u00e9quence: [&hellip;]<\/p>\n","protected":false},"featured_media":14203,"comment_status":"open","ping_status":"closed","template":"","meta":[],"product_brand":[642],"product_cat":[606,600,65],"product_tag":[571],"class_list":{"0":"post-14204","1":"product","2":"type-product","3":"status-publish","4":"has-post-thumbnail","6":"product_brand-brandp_3341","7":"product_cat-camescopes","8":"product_cat-electronique-photo-et-video","9":"product_cat-informatique-electronique","10":"product_tag-tag_27","12":"first","13":"instock","14":"taxable","15":"shipping-taxable","16":"purchasable","17":"product-type-simple"},"_links":{"self":[{"href":"https:\/\/bigbuy.tupique.com\/en\/wp-json\/wp\/v2\/product\/14204","targetHints":{"allow":["GET"]}}],"collection":[{"href":"https:\/\/bigbuy.tupique.com\/en\/wp-json\/wp\/v2\/product"}],"about":[{"href":"https:\/\/bigbuy.tupique.com\/en\/wp-json\/wp\/v2\/types\/product"}],"replies":[{"embeddable":true,"href":"https:\/\/bigbuy.tupique.com\/en\/wp-json\/wp\/v2\/comments?post=14204"}],"wp:featuredmedia":[{"embeddable":true,"href":"https:\/\/bigbuy.tupique.com\/en\/wp-json\/wp\/v2\/media\/14203"}],"wp:attachment":[{"href":"https:\/\/bigbuy.tupique.com\/en\/wp-json\/wp\/v2\/media?parent=14204"}],"wp:term":[{"taxonomy":"product_brand","embeddable":true,"href":"https:\/\/bigbuy.tupique.com\/en\/wp-json\/wp\/v2\/product_brand?post=14204"},{"taxonomy":"product_cat","embeddable":true,"href":"https:\/\/bigbuy.tupique.com\/en\/wp-json\/wp\/v2\/product_cat?post=14204"},{"taxonomy":"product_tag","embeddable":true,"href":"https:\/\/bigbuy.tupique.com\/en\/wp-json\/wp\/v2\/product_tag?post=14204"}],"curies":[{"name":"wp","href":"https:\/\/api.w.org\/{rel}","templated":true}]}}