{"id":14140,"date":"2026-03-29T11:45:35","date_gmt":"2026-03-29T10:45:35","guid":{"rendered":"https:\/\/bigbuy.tupique.com\/produto\/uninterruptible-power-supply-system-interactive-ups-apc-br1500g-gr\/"},"modified":"2026-04-16T08:11:18","modified_gmt":"2026-04-16T07:11:18","slug":"uninterruptible-power-supply-system-interactive-ups-apc-br1500g-gr","status":"publish","type":"product","link":"https:\/\/bigbuy.tupique.com\/en\/produto\/uninterruptible-power-supply-system-interactive-ups-apc-br1500g-gr\/","title":{"rendered":"Syst\u00e8me d&#8217;Alimentation Sans Interruption Interactif APC BR1500G-GR"},"content":{"rendered":"<p>Si vous \u00eates passionn\u00e9 d&#8217;<b>informatique et d&#8217;\u00e9lectronique<\/b>, si vous \u00eates \u00e0 la pointe de la technologie et qu&#8217;aucun d\u00e9tail ne vous \u00e9chappe, achetez <b>Syst\u00e8me d&#8217;Alimentation Sans Interruption Interactif APC BR1500G-GR<\/b> au meilleur prix.<\/p>\n<p>Le <b>APC BR1500G-GR<\/b> est un <b>onduleur interactif<\/b> con\u00e7u pour prot\u00e9ger les \u00e9quipements \u00e9lectroniques contre les variations et coupures de courant, offrant stabilit\u00e9 et s\u00e9curit\u00e9 dans les environnements domestiques et professionnels. Ce dispositif <b>tour noire<\/b> int\u00e8gre une technologie LCD facilitant le contr\u00f4le et la surveillance en temps r\u00e9el. Il dispose d\u2019une puissance de sortie de <b>1,5 kVA (865 W)<\/b>, adapt\u00e9e pour alimenter plusieurs appareils critiques, et comprend <b>six prises AC de type F<\/b>, conformes aux normes europ\u00e9ennes. Sa topologie en ligne interactive permet une r\u00e9gulation efficace de la tension, prolongeant la dur\u00e9e de vie des \u00e9quipements connect\u00e9s. La batterie interne, d\u2019une capacit\u00e9 de <b>187 VAh<\/b>, offre un temps de secours d\u2019environ <b>3,7 minutes \u00e0 pleine charge<\/b> et jusqu\u2019\u00e0 <b>12,3 minutes \u00e0 moiti\u00e9 charge<\/b>, facilitant la protection des donn\u00e9es et les arr\u00eats s\u00e9curis\u00e9s en cas de panne. Le <b>SAI APC BR1500G-GR<\/b> int\u00e8gre \u00e9galement un syst\u00e8me d\u2019alarme et un indicateur visuel pour signaler les surcharges ou conditions d\u00e9favorables, assurant une gestion fiable. Son c\u00e2ble de <b>1,83 m\u00e8tre<\/b> offre une installation flexible, et il b\u00e9n\u00e9ficie de certifications importantes telles que <b>RoHS, CE, TUV-GS<\/b> et autres, garantissant qualit\u00e9 et s\u00e9curit\u00e9. De plus, il est conforme aux normes europ\u00e9ennes et permet un d\u00e9marrage \u00e0 froid, une fonction utile assurant son fonctionnement m\u00eame sans courant au d\u00e9marrage. Ce mod\u00e8le interactif repr\u00e9sente une solution robuste et efficace pour les utilisateurs exigeant une protection fiable de leurs appareils \u00e9lectroniques face aux fluctuations et coupures temporaires d\u2019\u00e9lectricit\u00e9.<\/p>\n<ul>\n<li>Technologie: LCD<\/li>\n<li>Produit \u00e0 brancher: Oui<\/li>\n<li>Type de prise:\n<ul>\n<li>Prise EU<\/li>\n<li>F<\/li>\n<\/ul>\n<\/li>\n<li>Type:\n<ul>\n<li>Tour<\/li>\n<li>Syst\u00e8me d&#8217;Alimentation Sans Interruption Interactif<\/li>\n<\/ul>\n<\/li>\n<li>Bloc d\u2019Alimentation: r\u00e9seau \u00e9lectrique<\/li>\n<li>Couleur: Noir<\/li>\n<li>Connexions:\n<ul>\n<li>AC x 6<\/li>\n<li>USB<\/li>\n<\/ul>\n<\/li>\n<li>Tension:\n<ul>\n<li>230 V<\/li>\n<li>300 V<\/li>\n<\/ul>\n<\/li>\n<li>Fr\u00e9quence: 50\/60 Hz<\/li>\n<li>Niveau sonore: 45 dB<\/li>\n<li>Caract\u00e9ristiques:\n<ul>\n<li>Alarme<\/li>\n<li>Interactif<\/li>\n<li>Valable en Europe<\/li>\n<li>D\u00e9marrage \u00e0 froid<\/li>\n<li>Indicateur de surcharge<\/li>\n<\/ul>\n<\/li>\n<li>Fonctions: Hot Swap<\/li>\n<li>Langue: Anglais<\/li>\n<li>Poids approx.: 13 kg<\/li>\n<li>Temps de charge approx.: 8 heures<\/li>\n<li>Facteur de forme: Tower<\/li>\n<\/ul>","protected":false},"excerpt":{"rendered":"<p>Si vous \u00eates passionn\u00e9 d&#8217;informatique et d&#8217;\u00e9lectronique, si vous \u00eates \u00e0 la pointe de la technologie et qu&#8217;aucun d\u00e9tail ne vous \u00e9chappe, achetez Syst\u00e8me d&#8217;Alimentation Sans Interruption Interactif APC BR1500G-GR au meilleur prix. Le APC BR1500G-GR est un onduleur interactif con\u00e7u pour prot\u00e9ger les \u00e9quipements \u00e9lectroniques contre les variations et coupures de courant, offrant stabilit\u00e9 [&hellip;]<\/p>\n","protected":false},"featured_media":14138,"comment_status":"open","ping_status":"closed","template":"","meta":[],"product_brand":[649],"product_cat":[65,581,603],"product_tag":[106],"class_list":{"0":"post-14140","1":"product","2":"type-product","3":"status-publish","4":"has-post-thumbnail","6":"product_brand-brandp_532","7":"product_cat-informatique-electronique","8":"product_cat-informatique-peripheriques-et-consommables","9":"product_cat-ups","10":"product_tag-tag_1295","12":"first","13":"instock","14":"taxable","15":"shipping-taxable","16":"purchasable","17":"product-type-simple"},"_links":{"self":[{"href":"https:\/\/bigbuy.tupique.com\/en\/wp-json\/wp\/v2\/product\/14140","targetHints":{"allow":["GET"]}}],"collection":[{"href":"https:\/\/bigbuy.tupique.com\/en\/wp-json\/wp\/v2\/product"}],"about":[{"href":"https:\/\/bigbuy.tupique.com\/en\/wp-json\/wp\/v2\/types\/product"}],"replies":[{"embeddable":true,"href":"https:\/\/bigbuy.tupique.com\/en\/wp-json\/wp\/v2\/comments?post=14140"}],"wp:featuredmedia":[{"embeddable":true,"href":"https:\/\/bigbuy.tupique.com\/en\/wp-json\/wp\/v2\/media\/14138"}],"wp:attachment":[{"href":"https:\/\/bigbuy.tupique.com\/en\/wp-json\/wp\/v2\/media?parent=14140"}],"wp:term":[{"taxonomy":"product_brand","embeddable":true,"href":"https:\/\/bigbuy.tupique.com\/en\/wp-json\/wp\/v2\/product_brand?post=14140"},{"taxonomy":"product_cat","embeddable":true,"href":"https:\/\/bigbuy.tupique.com\/en\/wp-json\/wp\/v2\/product_cat?post=14140"},{"taxonomy":"product_tag","embeddable":true,"href":"https:\/\/bigbuy.tupique.com\/en\/wp-json\/wp\/v2\/product_tag?post=14140"}],"curies":[{"name":"wp","href":"https:\/\/api.w.org\/{rel}","templated":true}]}}