{"id":14099,"date":"2026-03-29T11:44:28","date_gmt":"2026-03-29T10:44:28","guid":{"rendered":"https:\/\/bigbuy.tupique.com\/produto\/wall-mounted-rack-cabinet-startech-rk2536bkf\/"},"modified":"2026-04-14T23:39:26","modified_gmt":"2026-04-14T22:39:26","slug":"wall-mounted-rack-cabinet-startech-rk2536bkf","status":"publish","type":"product","link":"https:\/\/bigbuy.tupique.com\/en\/produto\/wall-mounted-rack-cabinet-startech-rk2536bkf\/","title":{"rendered":"Armoire Murale Rack Startech RK2536BKF"},"content":{"rendered":"<p>Si vous \u00eates passionn\u00e9 d&#8217;<b>informatique et d&#8217;\u00e9lectronique<\/b>, si vous \u00eates \u00e0 la pointe de la technologie et qu&#8217;aucun d\u00e9tail ne vous \u00e9chappe, achetez <b>Armoire Murale Rack Startech RK2536BKF           <\/b> au meilleur prix.<\/p>\n<ul>\n<li>Type: Rangement<\/li>\n<li>Couleur: Noir<\/li>\n<li>Mat\u00e9riel: Acier<\/li>\n<li>Inclut:\n<ul>\n<li>Kit de Montage<\/li>\n<li>Poteau x 4<\/li>\n<\/ul>\n<\/li>\n<li>Capacit\u00e9: 25 uds<\/li>\n<li>Poids Max. support\u00e9: 800 Kg<\/li>\n<\/ul>","protected":false},"excerpt":{"rendered":"<p>Si vous \u00eates passionn\u00e9 d&#8217;informatique et d&#8217;\u00e9lectronique, si vous \u00eates \u00e0 la pointe de la technologie et qu&#8217;aucun d\u00e9tail ne vous \u00e9chappe, achetez Armoire Murale Rack Startech RK2536BKF au meilleur prix. Type: Rangement Couleur: Noir Mat\u00e9riel: Acier Inclut: Kit de Montage Poteau x 4 Capacit\u00e9: 25 uds Poids Max. support\u00e9: 800 Kg<\/p>","protected":false},"featured_media":14096,"comment_status":"open","ping_status":"closed","template":"","meta":[],"product_brand":[634],"product_cat":[605,65,584],"product_tag":[106],"class_list":{"0":"post-14099","1":"product","2":"type-product","3":"status-publish","4":"has-post-thumbnail","6":"product_brand-brandp_4771","7":"product_cat-armoires-rack","8":"product_cat-informatique-electronique","9":"product_cat-informatique-reseaux-et-composants","10":"product_tag-tag_1295","12":"first","13":"instock","14":"taxable","15":"shipping-taxable","16":"purchasable","17":"product-type-simple"},"_links":{"self":[{"href":"https:\/\/bigbuy.tupique.com\/en\/wp-json\/wp\/v2\/product\/14099","targetHints":{"allow":["GET"]}}],"collection":[{"href":"https:\/\/bigbuy.tupique.com\/en\/wp-json\/wp\/v2\/product"}],"about":[{"href":"https:\/\/bigbuy.tupique.com\/en\/wp-json\/wp\/v2\/types\/product"}],"replies":[{"embeddable":true,"href":"https:\/\/bigbuy.tupique.com\/en\/wp-json\/wp\/v2\/comments?post=14099"}],"wp:featuredmedia":[{"embeddable":true,"href":"https:\/\/bigbuy.tupique.com\/en\/wp-json\/wp\/v2\/media\/14096"}],"wp:attachment":[{"href":"https:\/\/bigbuy.tupique.com\/en\/wp-json\/wp\/v2\/media?parent=14099"}],"wp:term":[{"taxonomy":"product_brand","embeddable":true,"href":"https:\/\/bigbuy.tupique.com\/en\/wp-json\/wp\/v2\/product_brand?post=14099"},{"taxonomy":"product_cat","embeddable":true,"href":"https:\/\/bigbuy.tupique.com\/en\/wp-json\/wp\/v2\/product_cat?post=14099"},{"taxonomy":"product_tag","embeddable":true,"href":"https:\/\/bigbuy.tupique.com\/en\/wp-json\/wp\/v2\/product_tag?post=14099"}],"curies":[{"name":"wp","href":"https:\/\/api.w.org\/{rel}","templated":true}]}}