{"id":14053,"date":"2026-03-29T11:43:27","date_gmt":"2026-03-29T10:43:27","guid":{"rendered":"https:\/\/bigbuy.tupique.com\/produto\/uninterruptible-power-supply-system-interactive-ups-eaton-9sx3000ir-2700-w\/"},"modified":"2026-04-14T23:39:21","modified_gmt":"2026-04-14T22:39:21","slug":"uninterruptible-power-supply-system-interactive-ups-eaton-9sx3000ir-2700-w","status":"publish","type":"product","link":"https:\/\/bigbuy.tupique.com\/en\/produto\/uninterruptible-power-supply-system-interactive-ups-eaton-9sx3000ir-2700-w\/","title":{"rendered":"Syst\u00e8me d&#8217;Alimentation Sans Interruption Interactif Eaton 9SX3000IR 2700 W"},"content":{"rendered":"<p>Si vous \u00eates passionn\u00e9 d&#8217;<b>informatique et d&#8217;\u00e9lectronique<\/b>, si vous \u00eates \u00e0 la pointe de la technologie et qu&#8217;aucun d\u00e9tail ne vous \u00e9chappe, achetez <b>Syst\u00e8me d&#8217;Alimentation Sans Interruption Interactif Eaton 9SX3000IR 2700 W<\/b> au meilleur prix.<\/p>\n<p>Le <b>SAI interactif Eaton 9SX3000IR<\/b> est une solution avanc\u00e9e pour la protection \u00e9lectrique des \u00e9quipements sensibles, alliant efficacit\u00e9 et robustesse dans un format tour ou montage en rack de <b>2U<\/b>. Ce <b>SAI \u00e0 double conversion en ligne<\/b> offre une <b>puissance maximale de 2700 W<\/b> et une capacit\u00e9 de <b>3 kVA<\/b>, garantissant une alimentation stable et continue dans des environnements professionnels exigeant une haute fiabilit\u00e9. \u00c9quip\u00e9 de plusieurs types de sorties, il comprend jusqu\u2019\u00e0 <b>9 connexions AC<\/b> avec des connecteurs <b>C13<\/b> et <b>C19<\/b>, ainsi qu\u2019un connecteur d\u2019entr\u00e9e <b>C20<\/b>, facilitant l\u2019int\u00e9gration avec une large gamme d\u2019appareils techniques et syst\u00e8mes informatiques. Son panneau de contr\u00f4le LCD et sa technologie interactive permettent de surveiller en temps r\u00e9el l\u2019\u00e9tat de l\u2019alimentation, am\u00e9liorant la gestion et la pr\u00e9vention des pannes \u00e9lectriques. De plus, il dispose d\u2019interfaces de communication telles que <b>USB<\/b>, <b>RJ45<\/b> et <b>RS-232<\/b>, facilitant l\u2019administration \u00e0 distance et la connexion aux syst\u00e8mes de gestion r\u00e9seau. L\u2019appareil fonctionne sous <b>240 V<\/b> et se distingue par son design modulaire et compact de couleur <b>noir<\/b>, id\u00e9al pour les environnements o\u00f9 l\u2019espace et l\u2019esth\u00e9tique sont importants. Concernant les certifications et la s\u00e9curit\u00e9, il respecte des normes internationales strictes incluant <b>IEC\/EN 62040-1 et -2<\/b>, <b>UL 1778<\/b>, ainsi que des homologations comme FCC, CE et cULus, assurant sa conformit\u00e9 et sa fiabilit\u00e9 selon diverses r\u00e9glementations. Ce mod\u00e8le constitue une option professionnelle pour prot\u00e9ger les infrastructures critiques et les syst\u00e8mes informatiques contre les coupures, surtensions ou anomalies d\u2019alimentation, garantissant la continuit\u00e9 op\u00e9rationnelle et minimisant les risques de perte de donn\u00e9es ou de dommages mat\u00e9riels. En r\u00e9sum\u00e9, l\u2019Eaton 9SX3000IR se positionne comme un dispositif efficace et flexible dans le segment des syst\u00e8mes d\u2019alimentation sans interruption interactifs, s\u2019adaptant aussi bien aux installations en rack qu\u2019aux configurations ind\u00e9pendantes en tour.<\/p>\n<ul>\n<li>Technologie: LCD<\/li>\n<li>Produit \u00e0 brancher: Oui<\/li>\n<li>Type de prise: Prise EU<\/li>\n<li>Connexions:\n<ul>\n<li>RS-232<\/li>\n<li>AC x 9<\/li>\n<li>C20 coupler<\/li>\n<li>USB<\/li>\n<li>RJ45<\/li>\n<\/ul>\n<\/li>\n<li>Type:\n<ul>\n<li>Tour<\/li>\n<li>Syst\u00e8me d&#8217;Alimentation Sans Interruption Interactif<\/li>\n<li>C19<\/li>\n<\/ul>\n<\/li>\n<li>Unit\u00e9s: 2 Unit\u00e9s<\/li>\n<li>Bloc d\u2019Alimentation: r\u00e9seau \u00e9lectrique<\/li>\n<li>Couleur: Noir<\/li>\n<li>Largeur: 438 mm<\/li>\n<li>puissance: 2700 W<\/li>\n<li>Puissance nominale: 3 kVA<\/li>\n<li>Niveau sonore: 45 dB<\/li>\n<li>Tension: 240 V<\/li>\n<li>Fr\u00e9quence: 50\/60 Hz<\/li>\n<li>Tension d&#8217;entr\u00e9e AC: 276 V<\/li>\n<li>Type de batterie:\n<ul>\n<li>Litio Ion<\/li>\n<li>Batterie au lithium rechargeable<\/li>\n<\/ul>\n<\/li>\n<\/ul>","protected":false},"excerpt":{"rendered":"<p><span class=\"unit-info\">1429.4950 &euro; \/ 1 unit<\/span><\/p>","protected":false},"featured_media":14052,"comment_status":"open","ping_status":"closed","template":"","meta":[],"product_brand":[652],"product_cat":[65,581,603],"product_tag":[106],"class_list":{"0":"post-14053","1":"product","2":"type-product","3":"status-publish","4":"has-post-thumbnail","6":"product_brand-brandp_4815","7":"product_cat-informatique-electronique","8":"product_cat-informatique-peripheriques-et-consommables","9":"product_cat-ups","10":"product_tag-tag_1295","12":"first","13":"instock","14":"taxable","15":"shipping-taxable","16":"purchasable","17":"product-type-simple"},"_links":{"self":[{"href":"https:\/\/bigbuy.tupique.com\/en\/wp-json\/wp\/v2\/product\/14053","targetHints":{"allow":["GET"]}}],"collection":[{"href":"https:\/\/bigbuy.tupique.com\/en\/wp-json\/wp\/v2\/product"}],"about":[{"href":"https:\/\/bigbuy.tupique.com\/en\/wp-json\/wp\/v2\/types\/product"}],"replies":[{"embeddable":true,"href":"https:\/\/bigbuy.tupique.com\/en\/wp-json\/wp\/v2\/comments?post=14053"}],"wp:featuredmedia":[{"embeddable":true,"href":"https:\/\/bigbuy.tupique.com\/en\/wp-json\/wp\/v2\/media\/14052"}],"wp:attachment":[{"href":"https:\/\/bigbuy.tupique.com\/en\/wp-json\/wp\/v2\/media?parent=14053"}],"wp:term":[{"taxonomy":"product_brand","embeddable":true,"href":"https:\/\/bigbuy.tupique.com\/en\/wp-json\/wp\/v2\/product_brand?post=14053"},{"taxonomy":"product_cat","embeddable":true,"href":"https:\/\/bigbuy.tupique.com\/en\/wp-json\/wp\/v2\/product_cat?post=14053"},{"taxonomy":"product_tag","embeddable":true,"href":"https:\/\/bigbuy.tupique.com\/en\/wp-json\/wp\/v2\/product_tag?post=14053"}],"curies":[{"name":"wp","href":"https:\/\/api.w.org\/{rel}","templated":true}]}}