{"id":14035,"date":"2026-03-29T11:43:06","date_gmt":"2026-03-29T10:43:06","guid":{"rendered":"https:\/\/bigbuy.tupique.com\/produto\/uninterruptible-power-supply-system-interactive-ups-riello-sep-1000\/"},"modified":"2026-04-15T13:23:40","modified_gmt":"2026-04-15T12:23:40","slug":"uninterruptible-power-supply-system-interactive-ups-riello-sep-1000","status":"publish","type":"product","link":"https:\/\/bigbuy.tupique.com\/en\/produto\/uninterruptible-power-supply-system-interactive-ups-riello-sep-1000\/","title":{"rendered":"Syst\u00e8me d&#8217;Alimentation Sans Interruption Interactif Riello SEP 1000"},"content":{"rendered":"<p>Si vous \u00eates passionn\u00e9 d&#8217;<b>informatique et d&#8217;\u00e9lectronique<\/b>, si vous \u00eates \u00e0 la pointe de la technologie et qu&#8217;aucun d\u00e9tail ne vous \u00e9chappe, achetez <b>Syst\u00e8me d&#8217;Alimentation Sans Interruption Interactif Riello SEP 1000            <\/b> au meilleur prix.<\/p>\n<p>Le <b>Riello SEP 1000<\/b> est un <b>onduleur interactif<\/b> con\u00e7u pour prot\u00e9ger efficacement et de mani\u00e8re fiable les \u00e9quipements \u00e9lectroniques sensibles, avec une capacit\u00e9 de <b>1 000 VA (800 W)<\/b> et une technologie avanc\u00e9e assurant un fonctionnement continu en environnements critiques. Ce mod\u00e8le se distingue par son format <b>Mini-Tower<\/b> noir, aux dimensions compactes de <b>158 mm de largeur, 235 mm de hauteur et 422 mm de profondeur<\/b>, facilitant son int\u00e9gration dans les espaces restreints. Il int\u00e8gre une batterie <b>VRLA AGM (Sealed Lead Acid)<\/b> avec d\u00e9marrage \u00e0 froid et un temps de recharge de seulement <b>4 heures<\/b>, garantissant une disponibilit\u00e9 rapide apr\u00e8s coupure de courant. La sortie est une onde sinuso\u00efdale pure, essentielle pour la protection correcte des charges sensibles telles que serveurs ou \u00e9quipements IT, avec une tension d\u2019entr\u00e9e et de sortie entre <b>220 V et 240 V<\/b> et une fr\u00e9quence de <b>50\/60 Hz<\/b>. L\u2019appareil dispose de <b>4 sorties AC type IEC 320 C13<\/b>, d\u2019un connecteur IEC 320 C14 pour l\u2019entr\u00e9e et d\u2019un port USB 2.0 pour communication et contr\u00f4le, compl\u00e9t\u00e9 par un port RS-232 pour une gestion avanc\u00e9e. Son rendement \u00e9lev\u00e9 de <b>98%<\/b> et son faible niveau sonore (<b>40 dB<\/b>) garantissent une performance silencieuse et efficace. La protection contre surintensit\u00e9s, surtensions, courts-circuits et sous-tension, ainsi qu\u2019un filtre EMI\/RFI int\u00e9gr\u00e9, assurent la s\u00e9curit\u00e9 des \u00e9quipements face aux variations \u00e9lectriques et aux interf\u00e9rences \u00e9lectromagn\u00e9tiques. Le syst\u00e8me est contr\u00f4l\u00e9 par un microprocesseur avec \u00e9cran <b>LCD<\/b> affichant en temps r\u00e9el des informations d\u00e9taill\u00e9es sur l\u2019\u00e9tat, les niveaux d\u2019entr\u00e9e, sortie et batterie. Son design comprend un refroidissement actif et respecte les certifications europ\u00e9ennes <b>EN 62040-1, EN 62040-2, CE et GS\/NEMKO<\/b>, garantissant qualit\u00e9 et s\u00e9curit\u00e9 d\u2019utilisation. Il est \u00e9galement adapt\u00e9 \u00e0 un large \u00e9ventail de conditions environnementales, avec une humidit\u00e9 relative de fonctionnement de <b>0 \u00e0 95%<\/b> et une altitude jusqu\u2019\u00e0 <b>6 000 m\u00e8tres<\/b>, augmentant sa polyvalence. Le rapport de cr\u00eate de courant de <b>3:1<\/b> et la faible distorsion harmonique totale (<b>7% THD<\/b>) optimisent la stabilit\u00e9 \u00e9lectrique. En r\u00e9sum\u00e9, le Riello SEP 1000 offre une solution robuste et avanc\u00e9e pour la continuit\u00e9 d\u2019activit\u00e9 et la protection \u00e9nerg\u00e9tique dans des applications exigeantes, combinant technologie On-Line double conversion avec un design moderne et des fonctionnalit\u00e9s visant \u00e0 maximiser fiabilit\u00e9 et contr\u00f4le en environnements professionnels.<\/p>\n<ul>\n<li>puissance: 800 W<\/li>\n<li>Technologie:\n<ul>\n<li>LCD<\/li>\n<li>VRLA<\/li>\n<\/ul>\n<\/li>\n<li>Produit \u00e0 brancher: Oui<\/li>\n<li>Type de prise: Prise EU<\/li>\n<li>Temps de charge approx.: 4 heures<\/li>\n<li>Type:\n<ul>\n<li>Syst\u00e8me d&#8217;Alimentation Sans Interruption Interactif<\/li>\n<li>C13<\/li>\n<\/ul>\n<\/li>\n<li>Bloc d\u2019Alimentation: r\u00e9seau \u00e9lectrique<\/li>\n<li>Couleur: Noir<\/li>\n<li>Largeur: 158 mm<\/li>\n<li>Connexions:\n<ul>\n<li>USB 2.0<\/li>\n<li>C14 x 1<\/li>\n<li>AC x 4<\/li>\n<li>RJ45<\/li>\n<li>C14<\/li>\n<\/ul>\n<\/li>\n<li>Facteur de forme: Mini-Tower<\/li>\n<li>Fr\u00e9quence: 50\/60 Hz<\/li>\n<li>Niveau sonore: 40 dB<\/li>\n<li>Caract\u00e9ristiques:\n<ul>\n<li>\u00c9cran LCD<\/li>\n<li>D\u00e9marrage \u00e0 froid<\/li>\n<\/ul>\n<\/li>\n<li>Tension:\n<ul>\n<li>220 V<\/li>\n<li>240 V<\/li>\n<\/ul>\n<\/li>\n<li>Tension de sortie: 240 V<\/li>\n<li>Tension d&#8217;entr\u00e9e AC: 240 V<\/li>\n<li>Poids: 10 g<\/li>\n<\/ul>","protected":false},"excerpt":{"rendered":"<p>Si vous \u00eates passionn\u00e9 d&#8217;informatique et d&#8217;\u00e9lectronique, si vous \u00eates \u00e0 la pointe de la technologie et qu&#8217;aucun d\u00e9tail ne vous \u00e9chappe, achetez Syst\u00e8me d&#8217;Alimentation Sans Interruption Interactif Riello SEP 1000 au meilleur prix. Le Riello SEP 1000 est un onduleur interactif con\u00e7u pour prot\u00e9ger efficacement et de mani\u00e8re fiable les \u00e9quipements \u00e9lectroniques sensibles, avec [&hellip;]<\/p>\n","protected":false},"featured_media":57907,"comment_status":"open","ping_status":"closed","template":"","meta":[],"product_brand":[651],"product_cat":[65,581,603],"product_tag":[106],"class_list":{"0":"post-14035","1":"product","2":"type-product","3":"status-publish","4":"has-post-thumbnail","6":"product_brand-brandp_4825","7":"product_cat-informatique-electronique","8":"product_cat-informatique-peripheriques-et-consommables","9":"product_cat-ups","10":"product_tag-tag_1295","12":"first","13":"instock","14":"taxable","15":"shipping-taxable","16":"purchasable","17":"product-type-simple"},"_links":{"self":[{"href":"https:\/\/bigbuy.tupique.com\/en\/wp-json\/wp\/v2\/product\/14035","targetHints":{"allow":["GET"]}}],"collection":[{"href":"https:\/\/bigbuy.tupique.com\/en\/wp-json\/wp\/v2\/product"}],"about":[{"href":"https:\/\/bigbuy.tupique.com\/en\/wp-json\/wp\/v2\/types\/product"}],"replies":[{"embeddable":true,"href":"https:\/\/bigbuy.tupique.com\/en\/wp-json\/wp\/v2\/comments?post=14035"}],"wp:featuredmedia":[{"embeddable":true,"href":"https:\/\/bigbuy.tupique.com\/en\/wp-json\/wp\/v2\/media\/57907"}],"wp:attachment":[{"href":"https:\/\/bigbuy.tupique.com\/en\/wp-json\/wp\/v2\/media?parent=14035"}],"wp:term":[{"taxonomy":"product_brand","embeddable":true,"href":"https:\/\/bigbuy.tupique.com\/en\/wp-json\/wp\/v2\/product_brand?post=14035"},{"taxonomy":"product_cat","embeddable":true,"href":"https:\/\/bigbuy.tupique.com\/en\/wp-json\/wp\/v2\/product_cat?post=14035"},{"taxonomy":"product_tag","embeddable":true,"href":"https:\/\/bigbuy.tupique.com\/en\/wp-json\/wp\/v2\/product_tag?post=14035"}],"curies":[{"name":"wp","href":"https:\/\/api.w.org\/{rel}","templated":true}]}}