{"id":14030,"date":"2026-03-29T11:42:58","date_gmt":"2026-03-29T10:42:58","guid":{"rendered":"https:\/\/bigbuy.tupique.com\/produto\/uninterruptible-power-supply-system-interactive-ups-salicru-6a0ca000002\/"},"modified":"2026-05-11T19:58:51","modified_gmt":"2026-05-11T17:58:51","slug":"uninterruptible-power-supply-system-interactive-ups-salicru-6a0ca000002","status":"publish","type":"product","link":"https:\/\/bigbuy.tupique.com\/en\/produto\/uninterruptible-power-supply-system-interactive-ups-salicru-6a0ca000002\/","title":{"rendered":"Syst\u00e8me d&#8217;Alimentation Sans Interruption Interactif Salicru 6A0CA000002"},"content":{"rendered":"<p>Si vous \u00eates passionn\u00e9 d&#8217;<b>informatique et d&#8217;\u00e9lectronique<\/b>, si vous \u00eates \u00e0 la pointe de la technologie et qu&#8217;aucun d\u00e9tail ne vous \u00e9chappe, achetez <b>Syst\u00e8me d&#8217;Alimentation Sans Interruption Interactif Salicru 6A0CA000002         <\/b> au meilleur prix.<\/p>\n<p>Le <b>Salicru SPS 1100 ADV RT2<\/b> est un <b>onduleur interactif<\/b> con\u00e7u pour offrir une protection efficace et polyvalente aux appareils \u00e9lectroniques sensibles contre les coupures ou fluctuations de courant. Ce mod\u00e8le int\u00e8gre une technologie en ligne interactive avec une sortie sinuso\u00efdale pure, id\u00e9ale pour les charges n\u00e9cessitant une alimentation stable et propre. Sa puissance nominale de sortie est de <b>990 W (1,1 kVA)<\/b>, avec un <b>facteur de puissance de 0,9<\/b>, permettant d\u2019optimiser l\u2019alimentation des \u00e9quipements avec correction active du facteur de puissance (APFC). Il pr\u00e9sente un <b>format convertible tour\/rack<\/b> avec une hauteur standard de <b>2U<\/b>, facilitant son int\u00e9gration dans diff\u00e9rents environnements gr\u00e2ce aux adaptateurs inclus pour montage en rack ou en tour. Il dispose de <b>8 sorties AC<\/b> de type C13, compatibles avec les connecteurs C14, et la couleur de l\u2019appareil est <b>noir<\/b>, adapt\u00e9e aux environnements professionnels. Pour la gestion et la surveillance, le SPS 1100 ADV RT2 est \u00e9quip\u00e9 d\u2019interfaces de communication via <b>RS-232 et USB avec protocole HID<\/b>, ainsi qu\u2019un slot intelligent pour \u00e9tendre ses fonctionnalit\u00e9s avec des cartes SNMP, MODBUS ou contacts secs, permettant une gestion \u00e0 distance avanc\u00e9e et l\u2019int\u00e9gration dans des syst\u00e8mes de supervision. Sa batterie \u00e0 technologie <b>Plomb-Calcium (Pb-Ca)<\/b> garantit une recharge rapide de seulement <b>4 heures<\/b> pour atteindre 90 % de capacit\u00e9, avec des options d\u2019extension pour prolonger l\u2019autonomie via des modules suppl\u00e9mentaires. De plus, cet onduleur int\u00e8gre des fonctions automatiques telles que l\u2019<b>arr\u00eat programmable<\/b>, un <b>\u00e9cran LCD orientable<\/b> facilitant la visualisation de l\u2019\u00e9tat et des param\u00e8tres, ainsi qu\u2019un <b>ventilateur int\u00e9gr\u00e9<\/b> assurant une dissipation thermique ad\u00e9quate sans compromettre le silence en fonctionnement. Sa certification conforme aux normes europ\u00e9ennes <b>EN 62040-2:2006(C2), EN 62040-3:2011<\/b> et aux standards ISO-9001 et ISO-14001 atteste de sa qualit\u00e9 et fiabilit\u00e9 industrielle. En r\u00e9sum\u00e9, le Salicru SPS 1100 ADV RT2 est une solution robuste et flexible pour la protection \u00e9lectrique dans les environnements professionnels n\u00e9cessitant un \u00e9quipement compact, adaptable et puissant, garantissant une continuit\u00e9 op\u00e9rationnelle s\u00fbre et un contr\u00f4le pr\u00e9cis de l\u2019alimentation \u00e9lectrique.<\/p>\n<ul>\n<li>Technologie: LCD<\/li>\n<li>Produit \u00e0 brancher: Oui<\/li>\n<li>Type de prise: Prise EU<\/li>\n<li>Connexions:\n<ul>\n<li>RS-232<\/li>\n<li>USB 2.0<\/li>\n<li>C14 x 1<\/li>\n<li>2<\/li>\n<li>AC x 8<\/li>\n<li>USB<\/li>\n<li>RJ45<\/li>\n<li>C14<\/li>\n<\/ul>\n<\/li>\n<li>Type:\n<ul>\n<li>Tour<\/li>\n<li>Syst\u00e8me d&#8217;Alimentation Sans Interruption Interactif<\/li>\n<li>C13<\/li>\n<li>Protection contre la surcharge de courant<\/li>\n<\/ul>\n<\/li>\n<li>Unit\u00e9s: 2 Unit\u00e9s<\/li>\n<li>Bloc d\u2019Alimentation: r\u00e9seau \u00e9lectrique<\/li>\n<li>Couleur: Noir<\/li>\n<li>Largeur: 438 mm<\/li>\n<li>Fr\u00e9quence: 50\/60 Hz<\/li>\n<li>Niveau sonore: 45 dB<\/li>\n<li>Caract\u00e9ristiques:\n<ul>\n<li>\u00c9cran LCD<\/li>\n<li>Arr\u00eat Automatique<\/li>\n<li>Interactif<\/li>\n<li>Ventilateur int\u00e9gr\u00e9<\/li>\n<li>D\u00e9marrage \u00e0 froid<\/li>\n<li>Indicateur de surcharge<\/li>\n<li>T\u00e9moin de fonctionnement LED<\/li>\n<\/ul>\n<\/li>\n<li>Poids: 12 kg<\/li>\n<li>Ann\u00e9e: 2018<\/li>\n<li>Tension de sortie: 240 V<\/li>\n<li>Tension d&#8217;entr\u00e9e AC: 280 V<\/li>\n<li>puissance: 990 W<\/li>\n<\/ul>\n<p><\/p>\n<p>La s\u00e9rie SPS ADVANCE RT2 de Salicru est une gamme d&#8217;onduleurs \u00e0 technologie Line-interactive avec une tension de sortie sinuso\u00efdale et un format tour\/rack modifiable, avec une hauteur de seulement 2U pour toutes les puissances. De m\u00eame, le facteur de puissance de sortie 0,9 et la compatibilit\u00e9 avec les charges de type APFC (Active Power Factor Correction) en font la meilleure option pour tout type de charge \u00e0 prot\u00e9ger. En ce qui concerne les communications, elle dispose d&#8217;une interface RS-232\/USB (compatible avec le protocole HID) et d&#8217;un slot intelligent qui peut recevoir, en option, une carte SNMP, MODBUS ou des contacts libres de potentiel ; des paquets de logiciels sont \u00e9galement disponibles pour la surveillance et la gestion, locale ou virtuelle des \u00e9quipements prot\u00e9g\u00e9s. Et d&#8217;autres caract\u00e9ristiques remarquables comprennent : des solutions pour les applications \u00e0 longue autonomie (au moyen d&#8217;\u00e9quipements avec des chargeurs suppl\u00e9mentaires et des modules de batterie suppl\u00e9mentaires), \u00e9cran pivotant et adaptateurs (socle et oreilles) pour le positionnement en tour ou rack, sorties programmables (charges critiques\/charges non critiques) pour prolonger l&#8217;autonomie disponible,&#8230; La plage de puissance de la s\u00e9rie SPS ADVANCE RT2 est : 800, 1100, 1500, 2000 et 3000 VA.<\/p>\n<p><\/p>\n<ul>\n<li>Topologie UPS: Interactivit\u00e9 de ligne<\/li>\n<li>capacit\u00e9 de la puissance de sortie: 1,1 kVA<\/li>\n<li>Puissance de sortie: 990 W<\/li>\n<li>Forme d&#8217;onde: Pure sine<\/li>\n<li>Tension de voltage \u00e0 l&#8217;entr\u00e9e (min): 170 V<\/li>\n<li>Tension de voltage \u00e0 l&#8217;entr\u00e9e (max): 280 V<\/li>\n<li>Fr\u00e9quence d&#8217;entr\u00e9e: 50\/60 Hz<\/li>\n<li>tension de voltage \u00e0 la sortie (min): 208 V<\/li>\n<li>Tension de voltage \u00e0 la sortie (max): 240 V<\/li>\n<li>fr\u00e9quence de sortie: 50\/60 Hz<\/li>\n<li>R\u00e9gulation de la fr\u00e9quence de sortie: 0.1 Hz<\/li>\n<li>R\u00e9gulation de la tension de sortie: 1.5%<\/li>\n<li>R\u00e9gulateur de tension automatique (AVR): Oui<\/li>\n<li>Facteur de puissance: 0,9<\/li>\n<li>Bouton de coupure d&#8217;urgence d&#8217;alimentation (EPO): Oui<\/li>\n<li>Capacit\u00e9 en surcharge (5 minute): 120%<\/li>\n<li>Capacit\u00e9 en surcharge (1 minute): 120%<\/li>\n<li>Capacit\u00e9 en surcharge (10 secondes): 150%<\/li>\n<li>THD (charge lin\u00e9aire): 2%<\/li>\n<li>THD (charge non lin\u00e9aire): 5%<\/li>\n<li>Niveau sonore: 45 dB<\/li>\n<li>Protection contre les surtensions: Oui<\/li>\n<li>Fonctions de protection de surtensions: Ligne d&#8217;acc\u00e8s num\u00e9rique (lna), T\u00e9l\u00e9copie, Modem<\/li>\n<li>Dispositifs de protection \u00e9lectrique: Sous-courant, Sous-tension<\/li>\n<li>Coupure automatique de l&#8217;alimentation: Oui<\/li>\n<li>D\u00e9tection de panne du c\u00e2blage du site: Oui<\/li>\n<li>Compensation de la tension en fonction de la temp\u00e9rature: Oui<\/li>\n<li>Sans entretien: Oui<\/li>\n<li>Types de sortie AC: Coupleur C13<\/li>\n<li>Prise m\u00e2le: Coupleur C14<\/li>\n<li>Nombre de prises en sortie: 8 sortie(s) CA<\/li>\n<li>Nombre de sorties IEC jumpers: 8<\/li>\n<li>Port USB: Oui<\/li>\n<li>Quantit\u00e9 de Ports USB 2.0: 1<\/li>\n<li>Interface s\u00e9rie: Oui<\/li>\n<li>Type d&#8217;interface s\u00e9rie: RS-232<\/li>\n<li>Port RS-232: 1<\/li>\n<li>Nombre de port ethernet LAN (RJ-45): 2<\/li>\n<li>Connecteur de coupure d&#8217;alimentation d&#8217;urgence: Oui<\/li>\n<li>SmartSlot: Oui<\/li>\n<li>Emplacements programmables: Oui<\/li>\n<li>Technologie batterie: Plomb-Calcium (Pb-Ca)<\/li>\n<li>Dur\u00e9e de rechargement de la batterie (90%): 4 h<\/li>\n<li>Test de batterie automatique: Oui<\/li>\n<li>D\u00e9marrage \u00e0 froid: Oui<\/li>\n<li>Type de charge: Courant constat\/Tension constante<\/li>\n<li>Format: Rack\/Tour<\/li>\n<li>Couleur du produit: Noir<\/li>\n<li>Capacit\u00e9 du rack: 2U<\/li>\n<li>Type de refroidissement: Actif<\/li>\n<li>Ventilateur int\u00e9gr\u00e9: Oui<\/li>\n<li>Contr\u00f4le de vitesse de ventilateur: Oui<\/li>\n<li>Voyants: Oui<\/li>\n<li>\u00c9cran: LCD<\/li>\n<li>S\u00e9curit\u00e9: EN 62040-1:2008<\/li>\n<li>Certification: EN 62040-2:2006(C2), EN 62040-3:2011, ISO-9001, ISO-14001<\/li>\n<li>Temp\u00e9rature d&#8217;op\u00e9ration: 0 &#8211; 40 \u00b0C<\/li>\n<li>Humidit\u00e9 relative de fonctionnement (H-H): 0 &#8211; 95%<\/li>\n<li>Altitude de fonctionnement: 0 &#8211; 5000 m<\/li>\n<li>Largeur: 438 mm<\/li>\n<li>Profondeur: 410 mm<\/li>\n<li>Hauteur: 88 mm<\/li>\n<li>Poids: 13,4 kg<\/li>\n<li>Type de batterie: AGM<\/li>\n<li>Syst\u00e8mes d&#8217;exploitation compatibles: Windows, Linux, Mac<\/li>\n<\/ul>","protected":false},"excerpt":{"rendered":"<p><span class=\"unit-info\">250.4950 &euro; \/ 1 unit<\/span><\/p>","protected":false},"featured_media":14029,"comment_status":"open","ping_status":"closed","template":"","meta":[],"product_brand":[650],"product_cat":[65,581,603],"product_tag":[106],"class_list":{"0":"post-14030","1":"product","2":"type-product","3":"status-publish","4":"has-post-thumbnail","6":"product_brand-brandp_575","7":"product_cat-informatique-electronique","8":"product_cat-informatique-peripheriques-et-consommables","9":"product_cat-ups","10":"product_tag-tag_1295","12":"first","13":"instock","14":"taxable","15":"shipping-taxable","16":"purchasable","17":"product-type-simple"},"_links":{"self":[{"href":"https:\/\/bigbuy.tupique.com\/en\/wp-json\/wp\/v2\/product\/14030","targetHints":{"allow":["GET"]}}],"collection":[{"href":"https:\/\/bigbuy.tupique.com\/en\/wp-json\/wp\/v2\/product"}],"about":[{"href":"https:\/\/bigbuy.tupique.com\/en\/wp-json\/wp\/v2\/types\/product"}],"replies":[{"embeddable":true,"href":"https:\/\/bigbuy.tupique.com\/en\/wp-json\/wp\/v2\/comments?post=14030"}],"wp:featuredmedia":[{"embeddable":true,"href":"https:\/\/bigbuy.tupique.com\/en\/wp-json\/wp\/v2\/media\/14029"}],"wp:attachment":[{"href":"https:\/\/bigbuy.tupique.com\/en\/wp-json\/wp\/v2\/media?parent=14030"}],"wp:term":[{"taxonomy":"product_brand","embeddable":true,"href":"https:\/\/bigbuy.tupique.com\/en\/wp-json\/wp\/v2\/product_brand?post=14030"},{"taxonomy":"product_cat","embeddable":true,"href":"https:\/\/bigbuy.tupique.com\/en\/wp-json\/wp\/v2\/product_cat?post=14030"},{"taxonomy":"product_tag","embeddable":true,"href":"https:\/\/bigbuy.tupique.com\/en\/wp-json\/wp\/v2\/product_tag?post=14030"}],"curies":[{"name":"wp","href":"https:\/\/api.w.org\/{rel}","templated":true}]}}