{"id":14000,"date":"2026-03-29T11:42:23","date_gmt":"2026-03-29T10:42:23","guid":{"rendered":"https:\/\/bigbuy.tupique.com\/produto\/online-uninterruptible-power-supply-system-ups-salicru-699ca000005-1500-va-1500-w-1350-w\/"},"modified":"2026-04-14T23:39:15","modified_gmt":"2026-04-14T22:39:15","slug":"online-uninterruptible-power-supply-system-ups-salicru-699ca000005-1500-va-1500-w-1350-w","status":"publish","type":"product","link":"https:\/\/bigbuy.tupique.com\/en\/produto\/online-uninterruptible-power-supply-system-ups-salicru-699ca000005-1500-va-1500-w-1350-w\/","title":{"rendered":"Syst\u00e8me d&#8217;Alimentation Sans Interruption Online Salicru 699CA000005 1500 VA 1500 W 1350 W"},"content":{"rendered":"<p>Si vous \u00eates passionn\u00e9 d&#8217;<b>informatique et d&#8217;\u00e9lectronique<\/b>, si vous \u00eates \u00e0 la pointe de la technologie et qu&#8217;aucun d\u00e9tail ne vous \u00e9chappe, achetez <b>Syst\u00e8me d&#8217;Alimentation Sans Interruption Online Salicru 699CA000005 1500 VA 1500 W 1350 W<\/b> au meilleur prix.<\/p>\n<p>Le <b>Salicru SLC-1500-TWIN PRO2<\/b> est un <b>ASI On Line<\/b> \u00e0 double conversion garantissant une protection avanc\u00e9e et continue pour \u00e9quipements sensibles et critiques, id\u00e9al pour environnements professionnels exigeant haute fiabilit\u00e9. Pr\u00e9sent\u00e9 en format <b>tour noire<\/b>, ce syst\u00e8me offre une puissance de <b>1,5 kVA (1350 W)<\/b> avec un facteur de puissance en sortie \u00e9lev\u00e9 de <b>0,9<\/b>, assurant disponibilit\u00e9 maximale et compatibilit\u00e9 avec diverses charges. Il int\u00e8gre un <b>affichage LCD<\/b> et un clavier facilitant le contr\u00f4le complet et la visualisation de l\u2019\u00e9tat op\u00e9rationnel, compl\u00e9t\u00e9s par un syst\u00e8me avanc\u00e9 d\u2019alarmes, voyants LED et protection contre les surcharges. Son refroidissement actif maintient des temp\u00e9ratures optimales, garantissant la durabilit\u00e9 de l\u2019\u00e9quipement. La s\u00e9rie SLC TWIN PRO2 comprend un slot intelligent pour cartes de communication SNMP ou relais, et propose des options de surveillance et gestion \u00e0 distance via son interface <b>USB HID<\/b>, compatible Windows, Linux, Unix ou Mac, avec logiciels disponibles pour environnements multiserveurs et virtualis\u00e9s. Les batteries plomb-calcium (Pb-Ca) offrent un temps de recharge d\u2019environ <b>4 heures<\/b> et permettent d\u2019\u00e9tendre l\u2019autonomie avec modules et chargeurs externes, s\u2019adaptant aux besoins de prolongation de secours \u00e9nerg\u00e9tique. Ses fonctions incluent mode Eco pour am\u00e9liorer l\u2019efficacit\u00e9 \u00e9nerg\u00e9tique, arr\u00eat d\u2019urgence (EPO), conversion de fr\u00e9quence et test int\u00e9gr\u00e9 des batteries, faisant du SLC-1500-TWIN PRO2 une solution technique fiable et polyvalente. Il dispose de <b>4 sorties AC type F<\/b>, conforme \u00e0 la norme <b>EN 62040-1:2008+A1:2013<\/b> de s\u00e9curit\u00e9, certifiant qualit\u00e9 et fiabilit\u00e9 en usage professionnel. En r\u00e9sum\u00e9, cet \u00e9quipement repr\u00e9sente un \u00e9quilibre parfait entre performance, maniabilit\u00e9 et robustesse dans le domaine des syst\u00e8mes d\u2019alimentation sans coupure, con\u00e7u pour prot\u00e9ger les infrastructures critiques avec une technologie de pointe.<\/p>\n<ul>\n<li>Technologie: LCD<\/li>\n<li>Type:\n<ul>\n<li>Tour<\/li>\n<li>Syst\u00e8me d&#8217;Alimentation Sans Interruption Online<\/li>\n<li>Protection contre la surcharge de courant<\/li>\n<\/ul>\n<\/li>\n<li>Temps de charge approx.: 4 heures<\/li>\n<li>Couleur: Noir<\/li>\n<li>Largeur: 190 mm<\/li>\n<li>Connexions:\n<ul>\n<li>USB 2.0<\/li>\n<li>AC x 4<\/li>\n<li>USB<\/li>\n<\/ul>\n<\/li>\n<li>Fr\u00e9quence: 50\/60 Hz<\/li>\n<li>Niveau sonore: 49 dB<\/li>\n<li>Caract\u00e9ristiques:\n<ul>\n<li>\u00c9cran LCD<\/li>\n<li>Alarme<\/li>\n<li>T\u00e9moin LED<\/li>\n<li>Indicateur de surcharge<\/li>\n<\/ul>\n<\/li>\n<li>Ann\u00e9e: 2017<\/li>\n<li>Tension:\n<ul>\n<li>220 V<\/li>\n<li>240 V<\/li>\n<\/ul>\n<\/li>\n<li>Tension de sortie: 240 V<\/li>\n<li>Fiche secteur: Type F<\/li>\n<li>Entr\u00e9e AC: 50\/60 Hz<\/li>\n<li>Fonctions: ECO<\/li>\n<li>Amp\u00e9rage: 2 A<\/li>\n<li>Facteur de forme: Tower<\/li>\n<\/ul>","protected":false},"excerpt":{"rendered":"<p>Si vous \u00eates passionn\u00e9 d&#8217;informatique et d&#8217;\u00e9lectronique, si vous \u00eates \u00e0 la pointe de la technologie et qu&#8217;aucun d\u00e9tail ne vous \u00e9chappe, achetez Syst\u00e8me d&#8217;Alimentation Sans Interruption Online Salicru 699CA000005 1500 VA 1500 W 1350 W au meilleur prix. Le Salicru SLC-1500-TWIN PRO2 est un ASI On Line \u00e0 double conversion garantissant une protection avanc\u00e9e [&hellip;]<\/p>\n","protected":false},"featured_media":13997,"comment_status":"open","ping_status":"closed","template":"","meta":[],"product_brand":[650],"product_cat":[65,581,603],"product_tag":[106],"class_list":{"0":"post-14000","1":"product","2":"type-product","3":"status-publish","4":"has-post-thumbnail","6":"product_brand-brandp_575","7":"product_cat-informatique-electronique","8":"product_cat-informatique-peripheriques-et-consommables","9":"product_cat-ups","10":"product_tag-tag_1295","12":"first","13":"instock","14":"taxable","15":"shipping-taxable","16":"purchasable","17":"product-type-simple"},"_links":{"self":[{"href":"https:\/\/bigbuy.tupique.com\/en\/wp-json\/wp\/v2\/product\/14000","targetHints":{"allow":["GET"]}}],"collection":[{"href":"https:\/\/bigbuy.tupique.com\/en\/wp-json\/wp\/v2\/product"}],"about":[{"href":"https:\/\/bigbuy.tupique.com\/en\/wp-json\/wp\/v2\/types\/product"}],"replies":[{"embeddable":true,"href":"https:\/\/bigbuy.tupique.com\/en\/wp-json\/wp\/v2\/comments?post=14000"}],"wp:featuredmedia":[{"embeddable":true,"href":"https:\/\/bigbuy.tupique.com\/en\/wp-json\/wp\/v2\/media\/13997"}],"wp:attachment":[{"href":"https:\/\/bigbuy.tupique.com\/en\/wp-json\/wp\/v2\/media?parent=14000"}],"wp:term":[{"taxonomy":"product_brand","embeddable":true,"href":"https:\/\/bigbuy.tupique.com\/en\/wp-json\/wp\/v2\/product_brand?post=14000"},{"taxonomy":"product_cat","embeddable":true,"href":"https:\/\/bigbuy.tupique.com\/en\/wp-json\/wp\/v2\/product_cat?post=14000"},{"taxonomy":"product_tag","embeddable":true,"href":"https:\/\/bigbuy.tupique.com\/en\/wp-json\/wp\/v2\/product_tag?post=14000"}],"curies":[{"name":"wp","href":"https:\/\/api.w.org\/{rel}","templated":true}]}}