{"id":13996,"date":"2026-03-29T11:42:17","date_gmt":"2026-03-29T10:42:17","guid":{"rendered":"https:\/\/bigbuy.tupique.com\/produto\/online-uninterruptible-power-supply-system-ups-salicru-6a0ea000002-700w-1000-w-700-w\/"},"modified":"2026-04-14T23:39:14","modified_gmt":"2026-04-14T22:39:14","slug":"online-uninterruptible-power-supply-system-ups-salicru-6a0ea000002-700w-1000-w-700-w","status":"publish","type":"product","link":"https:\/\/bigbuy.tupique.com\/en\/produto\/online-uninterruptible-power-supply-system-ups-salicru-6a0ea000002-700w-1000-w-700-w\/","title":{"rendered":"Syst\u00e8me d&#8217;Alimentation Sans Interruption Online Salicru 6A0EA000002 700W 1000 W 700 W"},"content":{"rendered":"<p>Si vous \u00eates passionn\u00e9 d&#8217;<b>informatique et d&#8217;\u00e9lectronique<\/b>, si vous \u00eates \u00e0 la pointe de la technologie et qu&#8217;aucun d\u00e9tail ne vous \u00e9chappe, achetez <b>Syst\u00e8me d&#8217;Alimentation Sans Interruption Online Salicru 6A0EA000002 700W 1000 W 700 W<\/b> au meilleur prix.<\/p>\n<p>Le <b>Salicru SPS 1000 ADV T<\/b> est un <b>onduleur On Line<\/b> de topologie ligne interactive con\u00e7u pour garantir la continuit\u00e9 et la fiabilit\u00e9 de l\u2019alimentation \u00e9lectrique dans des environnements critiques tels que les salles serveurs et les \u00e9quipements informatiques sensibles. Ce mod\u00e8le offre une <b>puissance de sortie de 700 W<\/b> et une capacit\u00e9 nominale de <b>1000 VA<\/b>, ce qui en fait une solution adapt\u00e9e pour prot\u00e9ger des dispositifs professionnels avec des besoins \u00e9nerg\u00e9tiques moyens. Son design en <b>format tour compact<\/b> et sa couleur <b>noire<\/b> facilitent son int\u00e9gration dans des espaces restreints, optimisant l\u2019utilisation de la place. Il est \u00e9quip\u00e9 d\u2019un <b>connecteur de sortie AC type C13<\/b> et dispose de <b>six sorties AC<\/b> pour connecter plusieurs appareils simultan\u00e9ment. La technologie d\u00e9velopp\u00e9e dans cette s\u00e9rie est <b>line-interactive<\/b>, permettant de stabiliser les fluctuations du r\u00e9seau \u00e9lectrique, offrant toujours une <b>tension de sortie sinuso\u00efdale pure<\/b>, id\u00e9ale pour les charges sensibles n\u00e9cessitant une alimentation de qualit\u00e9. De plus, il int\u00e8gre des fonctions pratiques telles qu\u2019un <b>\u00e9cran LCD<\/b> informatif affichant les donn\u00e9es essentielles de fonctionnement comme la tension d\u2019entr\u00e9e et de sortie, le pourcentage de charge et le niveau de batterie, ainsi que des <b>alertes sonores<\/b> signalant les incidents pour faciliter la gestion pr\u00e9ventive. Sa batterie \u00e0 <b>technologie Plomb-Calcium (Pb-Ca)<\/b> assure une dur\u00e9e solide et efficace avec un temps de recharge rapide de 90 % en <b>4 heures<\/b>, et permet le <b>d\u00e9marrage \u00e0 froid<\/b>, fonction qui autorise l\u2019alimentation de l\u2019\u00e9quipement sans connexion au r\u00e9seau \u00e9lectrique. Pour le refroidissement, il utilise un syst\u00e8me <b>actif avec ventilateur int\u00e9gr\u00e9<\/b>, garantissant un fonctionnement stable et s\u00fbr. En mati\u00e8re de connectivit\u00e9, le SPS 1000 ADV T propose une communication via <b>USB avec protocole HID<\/b> pour la surveillance et la gestion, ainsi qu\u2019un slot intelligent permettant d\u2019\u00e9tendre les options de communication via des interfaces comme SNMP, facilitant son int\u00e9gration dans des infrastructures IT modernes. Cet onduleur est compatible avec les alimentations APFC (Active Power Factor Corrected), assurant son adaptabilit\u00e9 aux \u00e9quipements informatiques actuels qui optimisent la consommation \u00e9nerg\u00e9tique. Il b\u00e9n\u00e9ficie de certifications reconnues internationalement telles que <b>EN 62040-2, EN 62040-3, ISO 9001 et ISO 14001<\/b>, attestant de sa qualit\u00e9, s\u00e9curit\u00e9 et engagement environnemental. En r\u00e9sum\u00e9, le Salicru SPS 1000 ADV T repr\u00e9sente une solution technique fiable et efficace pour la protection \u00e9nerg\u00e9tique dans les installations professionnelles exigeant stabilit\u00e9, gestion avanc\u00e9e et continuit\u00e9 ininterrompue.<\/p>\n<ul>\n<li>puissance:\n<ul>\n<li>700 W<\/li>\n<li>1000VA<\/li>\n<li>1000 VA<\/li>\n<\/ul>\n<\/li>\n<li>tension: 230 V<\/li>\n<li>Fr\u00e9quence:\n<ul>\n<li>50 &#8211; 60 Hz<\/li>\n<li>50\/60 Hz<\/li>\n<\/ul>\n<\/li>\n<li>Niveau sonore: 45 dB<\/li>\n<li>Dimensions approx.: 32,7 x 14 x 19,1 cm<\/li>\n<li>Technologie: LCD<\/li>\n<li>Connexions:\n<ul>\n<li>RS-232<\/li>\n<li>USB 2.0<\/li>\n<li>C14 x 1<\/li>\n<li>AC x 6<\/li>\n<li>USB<\/li>\n<li>RJ45<\/li>\n<li>C14<\/li>\n<\/ul>\n<\/li>\n<li>Type:\n<ul>\n<li>Tour<\/li>\n<li>Syst\u00e8me d&#8217;Alimentation Sans Interruption Online<\/li>\n<li>C13<\/li>\n<\/ul>\n<\/li>\n<li>Couleur: Noir<\/li>\n<li>Largeur:\n<ul>\n<li>140 mm<\/li>\n<li>14 cm<\/li>\n<\/ul>\n<\/li>\n<li>Tension de sortie: 230 V<\/li>\n<li>Caract\u00e9ristiques:\n<ul>\n<li>\u00c9cran LCD<\/li>\n<li>Alarme<\/li>\n<li>Interactif<\/li>\n<li>Ventilateur int\u00e9gr\u00e9<\/li>\n<li>D\u00e9marrage \u00e0 froid<\/li>\n<li>Indicateur de surcharge<\/li>\n<li>Fonctionne \u00e0 piles<\/li>\n<li>T\u00e9moin de fonctionnement LED<\/li>\n<\/ul>\n<\/li>\n<li>Poids: 12 kg<\/li>\n<li>Tension: 230 V<\/li>\n<li>Piles incluses: Oui<\/li>\n<li>Entr\u00e9e AC: 50\/60 Hz<\/li>\n<li>Facteur de forme: Tower<\/li>\n<li>Tension d&#8217;entr\u00e9e AC: 290 V<\/li>\n<li>Type de batterie: Litio Ion<\/li>\n<\/ul>","protected":false},"excerpt":{"rendered":"<p>Si vous \u00eates passionn\u00e9 d&#8217;informatique et d&#8217;\u00e9lectronique, si vous \u00eates \u00e0 la pointe de la technologie et qu&#8217;aucun d\u00e9tail ne vous \u00e9chappe, achetez Syst\u00e8me d&#8217;Alimentation Sans Interruption Online Salicru 6A0EA000002 700W 1000 W 700 W au meilleur prix. Le Salicru SPS 1000 ADV T est un onduleur On Line de topologie ligne interactive con\u00e7u pour [&hellip;]<\/p>\n","protected":false},"featured_media":13994,"comment_status":"open","ping_status":"closed","template":"","meta":[],"product_brand":[650],"product_cat":[65,581,603],"product_tag":[106],"class_list":{"0":"post-13996","1":"product","2":"type-product","3":"status-publish","4":"has-post-thumbnail","6":"product_brand-brandp_575","7":"product_cat-informatique-electronique","8":"product_cat-informatique-peripheriques-et-consommables","9":"product_cat-ups","10":"product_tag-tag_1295","12":"first","13":"instock","14":"taxable","15":"shipping-taxable","16":"purchasable","17":"product-type-simple"},"_links":{"self":[{"href":"https:\/\/bigbuy.tupique.com\/en\/wp-json\/wp\/v2\/product\/13996","targetHints":{"allow":["GET"]}}],"collection":[{"href":"https:\/\/bigbuy.tupique.com\/en\/wp-json\/wp\/v2\/product"}],"about":[{"href":"https:\/\/bigbuy.tupique.com\/en\/wp-json\/wp\/v2\/types\/product"}],"replies":[{"embeddable":true,"href":"https:\/\/bigbuy.tupique.com\/en\/wp-json\/wp\/v2\/comments?post=13996"}],"wp:featuredmedia":[{"embeddable":true,"href":"https:\/\/bigbuy.tupique.com\/en\/wp-json\/wp\/v2\/media\/13994"}],"wp:attachment":[{"href":"https:\/\/bigbuy.tupique.com\/en\/wp-json\/wp\/v2\/media?parent=13996"}],"wp:term":[{"taxonomy":"product_brand","embeddable":true,"href":"https:\/\/bigbuy.tupique.com\/en\/wp-json\/wp\/v2\/product_brand?post=13996"},{"taxonomy":"product_cat","embeddable":true,"href":"https:\/\/bigbuy.tupique.com\/en\/wp-json\/wp\/v2\/product_cat?post=13996"},{"taxonomy":"product_tag","embeddable":true,"href":"https:\/\/bigbuy.tupique.com\/en\/wp-json\/wp\/v2\/product_tag?post=13996"}],"curies":[{"name":"wp","href":"https:\/\/api.w.org\/{rel}","templated":true}]}}