{"id":13978,"date":"2026-03-29T11:41:46","date_gmt":"2026-03-29T10:41:46","guid":{"rendered":"https:\/\/bigbuy.tupique.com\/produto\/off-line-uninterruptible-power-supply-system-ups-salicru-6a0ca000001-720w-800w-800-w-720-w\/"},"modified":"2026-04-14T23:39:13","modified_gmt":"2026-04-14T22:39:13","slug":"off-line-uninterruptible-power-supply-system-ups-salicru-6a0ca000001-720w-800w-800-w-720-w","status":"publish","type":"product","link":"https:\/\/bigbuy.tupique.com\/en\/produto\/off-line-uninterruptible-power-supply-system-ups-salicru-6a0ca000001-720w-800w-800-w-720-w\/","title":{"rendered":"Syst\u00e8me d&#8217;Alimentation Sans Interruption Off Line Salicru 6A0CA000001 720W 800W 800 W 720 W"},"content":{"rendered":"<p>Si vous \u00eates passionn\u00e9 d&#8217;<b>informatique et d&#8217;\u00e9lectronique<\/b>, si vous \u00eates \u00e0 la pointe de la technologie et qu&#8217;aucun d\u00e9tail ne vous \u00e9chappe, achetez <b>Syst\u00e8me d&#8217;Alimentation Sans Interruption Off Line Salicru 6A0CA000001 720W 800W 800 W 720 W<\/b> au meilleur prix.<\/p>\n<ul>\n<li>Fr\u00e9quence: 50\/60 Hz<\/li>\n<li>Tension: 208\/220\/230\/240 V<\/li>\n<li>Volume sonore: 45 dB<\/li>\n<li>puissance:\n<ul>\n<li>720 W<\/li>\n<li>800 VA<\/li>\n<li>800 W<\/li>\n<\/ul>\n<\/li>\n<li>Technologie: LCD<\/li>\n<li>Produit \u00e0 brancher: Oui<\/li>\n<li>Type de prise: Prise EU<\/li>\n<li>Connexions:\n<ul>\n<li>RS-232<\/li>\n<li>USB 2.0<\/li>\n<li>C14 x 1<\/li>\n<li>2<\/li>\n<li>AC x 8<\/li>\n<li>USB<\/li>\n<li>RJ45<\/li>\n<li>C14<\/li>\n<\/ul>\n<\/li>\n<li>Type:\n<ul>\n<li>Tour<\/li>\n<li>Syst\u00e8me d&#8217;Alimentation Sans Interruption Off Line<\/li>\n<li>C13<\/li>\n<li>Protection contre la surcharge de courant<\/li>\n<\/ul>\n<\/li>\n<li>Unit\u00e9s: 2 Unit\u00e9s<\/li>\n<li>Temps de charge approx.: 4 heures<\/li>\n<li>Couleur: Noir<\/li>\n<li>Bloc d\u2019Alimentation: r\u00e9seau \u00e9lectrique<\/li>\n<li>Largeur: 438 mm<\/li>\n<li>Niveau sonore: 45 dB<\/li>\n<li>Caract\u00e9ristiques:\n<ul>\n<li>\u00c9cran LCD<\/li>\n<li>Arr\u00eat Automatique<\/li>\n<li>Interactif<\/li>\n<li>Ventilateur int\u00e9gr\u00e9<\/li>\n<li>D\u00e9marrage \u00e0 froid<\/li>\n<li>Indicateur de surcharge<\/li>\n<li>Fonctionne \u00e0 piles<\/li>\n<li>T\u00e9moin de fonctionnement LED<\/li>\n<\/ul>\n<\/li>\n<li>Ann\u00e9e: 2018<\/li>\n<li>Tension de sortie: 240 V<\/li>\n<li>Tension d&#8217;entr\u00e9e AC: 280 V<\/li>\n<li>Piles incluses: Oui<\/li>\n<li>Type de batterie: Litio Ion<\/li>\n<\/ul>","protected":false},"excerpt":{"rendered":"<p><span class=\"unit-info\">227.9950 &euro; \/ 1 unit<\/span><\/p>","protected":false},"featured_media":13977,"comment_status":"open","ping_status":"closed","template":"","meta":[],"product_brand":[650],"product_cat":[65,581,603],"product_tag":[106],"class_list":{"0":"post-13978","1":"product","2":"type-product","3":"status-publish","4":"has-post-thumbnail","6":"product_brand-brandp_575","7":"product_cat-informatique-electronique","8":"product_cat-informatique-peripheriques-et-consommables","9":"product_cat-ups","10":"product_tag-tag_1295","12":"first","13":"instock","14":"taxable","15":"shipping-taxable","16":"purchasable","17":"product-type-simple"},"_links":{"self":[{"href":"https:\/\/bigbuy.tupique.com\/en\/wp-json\/wp\/v2\/product\/13978","targetHints":{"allow":["GET"]}}],"collection":[{"href":"https:\/\/bigbuy.tupique.com\/en\/wp-json\/wp\/v2\/product"}],"about":[{"href":"https:\/\/bigbuy.tupique.com\/en\/wp-json\/wp\/v2\/types\/product"}],"replies":[{"embeddable":true,"href":"https:\/\/bigbuy.tupique.com\/en\/wp-json\/wp\/v2\/comments?post=13978"}],"wp:featuredmedia":[{"embeddable":true,"href":"https:\/\/bigbuy.tupique.com\/en\/wp-json\/wp\/v2\/media\/13977"}],"wp:attachment":[{"href":"https:\/\/bigbuy.tupique.com\/en\/wp-json\/wp\/v2\/media?parent=13978"}],"wp:term":[{"taxonomy":"product_brand","embeddable":true,"href":"https:\/\/bigbuy.tupique.com\/en\/wp-json\/wp\/v2\/product_brand?post=13978"},{"taxonomy":"product_cat","embeddable":true,"href":"https:\/\/bigbuy.tupique.com\/en\/wp-json\/wp\/v2\/product_cat?post=13978"},{"taxonomy":"product_tag","embeddable":true,"href":"https:\/\/bigbuy.tupique.com\/en\/wp-json\/wp\/v2\/product_tag?post=13978"}],"curies":[{"name":"wp","href":"https:\/\/api.w.org\/{rel}","templated":true}]}}