{"id":13963,"date":"2026-03-29T11:41:26","date_gmt":"2026-03-29T10:41:26","guid":{"rendered":"https:\/\/bigbuy.tupique.com\/produto\/online-uninterruptible-power-supply-system-ups-salicru-699ca000003-1000va-900w-900-w-1000-w\/"},"modified":"2026-04-14T23:39:12","modified_gmt":"2026-04-14T22:39:12","slug":"online-uninterruptible-power-supply-system-ups-salicru-699ca000003-1000va-900w-900-w-1000-w","status":"publish","type":"product","link":"https:\/\/bigbuy.tupique.com\/en\/produto\/online-uninterruptible-power-supply-system-ups-salicru-699ca000003-1000va-900w-900-w-1000-w\/","title":{"rendered":"Syst\u00e8me d&#8217;Alimentation Sans Interruption Online Salicru 699CA000003 1000VA 900W 900 W 1000 W"},"content":{"rendered":"<p>Si vous \u00eates passionn\u00e9 d&#8217;<b>informatique et d&#8217;\u00e9lectronique<\/b>, si vous \u00eates \u00e0 la pointe de la technologie et qu&#8217;aucun d\u00e9tail ne vous \u00e9chappe, achetez <b>Syst\u00e8me d&#8217;Alimentation Sans Interruption Online Salicru 699CA000003 1000VA 900W 900 W 1000 W<\/b> au meilleur prix.<\/p>\n<p>Le <b>SAI On Line<\/b> <b>Salicru SLC-1000-TWIN PRO2<\/b> est une solution avanc\u00e9e con\u00e7ue pour prot\u00e9ger les \u00e9quipements \u00e9lectroniques et les syst\u00e8mes critiques contre les coupures ou variations \u00e9lectriques, id\u00e9ale pour les environnements professionnels o\u00f9 la continuit\u00e9 de l\u2019alimentation est essentielle. Ce mod\u00e8le se pr\u00e9sente au <b>format tour<\/b>, facilitant son int\u00e9gration dans les bureaux ou centres de donn\u00e9es, et offre une <b>puissance de 900 W<\/b> avec une capacit\u00e9 de <b>1000 VA<\/b>, garantissant le soutien n\u00e9cessaire en cas de panne de courant. Son bo\u00eetier <b>noir<\/b> en <b>plastique r\u00e9sistant<\/b> assure durabilit\u00e9 et \u00e9l\u00e9gance discr\u00e8te, tandis que l\u2019<b>\u00e9cran LCD<\/b> permet de surveiller en temps r\u00e9el les param\u00e8tres cl\u00e9s comme la charge, l\u2019\u00e9tat de la batterie et les \u00e9ventuels incidents. Le syst\u00e8me int\u00e8gre une <b>alarme sonore<\/b> et des <b>indicateurs LED<\/b>, offrant des alertes imm\u00e9diates en cas de surcharge ou de d\u00e9faut \u00e9lectrique, permettant une r\u00e9action rapide \u00e0 tout \u00e9v\u00e9nement. De plus, l\u2019<b>indicateur de surcharge<\/b> aide \u00e0 g\u00e9rer l\u2019utilisation s\u00e9curis\u00e9e de l\u2019appareil et ses 3 prises permettent de connecter simultan\u00e9ment plusieurs \u00e9quipements sensibles. Gr\u00e2ce \u00e0 la technologie online \u00e0 double conversion, le SAI Salicru SLC-1000-TWIN PRO2 fournit une alimentation \u00e9lectrique constante, propre et sans interruption, prot\u00e9geant efficacement serveurs, r\u00e9seaux, stations de travail et dispositifs informatiques contre toute anomalie du r\u00e9seau \u00e9lectrique. Une option robuste et fiable pour garantir la continuit\u00e9 op\u00e9rationnelle et la protection maximale de vos syst\u00e8mes \u00e9lectroniques les plus critiques.<\/p>\n<ul>\n<li>Technologie: LCD<\/li>\n<li>puissance:\n<ul>\n<li>900 W<\/li>\n<li>1000 VA<\/li>\n<\/ul>\n<\/li>\n<li>Temps de charge approx.: 4 heures<\/li>\n<li>Type:\n<ul>\n<li>Tour<\/li>\n<li>Syst\u00e8me d&#8217;Alimentation Sans Interruption Online<\/li>\n<li>Protection contre la surcharge de courant<\/li>\n<\/ul>\n<\/li>\n<li>Couleur: Noir<\/li>\n<li>Connexions:\n<ul>\n<li>USB 2.0<\/li>\n<li>AC x 3<\/li>\n<li>USB<\/li>\n<\/ul>\n<\/li>\n<li>Fr\u00e9quence: 50\/60 Hz<\/li>\n<li>Niveau sonore: 49 dB<\/li>\n<li>Mati\u00e8re: Plastique<\/li>\n<li>Caract\u00e9ristiques:\n<ul>\n<li>\u00c9cran LCD<\/li>\n<li>Alarme<\/li>\n<li>T\u00e9moin LED<\/li>\n<li>Indicateur de surcharge<\/li>\n<li>Fonctionne \u00e0 piles<\/li>\n<\/ul>\n<\/li>\n<li>Ann\u00e9e: 2017<\/li>\n<li>Tension:\n<ul>\n<li>220 V<\/li>\n<li>230 V<\/li>\n<li>240 V<\/li>\n<\/ul>\n<\/li>\n<li>Fiche secteur: Type F<\/li>\n<li>Piles incluses: Oui<\/li>\n<li>Entr\u00e9e AC: 50\/60 Hz<\/li>\n<li>Fonctions: ECO<\/li>\n<li>Amp\u00e9rage: 2 A<\/li>\n<li>Facteur de forme: Tower<\/li>\n<\/ul>","protected":false},"excerpt":{"rendered":"<p>Si vous \u00eates passionn\u00e9 d&#8217;informatique et d&#8217;\u00e9lectronique, si vous \u00eates \u00e0 la pointe de la technologie et qu&#8217;aucun d\u00e9tail ne vous \u00e9chappe, achetez Syst\u00e8me d&#8217;Alimentation Sans Interruption Online Salicru 699CA000003 1000VA 900W 900 W 1000 W au meilleur prix. Le SAI On Line Salicru SLC-1000-TWIN PRO2 est une solution avanc\u00e9e con\u00e7ue pour prot\u00e9ger les \u00e9quipements [&hellip;]<\/p>\n","protected":false},"featured_media":13962,"comment_status":"open","ping_status":"closed","template":"","meta":[],"product_brand":[650],"product_cat":[65,581,603],"product_tag":[106],"class_list":{"0":"post-13963","1":"product","2":"type-product","3":"status-publish","4":"has-post-thumbnail","6":"product_brand-brandp_575","7":"product_cat-informatique-electronique","8":"product_cat-informatique-peripheriques-et-consommables","9":"product_cat-ups","10":"product_tag-tag_1295","12":"first","13":"instock","14":"taxable","15":"shipping-taxable","16":"purchasable","17":"product-type-simple"},"_links":{"self":[{"href":"https:\/\/bigbuy.tupique.com\/en\/wp-json\/wp\/v2\/product\/13963","targetHints":{"allow":["GET"]}}],"collection":[{"href":"https:\/\/bigbuy.tupique.com\/en\/wp-json\/wp\/v2\/product"}],"about":[{"href":"https:\/\/bigbuy.tupique.com\/en\/wp-json\/wp\/v2\/types\/product"}],"replies":[{"embeddable":true,"href":"https:\/\/bigbuy.tupique.com\/en\/wp-json\/wp\/v2\/comments?post=13963"}],"wp:featuredmedia":[{"embeddable":true,"href":"https:\/\/bigbuy.tupique.com\/en\/wp-json\/wp\/v2\/media\/13962"}],"wp:attachment":[{"href":"https:\/\/bigbuy.tupique.com\/en\/wp-json\/wp\/v2\/media?parent=13963"}],"wp:term":[{"taxonomy":"product_brand","embeddable":true,"href":"https:\/\/bigbuy.tupique.com\/en\/wp-json\/wp\/v2\/product_brand?post=13963"},{"taxonomy":"product_cat","embeddable":true,"href":"https:\/\/bigbuy.tupique.com\/en\/wp-json\/wp\/v2\/product_cat?post=13963"},{"taxonomy":"product_tag","embeddable":true,"href":"https:\/\/bigbuy.tupique.com\/en\/wp-json\/wp\/v2\/product_tag?post=13963"}],"curies":[{"name":"wp","href":"https:\/\/api.w.org\/{rel}","templated":true}]}}