{"id":13925,"date":"2026-03-29T11:30:23","date_gmt":"2026-03-29T10:30:23","guid":{"rendered":"https:\/\/bigbuy.tupique.com\/produto\/usb-3-0-to-vga-adapter-startech-notecons01\/"},"modified":"2026-04-14T23:39:08","modified_gmt":"2026-04-14T22:39:08","slug":"usb-3-0-to-vga-adapter-startech-notecons01","status":"publish","type":"product","link":"https:\/\/bigbuy.tupique.com\/en\/produto\/usb-3-0-to-vga-adapter-startech-notecons01\/","title":{"rendered":"Adaptateur USB 3.0 vers VGA Startech NOTECONS01"},"content":{"rendered":"<p>Si vous \u00eates passionn\u00e9 d&#8217;<b>informatique et d&#8217;\u00e9lectronique<\/b>, si vous \u00eates \u00e0 la pointe de la technologie et qu&#8217;aucun d\u00e9tail ne vous \u00e9chappe, achetez <b>Adaptateur USB 3.0 vers VGA Startech NOTECONS01<\/b> au meilleur prix.<\/p>\n<ul>\n<li>Type:\n<ul>\n<li>Adaptateur<\/li>\n<li>Prise Femelle<\/li>\n<li>Prise M\u00e2le<\/li>\n<\/ul>\n<\/li>\n<li>Couleur: Noir<\/li>\n<li>Connexions:\n<ul>\n<li>VGA<\/li>\n<li>USB<\/li>\n<li>SATA<\/li>\n<\/ul>\n<\/li>\n<li>Mati\u00e8re:\n<ul>\n<li>Polycarbonate<\/li>\n<li>Plastique<\/li>\n<\/ul>\n<\/li>\n<li>puissance: 30 W<\/li>\n<li>Tension: 240 V<\/li>\n<li>Ports: VGA<\/li>\n<li>Certificat: RoHS<\/li>\n<\/ul>","protected":false},"excerpt":{"rendered":"<p>Si vous \u00eates passionn\u00e9 d&#8217;informatique et d&#8217;\u00e9lectronique, si vous \u00eates \u00e0 la pointe de la technologie et qu&#8217;aucun d\u00e9tail ne vous \u00e9chappe, achetez Adaptateur USB 3.0 vers VGA Startech NOTECONS01 au meilleur prix. Type: Adaptateur Prise Femelle Prise M\u00e2le Couleur: Noir Connexions: VGA USB SATA Mati\u00e8re: Polycarbonate Plastique puissance: 30 W Tension: 240 V Ports: [&hellip;]<\/p>\n","protected":false},"featured_media":13921,"comment_status":"open","ping_status":"closed","template":"","meta":[],"product_brand":[634],"product_cat":[602,598,65],"product_tag":[106],"class_list":{"0":"post-13925","1":"product","2":"type-product","3":"status-publish","4":"has-post-thumbnail","6":"product_brand-brandp_4771","7":"product_cat-adaptateurs","8":"product_cat-informatique-cables-et-adaptateurs","9":"product_cat-informatique-electronique","10":"product_tag-tag_1295","12":"first","13":"instock","14":"taxable","15":"shipping-taxable","16":"purchasable","17":"product-type-simple"},"_links":{"self":[{"href":"https:\/\/bigbuy.tupique.com\/en\/wp-json\/wp\/v2\/product\/13925","targetHints":{"allow":["GET"]}}],"collection":[{"href":"https:\/\/bigbuy.tupique.com\/en\/wp-json\/wp\/v2\/product"}],"about":[{"href":"https:\/\/bigbuy.tupique.com\/en\/wp-json\/wp\/v2\/types\/product"}],"replies":[{"embeddable":true,"href":"https:\/\/bigbuy.tupique.com\/en\/wp-json\/wp\/v2\/comments?post=13925"}],"wp:featuredmedia":[{"embeddable":true,"href":"https:\/\/bigbuy.tupique.com\/en\/wp-json\/wp\/v2\/media\/13921"}],"wp:attachment":[{"href":"https:\/\/bigbuy.tupique.com\/en\/wp-json\/wp\/v2\/media?parent=13925"}],"wp:term":[{"taxonomy":"product_brand","embeddable":true,"href":"https:\/\/bigbuy.tupique.com\/en\/wp-json\/wp\/v2\/product_brand?post=13925"},{"taxonomy":"product_cat","embeddable":true,"href":"https:\/\/bigbuy.tupique.com\/en\/wp-json\/wp\/v2\/product_cat?post=13925"},{"taxonomy":"product_tag","embeddable":true,"href":"https:\/\/bigbuy.tupique.com\/en\/wp-json\/wp\/v2\/product_tag?post=13925"}],"curies":[{"name":"wp","href":"https:\/\/api.w.org\/{rel}","templated":true}]}}