{"id":13916,"date":"2026-03-29T11:30:07","date_gmt":"2026-03-29T10:30:07","guid":{"rendered":"https:\/\/bigbuy.tupique.com\/produto\/monochrome-laser-printer-hp-j8h61ab19-45-ppm-lan\/"},"modified":"2026-05-11T19:58:53","modified_gmt":"2026-05-11T17:58:53","slug":"monochrome-laser-printer-hp-j8h61ab19-45-ppm-lan","status":"publish","type":"product","link":"https:\/\/bigbuy.tupique.com\/en\/produto\/monochrome-laser-printer-hp-j8h61ab19-45-ppm-lan\/","title":{"rendered":"Imprimante laser monochrome HP J8H61A#B19 45 ppm LAN"},"content":{"rendered":"<p>Si vous \u00eates passionn\u00e9 d&#8217;<b>informatique et d&#8217;\u00e9lectronique<\/b>, si vous \u00eates \u00e0 la pointe de la technologie et qu&#8217;aucun d\u00e9tail ne vous \u00e9chappe, achetez <b>Imprimante laser monochrome HP J8H61A#B19 45 ppm LAN<\/b> au meilleur prix.<\/p>\n<p>La <b>imprimante laser monochrome HP LaserJet Pro M501dn<\/b> est un appareil con\u00e7u pour les bureaux qui ont besoin d\u2019\u00e9quilibrer vitesse, qualit\u00e9 et s\u00e9curit\u00e9 dans leurs t\u00e2ches d\u2019impression. Cette imprimante se distingue par sa <b>technologie laser<\/b>, garantissant une grande nettet\u00e9 et d\u00e9finition \u00e0 chaque page, avec une <b>r\u00e9solution maximale de 4800 x 600 DPI<\/b>. Avec une <b>vitesse d\u2019impression allant jusqu\u2019\u00e0 43 pages par minute<\/b> en qualit\u00e9 normale pour les documents au format A4 ou lettre, elle permet une gestion efficace de gros volumes de travail, soutenue par un robuste <b>cycle de travail mensuel pouvant atteindre 100 000 pages<\/b>. Elle dispose du <b>recto verso automatique<\/b>, facilitant l\u2019impression recto verso pour optimiser la consommation de papier et am\u00e9liorer la durabilit\u00e9. De plus, elle int\u00e8gre un <b>\u00e9cran LCD<\/b> qui facilite la supervision et la configuration des t\u00e2ches d\u2019impression, offrant un contr\u00f4le intuitif et accessible \u00e0 l\u2019utilisateur. Le mod\u00e8le peut g\u00e9rer les formats papier standards ISO de la s\u00e9rie A jusqu\u2019au A4, s\u2019adaptant aux besoins courants de bureau. Avec <b>deux cartouches d\u2019impression<\/b> utilisant du toner original HP avec la technologie JetIntelligence, elle assure une plus grande dur\u00e9e et performance, permettant d\u2019imprimer plus de pages par consommable, r\u00e9duisant ainsi les co\u00fbts op\u00e9rationnels et la fr\u00e9quence de remplacement. Cet appareil int\u00e8gre \u00e9galement des fonctions avanc\u00e9es de s\u00e9curit\u00e9 con\u00e7ues pour prot\u00e9ger les informations contre les menaces externes, ainsi qu\u2019un d\u00e9marrage rapide qui contribue \u00e0 l\u2019\u00e9conomie d\u2019\u00e9nergie et \u00e0 l\u2019am\u00e9lioration de la productivit\u00e9 quotidienne. Sa finition en <b>blanc<\/b> offre un design sobre et professionnel qui s\u2019int\u00e8gre dans tout environnement de travail. Dans l\u2019ensemble, la HP LaserJet Pro M501dn propose une solution fiable, efficace et s\u00e9curis\u00e9e pour ceux qui recherchent performance et qualit\u00e9 en impression monochrome dans des environnements de bureau exigeants.<\/p>\n<ul>\n<li>Type:\n<ul>\n<li>Laser<\/li>\n<li>Imprimante laser monochrome<\/li>\n<\/ul>\n<\/li>\n<li>vitesse:\n<ul>\n<li>45 ppm<\/li>\n<li>34 ppm<\/li>\n<li>43 ppm<\/li>\n<\/ul>\n<\/li>\n<li>Processeur: 1500 MHz<\/li>\n<li>Menus: Multilingue<\/li>\n<li>Bloc d\u2019Alimentation: r\u00e9seau \u00e9lectrique<\/li>\n<li>Tension:\n<ul>\n<li>220-240 V<\/li>\n<li>100 &#8211; 240 V<\/li>\n<\/ul>\n<\/li>\n<li>Connexions:\n<ul>\n<li>Ethernet LAN<\/li>\n<li>USB<\/li>\n<li>USB 2.0<\/li>\n<\/ul>\n<\/li>\n<li>Dimensions approx.: 41,8 x 37,6 x 28,9 cm<\/li>\n<li>Fonctions: Imprimante<\/li>\n<li>Couleur:\n<ul>\n<li>Blanc<\/li>\n<li>Noir<\/li>\n<li>Multicouleur<\/li>\n<\/ul>\n<\/li>\n<li>Type de prise: Prise EU<\/li>\n<li>Technologie:\n<ul>\n<li>LCD<\/li>\n<li>Laser<\/li>\n<\/ul>\n<\/li>\n<li>Produit \u00e0 brancher: Oui<\/li>\n<li>Caract\u00e9ristiques:\n<ul>\n<li>\u00c9cran integr\u00e9<\/li>\n<li>\u00c9cran LCD<\/li>\n<li>Impression recto verso<\/li>\n<\/ul>\n<\/li>\n<li>R\u00e9solution d&#8217;image maximale: 4800 x 600 dpi<\/li>\n<li>Mati\u00e8re: M\u00e9tal<\/li>\n<li>Type de m\u00e9moire: DDR3 SDRAM<\/li>\n<li>M\u00e9moire interne: 256 MB<\/li>\n<li>Ann\u00e9e: 2016<\/li>\n<li>Capacit\u00e9:\n<ul>\n<li>256 MB<\/li>\n<li>250 Volets<\/li>\n<li>550 Volets<\/li>\n<\/ul>\n<\/li>\n<li>M\u00e9moire RAM: 256 MB<\/li>\n<li>Impression couleur: Non<\/li>\n<li>Compatible:\n<ul>\n<li>Windows<\/li>\n<li>Linux<\/li>\n<\/ul>\n<\/li>\n<li>Papier: A4<\/li>\n<li>Impression recto verso: Automatique<\/li>\n<li>Fr\u00e9quence d&#8217;entr\u00e9e AC: 50-60 Hz<\/li>\n<li>Non inclut: Wi-Fi<\/li>\n<li>Plateau: 2<\/li>\n<li>M\u00e9t\u00e9o: 5 s<\/li>\n<li>Famille de processeurs:\n<ul>\n<li>Intel Core i5<\/li>\n<li>Intel<\/li>\n<\/ul>\n<\/li>\n<li>Noyaux: 1 c\u0153ur<\/li>\n<\/ul>","protected":false},"excerpt":{"rendered":"<p>Si vous \u00eates passionn\u00e9 d&#8217;informatique et d&#8217;\u00e9lectronique, si vous \u00eates \u00e0 la pointe de la technologie et qu&#8217;aucun d\u00e9tail ne vous \u00e9chappe, achetez Imprimante laser monochrome HP J8H61A#B19 45 ppm LAN au meilleur prix. La imprimante laser monochrome HP LaserJet Pro M501dn est un appareil con\u00e7u pour les bureaux qui ont besoin d\u2019\u00e9quilibrer vitesse, qualit\u00e9 [&hellip;]<\/p>\n","protected":false},"featured_media":13912,"comment_status":"open","ping_status":"closed","template":"","meta":[],"product_brand":[630],"product_cat":[592,65,581],"product_tag":[213,106],"class_list":{"0":"post-13916","1":"product","2":"type-product","3":"status-publish","4":"has-post-thumbnail","6":"product_brand-brandp_909","7":"product_cat-imprimantes","8":"product_cat-informatique-electronique","9":"product_cat-informatique-peripheriques-et-consommables","10":"product_tag-tag_933","11":"product_tag-tag_1295","13":"first","14":"instock","15":"taxable","16":"shipping-taxable","17":"purchasable","18":"product-type-simple"},"_links":{"self":[{"href":"https:\/\/bigbuy.tupique.com\/en\/wp-json\/wp\/v2\/product\/13916","targetHints":{"allow":["GET"]}}],"collection":[{"href":"https:\/\/bigbuy.tupique.com\/en\/wp-json\/wp\/v2\/product"}],"about":[{"href":"https:\/\/bigbuy.tupique.com\/en\/wp-json\/wp\/v2\/types\/product"}],"replies":[{"embeddable":true,"href":"https:\/\/bigbuy.tupique.com\/en\/wp-json\/wp\/v2\/comments?post=13916"}],"wp:featuredmedia":[{"embeddable":true,"href":"https:\/\/bigbuy.tupique.com\/en\/wp-json\/wp\/v2\/media\/13912"}],"wp:attachment":[{"href":"https:\/\/bigbuy.tupique.com\/en\/wp-json\/wp\/v2\/media?parent=13916"}],"wp:term":[{"taxonomy":"product_brand","embeddable":true,"href":"https:\/\/bigbuy.tupique.com\/en\/wp-json\/wp\/v2\/product_brand?post=13916"},{"taxonomy":"product_cat","embeddable":true,"href":"https:\/\/bigbuy.tupique.com\/en\/wp-json\/wp\/v2\/product_cat?post=13916"},{"taxonomy":"product_tag","embeddable":true,"href":"https:\/\/bigbuy.tupique.com\/en\/wp-json\/wp\/v2\/product_tag?post=13916"}],"curies":[{"name":"wp","href":"https:\/\/api.w.org\/{rel}","templated":true}]}}