{"id":13911,"date":"2026-03-29T11:29:57","date_gmt":"2026-03-29T10:29:57","guid":{"rendered":"https:\/\/bigbuy.tupique.com\/produto\/dot-matrix-printer-epson-c11cc25001\/"},"modified":"2026-05-11T19:58:55","modified_gmt":"2026-05-11T17:58:55","slug":"dot-matrix-printer-epson-c11cc25001","status":"publish","type":"product","link":"https:\/\/bigbuy.tupique.com\/en\/produto\/dot-matrix-printer-epson-c11cc25001\/","title":{"rendered":"Imprimante Matricielle Epson C11CC25001"},"content":{"rendered":"<p>Si vous \u00eates passionn\u00e9 d&#8217;<b>informatique et d&#8217;\u00e9lectronique<\/b>, si vous \u00eates \u00e0 la pointe de la technologie et qu&#8217;aucun d\u00e9tail ne vous \u00e9chappe, achetez <b>Imprimante Matricielle Epson C11CC25001          <\/b> au meilleur prix.<\/p>\n<ul>\n<li>Type:\n<ul>\n<li>Avec fil<\/li>\n<li>Imprimante Matricielle<\/li>\n<\/ul>\n<\/li>\n<li>Produit \u00e0 brancher: Oui<\/li>\n<li>Type de prise: Prise EU<\/li>\n<li>Bloc d\u2019Alimentation: r\u00e9seau \u00e9lectrique<\/li>\n<li>Couleur:\n<ul>\n<li>Noir<\/li>\n<li>Gris<\/li>\n<\/ul>\n<\/li>\n<li>Caract\u00e9ristiques: Avec c\u00e2ble<\/li>\n<li>Connexions:\n<ul>\n<li>USB<\/li>\n<li>USB 2.0 x 2<\/li>\n<\/ul>\n<\/li>\n<li>Technologie:\n<ul>\n<li>Injection d&#8217;encre<\/li>\n<li>Laser<\/li>\n<li>Matricielle<\/li>\n<\/ul>\n<\/li>\n<li>Impression couleur: Non<\/li>\n<li>Tension: 200-240 V<\/li>\n<li>puissance: 22 W<\/li>\n<li>consommation d&#8217;\u00e9nergie: 22 kWh<\/li>\n<li>Compatible avec: Papier<\/li>\n<\/ul>\n<p><\/p>\n<p>La LQ-350 est une imprimante tr\u00e8s \u00e9conomique qui permet de r\u00e9duire les co\u00fbts d&#8217;exploitation gr\u00e2ce \u00e0 son ruban disposant d&#8217;une longue dur\u00e9e de vie (2,5millions de caract\u00e8res) et sa faible consommation \u00e9lectrique. La LQ-350 n&#8217;utilise que 1,3W en veille et 23W en impression. Elle est donc certifi\u00e9e ENERGY STAR pour son excellente efficacit\u00e9 \u00e9nerg\u00e9tique. <\/p>\n<p>Facile \u00e0 int\u00e9grer, la LQ-350 poss\u00e8de des interfaces Parall\u00e8le, S\u00e9rie et USB de s\u00e9rie et trouvera facilement une place sur le bureau gr\u00e2ce \u00e0 sa conception compacte et \u00e0 son syst\u00e8me de gestion des c\u00e2bles.<\/p>\n<p><\/p>\n<ul>\n<li>Couleur: Non<\/li>\n<li>Vitesse maximale d&#8217;impression: 347 caract\u00e8res par seconde<\/li>\n<li>R\u00e9solution maximale: 360 x 180 DPI<\/li>\n<li>Largeur d&#8217;impression maximum: 80<\/li>\n<li>Vitesse d&#8217;impression maximale (qualit\u00e9 brouillon): 260 caract\u00e8res par seconde<\/li>\n<li>Vitesse d&#8217;impression maximale (basse qualit\u00e9): 86 caract\u00e8res par seconde<\/li>\n<li>Mesure du nombre de caract\u00e8re par pouce: 10 caract\u00e8res par pouce<\/li>\n<li>Nombre maximum de copies: 4 copies<\/li>\n<li>Type de support du bac papier: Enveloppes, \u00c9tiquettes, Rouleau<\/li>\n<li>Couleur du produit: Noir, Gris<\/li>\n<li>Taille du buffer: 128 Ko<\/li>\n<li>Niveau de pression sonore (impression): 53 dB<\/li>\n<li>Langues de la description de page: Epson ESC\/P2<\/li>\n<li>Pays d&#8217;origine: Indon\u00e9sie<\/li>\n<li>Interfaces standards: Parall\u00e8le, S\u00e9rie, USB 2.0<\/li>\n<li>T\u00eate d&#8217;impression: 24-pin<\/li>\n<li>Direction d&#8217;impression: Bi-directionnel<\/li>\n<li>Dur\u00e9e de vie de la t\u00eate d&#8217;impression: 400 million de caract\u00e8res<\/li>\n<li>Dur\u00e9e de vie du ruban (noir, brouillon): 3 million de caract\u00e8res<\/li>\n<li>Dur\u00e9e de vie du ruban (noir, faible qualit\u00e9): 2,5 million de caract\u00e8res<\/li>\n<li>Temps moyen entre pannes: 10000 h<\/li>\n<li>Consommation \u00e9lectrique typique: 22 W<\/li>\n<li>Tension d&#8217;entr\u00e9e AC: 200 &#8211; 240 V<\/li>\n<li>Temp\u00e9rature d&#8217;op\u00e9ration: 5 &#8211; 35 \u00b0C<\/li>\n<li>Humidit\u00e9 relative de fonctionnement (H-H): 10 &#8211; 80%<\/li>\n<li>Prise en charge du syst\u00e8me d&#8217;exploitation Windows: Windows 2000,Windows 7,Windows 8,Windows Vista,Windows XP<\/li>\n<li>Logiciels fournis: Epson Status Monitor<\/li>\n<li>Largeur: 348 mm<\/li>\n<li>Profondeur: 275 mm<\/li>\n<li>Hauteur: 154 mm<\/li>\n<li>Poids: 4,1 kg<\/li>\n<li>Quantit\u00e9: 1 pi\u00e8ce(s)<\/li>\n<li>Largeur du colis: 220 mm<\/li>\n<li>Profondeur du colis: 425 mm<\/li>\n<li>Hauteur du colis: 360 mm<\/li>\n<li>Poids du paquet: 5,11 g<\/li>\n<li>Technologie de connectivit\u00e9: Avec fil<\/li>\n<li>Technologie d&#8217;impression: Dot Matrix<\/li>\n<li>Produits par palette: 45 pi\u00e8ce(s)<\/li>\n<li>Longueur brute de la palette: 120 cm<\/li>\n<li>Largeur brute de la palette: 80 cm<\/li>\n<li>Hauteur brute de la palette: 2,13 m<\/li>\n<li>Produits par couche de palette: 5 pi\u00e8ce(s)<\/li>\n<li>Produits par couche de palette (RU): 6 pi\u00e8ce(s)<\/li>\n<li>Produits par palette (RU): 54 pi\u00e8ce(s)<\/li>\n<li>Longueur de la palette (RU): 120 cm<\/li>\n<li>Largeur de la palette (RU): 100 cm<\/li>\n<li>Hauteur de la palette (RU): 2,13 m<\/li>\n<li>Aiguilles: 24<\/li>\n<\/ul>","protected":false},"excerpt":{"rendered":"<p>Si vous \u00eates passionn\u00e9 d&#8217;informatique et d&#8217;\u00e9lectronique, si vous \u00eates \u00e0 la pointe de la technologie et qu&#8217;aucun d\u00e9tail ne vous \u00e9chappe, achetez Imprimante Matricielle Epson C11CC25001 au meilleur prix. Type: Avec fil Imprimante Matricielle Produit \u00e0 brancher: Oui Type de prise: Prise EU Bloc d\u2019Alimentation: r\u00e9seau \u00e9lectrique Couleur: Noir Gris Caract\u00e9ristiques: Avec c\u00e2ble Connexions: [&hellip;]<\/p>\n","protected":false},"featured_media":13910,"comment_status":"open","ping_status":"closed","template":"","meta":[],"product_brand":[632],"product_cat":[592,65,581],"product_tag":[213,106],"class_list":{"0":"post-13911","1":"product","2":"type-product","3":"status-publish","4":"has-post-thumbnail","6":"product_brand-brandp_547","7":"product_cat-imprimantes","8":"product_cat-informatique-electronique","9":"product_cat-informatique-peripheriques-et-consommables","10":"product_tag-tag_933","11":"product_tag-tag_1295","13":"first","14":"instock","15":"taxable","16":"shipping-taxable","17":"purchasable","18":"product-type-simple"},"_links":{"self":[{"href":"https:\/\/bigbuy.tupique.com\/en\/wp-json\/wp\/v2\/product\/13911","targetHints":{"allow":["GET"]}}],"collection":[{"href":"https:\/\/bigbuy.tupique.com\/en\/wp-json\/wp\/v2\/product"}],"about":[{"href":"https:\/\/bigbuy.tupique.com\/en\/wp-json\/wp\/v2\/types\/product"}],"replies":[{"embeddable":true,"href":"https:\/\/bigbuy.tupique.com\/en\/wp-json\/wp\/v2\/comments?post=13911"}],"wp:featuredmedia":[{"embeddable":true,"href":"https:\/\/bigbuy.tupique.com\/en\/wp-json\/wp\/v2\/media\/13910"}],"wp:attachment":[{"href":"https:\/\/bigbuy.tupique.com\/en\/wp-json\/wp\/v2\/media?parent=13911"}],"wp:term":[{"taxonomy":"product_brand","embeddable":true,"href":"https:\/\/bigbuy.tupique.com\/en\/wp-json\/wp\/v2\/product_brand?post=13911"},{"taxonomy":"product_cat","embeddable":true,"href":"https:\/\/bigbuy.tupique.com\/en\/wp-json\/wp\/v2\/product_cat?post=13911"},{"taxonomy":"product_tag","embeddable":true,"href":"https:\/\/bigbuy.tupique.com\/en\/wp-json\/wp\/v2\/product_tag?post=13911"}],"curies":[{"name":"wp","href":"https:\/\/api.w.org\/{rel}","templated":true}]}}