{"id":13906,"date":"2026-03-29T11:29:51","date_gmt":"2026-03-29T10:29:51","guid":{"rendered":"https:\/\/bigbuy.tupique.com\/produto\/laser-printer-xerox-b235v_dni\/"},"modified":"2026-04-14T23:39:07","modified_gmt":"2026-04-14T22:39:07","slug":"laser-printer-xerox-b235v_dni","status":"publish","type":"product","link":"https:\/\/bigbuy.tupique.com\/en\/produto\/laser-printer-xerox-b235v_dni\/","title":{"rendered":"Imprimante laser Xerox B235V_DNI"},"content":{"rendered":"<p>Si vous \u00eates passionn\u00e9 d&#8217;<b>informatique et d&#8217;\u00e9lectronique<\/b>, si vous \u00eates \u00e0 la pointe de la technologie et qu&#8217;aucun d\u00e9tail ne vous \u00e9chappe, achetez <b>Imprimante laser Xerox B235V_DNI           <\/b> au meilleur prix.<\/p>\n<p>La <b>imprimante laser multifonction Xerox B235V_DNI<\/b> est un appareil con\u00e7u pour les petites entreprises et les utilisateurs recherchant une solution compl\u00e8te pour imprimer, copier, scanner et envoyer des fax avec efficacit\u00e9 et qualit\u00e9 professionnelle. Ce mod\u00e8le se distingue par son <b>impression en noir et blanc<\/b> \u00e0 une vitesse allant jusqu\u2019\u00e0 <b>34 pages par minute<\/b> et une r\u00e9solution maximale de <b>2400 x 2400 DPI<\/b>, garantissant des documents nets et pr\u00e9cis. Son panneau avant int\u00e8gre un <b>\u00e9cran LCD couleur<\/b> facilitant la configuration et le contr\u00f4le des fonctions, avec le logiciel <b>Smart Start de Xerox<\/b> pour une installation rapide et simple. De plus, il offre une connectivit\u00e9 avanc\u00e9e via <b>Wi-Fi avec Wi-Fi Direct<\/b> et <b>Ethernet LAN<\/b>, permettant l\u2019impression directe depuis des appareils mobiles gr\u00e2ce \u00e0 la compatibilit\u00e9 avec <b>Apple AirPrint, Mopria Print Service et Chromebook<\/b>, offrant une grande flexibilit\u00e9 pour les environnements de travail dynamiques. L\u2019appareil r\u00e9alise une impression recto verso automatique aux formats lettre et l\u00e9gal, ainsi que la copie, le fax et le scan avec fonctions recto verso, am\u00e9liorant la productivit\u00e9 et r\u00e9duisant la consommation de papier. Son chargeur automatique de documents de 50 feuilles, associ\u00e9 \u00e0 deux bacs papier d\u2019une capacit\u00e9 totale de 251 feuilles, facilite la gestion de gros volumes. Le design int\u00e8gre un processeur <b>dual-core 1 GHz<\/b> avec <b>512 Mo de m\u00e9moire<\/b>, assurant des performances solides supportant un volume mensuel allant jusqu\u2019\u00e0 <b>2 500 pages<\/b>. En qualit\u00e9 de num\u00e9risation, il se distingue par sa capacit\u00e9 \u00e0 scanner en couleur avec une r\u00e9solution optique de <b>1200 x 1200 DPI<\/b>, tandis que la fonction fax permet l\u2019envoi et la r\u00e9ception efficaces de documents en noir et blanc. Ses fonctionnalit\u00e9s sont compl\u00e9t\u00e9es par l\u2019option d\u2019int\u00e9grer <b>Xerox Workflow Central<\/b>, un outil innovant facilitant la conversion de documents en plusieurs langues, la transformation de notes manuscrites en texte \u00e9ditable, la cr\u00e9ation de fichiers audio \u00e0 partir de documents imprim\u00e9s et l\u2019automatisation de la r\u00e9daction et gestion des fichiers num\u00e9ris\u00e9s dans des formats compatibles Microsoft Office. Sa finition en bleu, blanc et noir offre un design sobre et professionnel adapt\u00e9 \u00e0 tout environnement de bureau. Enfin, l\u2019imprimante s\u2019inscrit dans l\u2019engagement environnemental de Xerox avec le programme <b>Green World Alliance<\/b>, qui simplifie le recyclage des cartouches de toner. En r\u00e9sum\u00e9, la Xerox B235V_DNI est une solution multifonction robuste et polyvalente, combinant performance, connectivit\u00e9 avanc\u00e9e et efficacit\u00e9 op\u00e9rationnelle, id\u00e9ale pour les entreprises ayant des besoins quotidiens d\u2019impression et de communication.<\/p>\n<ul>\n<li>Format d&#8217;image: JPEG<\/li>\n<li>Impression couleur: Non<\/li>\n<li>Compatible:\n<ul>\n<li>Windows, Mac OS<\/li>\n<li>Smartphones, t\u00e9l\u00e9phones mobiles<\/li>\n<\/ul>\n<\/li>\n<li>Type:\n<ul>\n<li>Imprimante laser monochrome<\/li>\n<li>Imprimante laser<\/li>\n<li>Noir et blanc<\/li>\n<li>Tout en un<\/li>\n<\/ul>\n<\/li>\n<li>Produit \u00e0 brancher: Oui<\/li>\n<li>Type de prise: Prise EU<\/li>\n<li>R\u00e9solution d&#8217;image maximale:\n<ul>\n<li>600 x 600 dpi<\/li>\n<li>1200 x 1200 dpi<\/li>\n<li>2400 x 2400 dpi<\/li>\n<\/ul>\n<\/li>\n<li>Connexions:\n<ul>\n<li>Ethernet LAN<\/li>\n<li>USB<\/li>\n<\/ul>\n<\/li>\n<li>Technologie:\n<ul>\n<li>LCD<\/li>\n<li>Laser<\/li>\n<\/ul>\n<\/li>\n<li>Bloc d\u2019Alimentation: r\u00e9seau \u00e9lectrique<\/li>\n<li>Couleur:\n<ul>\n<li>Bleu<\/li>\n<li>Blanc<\/li>\n<li>Noir<\/li>\n<\/ul>\n<\/li>\n<li>Caract\u00e9ristiques:\n<ul>\n<li>\u00c9cran integr\u00e9<\/li>\n<li>Scanner Double Face<\/li>\n<li>\u00c9cran couleur<\/li>\n<li>\u00c9cran LCD<\/li>\n<li>Guide d&#8217;installation inclus<\/li>\n<li>Impression recto verso<\/li>\n<li>Commande tactile<\/li>\n<\/ul>\n<\/li>\n<li>Connectivit\u00e9:\n<ul>\n<li>Wi-Fi<\/li>\n<li>Ethernet LAN<\/li>\n<\/ul>\n<\/li>\n<li>Fonctions: Rappel automatique<\/li>\n<li>R\u00e9solution: 600 x 600 dpi<\/li>\n<li>Syst\u00e8me d&#8217;exploitation: Windows 10<\/li>\n<li>Format: CD<\/li>\n<li>Scanner: 1200 x 1200 dpi<\/li>\n<li>Capacit\u00e9: 1 Volet<\/li>\n<li>Inclut:\n<ul>\n<li>C\u00e2ble Alimentation<\/li>\n<li>Cartouche<\/li>\n<\/ul>\n<\/li>\n<li>Papier:\n<ul>\n<li>A4<\/li>\n<li>B5<\/li>\n<li>C5<\/li>\n<\/ul>\n<\/li>\n<li>Plateau: 1<\/li>\n<li>Taille maximale d&#8217;impression: 216 x 356 mm<\/li>\n<li>Utilisation recommand\u00e9e: Maison<\/li>\n<li>vitesse: 10\/100 Mbps<\/li>\n<\/ul>","protected":false},"excerpt":{"rendered":"<p>Si vous \u00eates passionn\u00e9 d&#8217;informatique et d&#8217;\u00e9lectronique, si vous \u00eates \u00e0 la pointe de la technologie et qu&#8217;aucun d\u00e9tail ne vous \u00e9chappe, achetez Imprimante laser Xerox B235V_DNI au meilleur prix. La imprimante laser multifonction Xerox B235V_DNI est un appareil con\u00e7u pour les petites entreprises et les utilisateurs recherchant une solution compl\u00e8te pour imprimer, copier, scanner [&hellip;]<\/p>\n","protected":false},"featured_media":13903,"comment_status":"open","ping_status":"closed","template":"","meta":[],"product_brand":[631],"product_cat":[592,65,581],"product_tag":[213,106],"class_list":{"0":"post-13906","1":"product","2":"type-product","3":"status-publish","4":"has-post-thumbnail","6":"product_brand-brandp_922","7":"product_cat-imprimantes","8":"product_cat-informatique-electronique","9":"product_cat-informatique-peripheriques-et-consommables","10":"product_tag-tag_933","11":"product_tag-tag_1295","13":"first","14":"instock","15":"taxable","16":"shipping-taxable","17":"purchasable","18":"product-type-simple"},"_links":{"self":[{"href":"https:\/\/bigbuy.tupique.com\/en\/wp-json\/wp\/v2\/product\/13906","targetHints":{"allow":["GET"]}}],"collection":[{"href":"https:\/\/bigbuy.tupique.com\/en\/wp-json\/wp\/v2\/product"}],"about":[{"href":"https:\/\/bigbuy.tupique.com\/en\/wp-json\/wp\/v2\/types\/product"}],"replies":[{"embeddable":true,"href":"https:\/\/bigbuy.tupique.com\/en\/wp-json\/wp\/v2\/comments?post=13906"}],"wp:featuredmedia":[{"embeddable":true,"href":"https:\/\/bigbuy.tupique.com\/en\/wp-json\/wp\/v2\/media\/13903"}],"wp:attachment":[{"href":"https:\/\/bigbuy.tupique.com\/en\/wp-json\/wp\/v2\/media?parent=13906"}],"wp:term":[{"taxonomy":"product_brand","embeddable":true,"href":"https:\/\/bigbuy.tupique.com\/en\/wp-json\/wp\/v2\/product_brand?post=13906"},{"taxonomy":"product_cat","embeddable":true,"href":"https:\/\/bigbuy.tupique.com\/en\/wp-json\/wp\/v2\/product_cat?post=13906"},{"taxonomy":"product_tag","embeddable":true,"href":"https:\/\/bigbuy.tupique.com\/en\/wp-json\/wp\/v2\/product_tag?post=13906"}],"curies":[{"name":"wp","href":"https:\/\/api.w.org\/{rel}","templated":true}]}}