{"id":13897,"date":"2026-03-29T11:29:39","date_gmt":"2026-03-29T10:29:39","guid":{"rendered":"https:\/\/bigbuy.tupique.com\/produto\/recycled-fuser-xerox-108r01121\/"},"modified":"2026-04-15T18:43:52","modified_gmt":"2026-04-15T17:43:52","slug":"recycled-fuser-xerox-108r01121","status":"publish","type":"product","link":"https:\/\/bigbuy.tupique.com\/en\/produto\/recycled-fuser-xerox-108r01121\/","title":{"rendered":"Four Recycl\u00e9 Xerox 108R01121"},"content":{"rendered":"<p>Si vous \u00eates passionn\u00e9 d&#8217;<b>informatique et d&#8217;\u00e9lectronique<\/b>, si vous \u00eates \u00e0 la pointe de la technologie et qu&#8217;aucun d\u00e9tail ne vous \u00e9chappe, achetez <b>Four Recycl\u00e9 Xerox 108R01121           <\/b> au meilleur prix.<\/p>\n<ul>\n<li>Type:\n<ul>\n<li>Four Recycl\u00e9<\/li>\n<li>Original<\/li>\n<\/ul>\n<\/li>\n<li>Technologie: Laser<\/li>\n<li>Couleur: Noir<\/li>\n<li>Caract\u00e9ristiques: Original<\/li>\n<\/ul>","protected":false},"excerpt":{"rendered":"<p>Si vous \u00eates passionn\u00e9 d&#8217;informatique et d&#8217;\u00e9lectronique, si vous \u00eates \u00e0 la pointe de la technologie et qu&#8217;aucun d\u00e9tail ne vous \u00e9chappe, achetez Four Recycl\u00e9 Xerox 108R01121 au meilleur prix. Type: Four Recycl\u00e9 Original Technologie: Laser Couleur: Noir Caract\u00e9ristiques: Original<\/p>","protected":false},"featured_media":13895,"comment_status":"open","ping_status":"closed","template":"","meta":[],"product_brand":[631],"product_cat":[595,65,581,582],"product_tag":[106],"class_list":{"0":"post-13897","1":"product","2":"type-product","3":"status-publish","4":"has-post-thumbnail","6":"product_brand-brandp_922","7":"product_cat-cartouches-d-encre-originale","8":"product_cat-informatique-electronique","9":"product_cat-informatique-peripheriques-et-consommables","10":"product_cat-toners-originaux","11":"product_tag-tag_1295","13":"first","14":"instock","15":"taxable","16":"shipping-taxable","17":"purchasable","18":"product-type-simple"},"_links":{"self":[{"href":"https:\/\/bigbuy.tupique.com\/en\/wp-json\/wp\/v2\/product\/13897","targetHints":{"allow":["GET"]}}],"collection":[{"href":"https:\/\/bigbuy.tupique.com\/en\/wp-json\/wp\/v2\/product"}],"about":[{"href":"https:\/\/bigbuy.tupique.com\/en\/wp-json\/wp\/v2\/types\/product"}],"replies":[{"embeddable":true,"href":"https:\/\/bigbuy.tupique.com\/en\/wp-json\/wp\/v2\/comments?post=13897"}],"wp:featuredmedia":[{"embeddable":true,"href":"https:\/\/bigbuy.tupique.com\/en\/wp-json\/wp\/v2\/media\/13895"}],"wp:attachment":[{"href":"https:\/\/bigbuy.tupique.com\/en\/wp-json\/wp\/v2\/media?parent=13897"}],"wp:term":[{"taxonomy":"product_brand","embeddable":true,"href":"https:\/\/bigbuy.tupique.com\/en\/wp-json\/wp\/v2\/product_brand?post=13897"},{"taxonomy":"product_cat","embeddable":true,"href":"https:\/\/bigbuy.tupique.com\/en\/wp-json\/wp\/v2\/product_cat?post=13897"},{"taxonomy":"product_tag","embeddable":true,"href":"https:\/\/bigbuy.tupique.com\/en\/wp-json\/wp\/v2\/product_tag?post=13897"}],"curies":[{"name":"wp","href":"https:\/\/api.w.org\/{rel}","templated":true}]}}