{"id":13884,"date":"2026-03-29T11:29:20","date_gmt":"2026-03-29T10:29:20","guid":{"rendered":"https:\/\/bigbuy.tupique.com\/produto\/utp-category-6-rigid-network-cable-startech-wir6cmrgr-304-m\/"},"modified":"2026-04-14T23:39:03","modified_gmt":"2026-04-14T22:39:03","slug":"utp-category-6-rigid-network-cable-startech-wir6cmrgr-304-m","status":"publish","type":"product","link":"https:\/\/bigbuy.tupique.com\/en\/produto\/utp-category-6-rigid-network-cable-startech-wir6cmrgr-304-m\/","title":{"rendered":"C\u00e2ble R\u00e9seau Rigide UTP 6\u00e8me Cat\u00e9gorie Startech WIR6CMRGR            304 m"},"content":{"rendered":"<p>Si vous \u00eates passionn\u00e9 d&#8217;<b>informatique et d&#8217;\u00e9lectronique<\/b>, si vous \u00eates \u00e0 la pointe de la technologie et qu&#8217;aucun d\u00e9tail ne vous \u00e9chappe, achetez <b>C\u00e2ble R\u00e9seau Rigide UTP 6\u00e8me Cat\u00e9gorie Startech WIR6CMRGR            304 m<\/b> au meilleur prix.<\/p>\n<ul>\n<li>Longueur du c\u00e2ble: 304 m<\/li>\n<li>Type:\n<ul>\n<li>Bobine<\/li>\n<li>C\u00e2ble r\u00e9seau<\/li>\n<\/ul>\n<\/li>\n<li>Mat\u00e9riel: PVC<\/li>\n<li>Couleur:\n<ul>\n<li>Gris<\/li>\n<li>Noir<\/li>\n<\/ul>\n<\/li>\n<li>Forme: Rond<\/li>\n<li>Connexions: RJ45<\/li>\n<li>Diagonale de l&#8217;\u00e9cran (cm): 15,2 cm<\/li>\n<\/ul>","protected":false},"excerpt":{"rendered":"<p>Si vous \u00eates passionn\u00e9 d&#8217;informatique et d&#8217;\u00e9lectronique, si vous \u00eates \u00e0 la pointe de la technologie et qu&#8217;aucun d\u00e9tail ne vous \u00e9chappe, achetez C\u00e2ble R\u00e9seau Rigide UTP 6\u00e8me Cat\u00e9gorie Startech WIR6CMRGR 304 m au meilleur prix. Longueur du c\u00e2ble: 304 m Type: Bobine C\u00e2ble r\u00e9seau Mat\u00e9riel: PVC Couleur: Gris Noir Forme: Rond Connexions: RJ45 Diagonale [&hellip;]<\/p>\n","protected":false},"featured_media":13883,"comment_status":"open","ping_status":"closed","template":"","meta":[],"product_brand":[634],"product_cat":[599,598,65],"product_tag":[210],"class_list":{"0":"post-13884","1":"product","2":"type-product","3":"status-publish","4":"has-post-thumbnail","6":"product_brand-brandp_4771","7":"product_cat-cables-de-reseaux","8":"product_cat-informatique-cables-et-adaptateurs","9":"product_cat-informatique-electronique","10":"product_tag-tag_25","12":"first","13":"instock","14":"taxable","15":"shipping-taxable","16":"purchasable","17":"product-type-simple"},"_links":{"self":[{"href":"https:\/\/bigbuy.tupique.com\/en\/wp-json\/wp\/v2\/product\/13884","targetHints":{"allow":["GET"]}}],"collection":[{"href":"https:\/\/bigbuy.tupique.com\/en\/wp-json\/wp\/v2\/product"}],"about":[{"href":"https:\/\/bigbuy.tupique.com\/en\/wp-json\/wp\/v2\/types\/product"}],"replies":[{"embeddable":true,"href":"https:\/\/bigbuy.tupique.com\/en\/wp-json\/wp\/v2\/comments?post=13884"}],"wp:featuredmedia":[{"embeddable":true,"href":"https:\/\/bigbuy.tupique.com\/en\/wp-json\/wp\/v2\/media\/13883"}],"wp:attachment":[{"href":"https:\/\/bigbuy.tupique.com\/en\/wp-json\/wp\/v2\/media?parent=13884"}],"wp:term":[{"taxonomy":"product_brand","embeddable":true,"href":"https:\/\/bigbuy.tupique.com\/en\/wp-json\/wp\/v2\/product_brand?post=13884"},{"taxonomy":"product_cat","embeddable":true,"href":"https:\/\/bigbuy.tupique.com\/en\/wp-json\/wp\/v2\/product_cat?post=13884"},{"taxonomy":"product_tag","embeddable":true,"href":"https:\/\/bigbuy.tupique.com\/en\/wp-json\/wp\/v2\/product_tag?post=13884"}],"curies":[{"name":"wp","href":"https:\/\/api.w.org\/{rel}","templated":true}]}}