{"id":13847,"date":"2026-03-29T11:28:36","date_gmt":"2026-03-29T10:28:36","guid":{"rendered":"https:\/\/bigbuy.tupique.com\/produto\/switch-hpe-jl678a-rj-45\/"},"modified":"2026-04-16T12:24:00","modified_gmt":"2026-04-16T11:24:00","slug":"switch-hpe-jl678a-rj-45","status":"publish","type":"product","link":"https:\/\/bigbuy.tupique.com\/en\/produto\/switch-hpe-jl678a-rj-45\/","title":{"rendered":"Switch HPE JL678A RJ-45"},"content":{"rendered":"<p>Si vous \u00eates passionn\u00e9 d&#8217;<b>informatique et d&#8217;\u00e9lectronique<\/b>, si vous \u00eates \u00e0 la pointe de la technologie et qu&#8217;aucun d\u00e9tail ne vous \u00e9chappe, achetez <b>Switch HPE JL678A RJ-45<\/b> au meilleur prix.<\/p>\n<p>Le <b>HPE Aruba Networking CX 6100 24G 4SFP+ Switch<\/b> est un <b>switch<\/b> manageable de <b>couche 3<\/b> con\u00e7u pour offrir une connectivit\u00e9 r\u00e9seau s\u00e9curis\u00e9e, fiable et efficace dans des environnements professionnels tels que les petites et moyennes entreprises, les succursales et les bureaux de taille moyenne. Ce mod\u00e8le se distingue par son architecture robuste bas\u00e9e sur l\u2019ASIC programmable de HPE Aruba Networking, garantissant des performances stables et une exp\u00e9rience d\u2019administration optimis\u00e9e gr\u00e2ce au syst\u00e8me d\u2019exploitation AOS-CX. Il int\u00e8gre <b>24 ports RJ-45 Gigabit Ethernet (10\/100\/1000)<\/b> et <b>4 ports SFP+ pour des liaisons montantes 1\/10 GbE \u00e0 haute vitesse<\/b>, offrant une grande flexibilit\u00e9 pour connecter des dispositifs IoT, points d\u2019acc\u00e8s sans fil ou cam\u00e9ras de s\u00e9curit\u00e9 avec alimentation via <b>PoE IEEE 802.3at jusqu\u2019\u00e0 740 W<\/b>. Son design compact <b>1U sans ventilateurs<\/b> assure un fonctionnement silencieux, id\u00e9al pour les espaces sensibles au bruit. Il dispose de 4 Go de m\u00e9moire DDR3 SDRAM et peut g\u00e9rer jusqu\u2019\u00e0 <b>8192 entr\u00e9es dans la table d\u2019adresses MAC<\/b> avec une bande passante de commutation de <b>128 Gbit\/s<\/b>, permettant une gestion efficace des trafics r\u00e9seau intensifs. Compatible avec les normes <b>IEEE 802.1D, 802.1Q, 802.1p, 802.1s, 802.1w, 802.3 et 802.3ab<\/b>, il supporte VLAN, qualit\u00e9 de service avanc\u00e9e et routage statique, y compris IPv6, sans licences suppl\u00e9mentaires. L\u2019administration peut se faire via une interface web intuitive, une CLI standard ou des plateformes avanc\u00e9es HPE Aruba comme Networking Central et NetEdit, facilitant son int\u00e9gration dans des infrastructures modernes avec support REST API. Cet \u00e9quipement comprend un port console USB, des options de montage en rack et une finition noire conforme aux standards professionnels. En r\u00e9sum\u00e9, le HPE Aruba CX 6100 24G 4SFP+ est une solution pratique, \u00e9volutive et pr\u00eate \u00e0 relever les d\u00e9fis actuels et futurs des r\u00e9seaux d\u2019entreprise n\u00e9cessitant haute disponibilit\u00e9, s\u00e9curit\u00e9 et facilit\u00e9 de gestion.<\/p>\n<ul>\n<li>Connexions:\n<ul>\n<li>RJ45<\/li>\n<li>PoE<\/li>\n<li>Ethernet LAN<\/li>\n<li>RJ45 x 24<\/li>\n<\/ul>\n<\/li>\n<li>Produit \u00e0 brancher: Oui<\/li>\n<li>Type de prise: Prise EU<\/li>\n<li>Type:\n<ul>\n<li>Switch<\/li>\n<li>Empilable<\/li>\n<\/ul>\n<\/li>\n<li>Bloc d\u2019Alimentation:\n<ul>\n<li>r\u00e9seau \u00e9lectrique<\/li>\n<li>Incluses<\/li>\n<\/ul>\n<\/li>\n<li>Couleur: Noir<\/li>\n<li>Tension:\n<ul>\n<li>100-240 V<\/li>\n<li>100 &#8211; 240 V<\/li>\n<\/ul>\n<\/li>\n<li>Fr\u00e9quence: 50-60 Hz<\/li>\n<li>M\u00e9moire Flash: 16 MB<\/li>\n<li>Support: Multisupport<\/li>\n<li>N\u00b0 de rainures: 4<\/li>\n<li>Ports: 4<\/li>\n<li>Processeur: ARM Cortex A9<\/li>\n<li>Fr\u00e9quence d&#8217;entr\u00e9e AC: 50-60 Hz<\/li>\n<li>Facteur de forme: 1U<\/li>\n<li>Temp\u00e9rature approximative: -40\u00ba \/ 70\u00ba<\/li>\n<li>M\u00e9moire RAM: 4 GB<\/li>\n<\/ul>","protected":false},"excerpt":{"rendered":"<p>Si vous \u00eates passionn\u00e9 d&#8217;informatique et d&#8217;\u00e9lectronique, si vous \u00eates \u00e0 la pointe de la technologie et qu&#8217;aucun d\u00e9tail ne vous \u00e9chappe, achetez Switch HPE JL678A RJ-45 au meilleur prix. Le HPE Aruba Networking CX 6100 24G 4SFP+ Switch est un switch manageable de couche 3 con\u00e7u pour offrir une connectivit\u00e9 r\u00e9seau s\u00e9curis\u00e9e, fiable et [&hellip;]<\/p>\n","protected":false},"featured_media":193448,"comment_status":"open","ping_status":"closed","template":"","meta":[],"product_brand":[644],"product_cat":[65,584,585],"product_tag":[104,106],"class_list":{"0":"post-13847","1":"product","2":"type-product","3":"status-publish","4":"has-post-thumbnail","6":"product_brand-brandp_662","7":"product_cat-informatique-electronique","8":"product_cat-informatique-reseaux-et-composants","9":"product_cat-switch","10":"product_tag-tag_1279","11":"product_tag-tag_1295","13":"first","14":"instock","15":"taxable","16":"shipping-taxable","17":"purchasable","18":"product-type-simple"},"_links":{"self":[{"href":"https:\/\/bigbuy.tupique.com\/en\/wp-json\/wp\/v2\/product\/13847","targetHints":{"allow":["GET"]}}],"collection":[{"href":"https:\/\/bigbuy.tupique.com\/en\/wp-json\/wp\/v2\/product"}],"about":[{"href":"https:\/\/bigbuy.tupique.com\/en\/wp-json\/wp\/v2\/types\/product"}],"replies":[{"embeddable":true,"href":"https:\/\/bigbuy.tupique.com\/en\/wp-json\/wp\/v2\/comments?post=13847"}],"wp:featuredmedia":[{"embeddable":true,"href":"https:\/\/bigbuy.tupique.com\/en\/wp-json\/wp\/v2\/media\/193448"}],"wp:attachment":[{"href":"https:\/\/bigbuy.tupique.com\/en\/wp-json\/wp\/v2\/media?parent=13847"}],"wp:term":[{"taxonomy":"product_brand","embeddable":true,"href":"https:\/\/bigbuy.tupique.com\/en\/wp-json\/wp\/v2\/product_brand?post=13847"},{"taxonomy":"product_cat","embeddable":true,"href":"https:\/\/bigbuy.tupique.com\/en\/wp-json\/wp\/v2\/product_cat?post=13847"},{"taxonomy":"product_tag","embeddable":true,"href":"https:\/\/bigbuy.tupique.com\/en\/wp-json\/wp\/v2\/product_tag?post=13847"}],"curies":[{"name":"wp","href":"https:\/\/api.w.org\/{rel}","templated":true}]}}