{"id":13802,"date":"2026-03-29T11:27:35","date_gmt":"2026-03-29T10:27:35","guid":{"rendered":"https:\/\/bigbuy.tupique.com\/produto\/toner-hp-cf362a\/"},"modified":"2026-04-14T23:38:53","modified_gmt":"2026-04-14T22:38:53","slug":"toner-hp-cf362a","status":"publish","type":"product","link":"https:\/\/bigbuy.tupique.com\/en\/produto\/toner-hp-cf362a\/","title":{"rendered":"Toner HP CF362A"},"content":{"rendered":"<p>Retournez au bureau sans rien oublier ! Achetez <b>Toner HP CF362A              <\/b> et faites envie \u00e0 vos coll\u00e8gues!<\/p>\n<p>Le <b>Toner Original HP 508A<\/b> est un consommable con\u00e7u sp\u00e9cifiquement pour les imprimantes laser HP, garantissant des r\u00e9sultats professionnels avec une qualit\u00e9 d\u2019impression constante et pr\u00e9cise. Ce toner jaune se distingue par sa <b>capacit\u00e9 \u00e0 imprimer jusqu\u2019\u00e0 5000 pages<\/b>, en faisant une solution efficace pour des environnements \u00e0 volumes d\u2019impression moyens et \u00e9lev\u00e9s. Gr\u00e2ce \u00e0 sa technologie <b>laser<\/b>, il offre une reproduction nette et homog\u00e8ne du jaune, assurant une excellente d\u00e9finition des graphiques et textes. Fabriqu\u00e9 avec des mat\u00e9riaux de haute qualit\u00e9 selon les standards HP, et originaire du <b>Japon<\/b>, il garantit une compatibilit\u00e9 optimale et une performance fiable, r\u00e9duisant les probl\u00e8mes techniques et contribuant \u00e0 la durabilit\u00e9 des \u00e9quipements. En tant que <b>produit original HP<\/b>, ce toner est parfaitement adapt\u00e9 pour pr\u00e9server l\u2019int\u00e9grit\u00e9 des appareils et \u00e9viter une usure pr\u00e9matur\u00e9e, assurant des impressions constantes aussi bien pour un usage professionnel que pour des projets cr\u00e9atifs n\u00e9cessitant des tons jaunes vifs et pr\u00e9cis. Le <b>toner jaune<\/b> HP 508A est id\u00e9al pour ceux qui recherchent des consommables originaux assurant le bon fonctionnement de leurs imprimantes laser HP sans compromettre la qualit\u00e9 ni la vitesse d\u2019impression habituelle. Dans l\u2019ensemble, il repr\u00e9sente une option fiable et efficace pour les utilisateurs qui valorisent l\u2019uniformit\u00e9 des couleurs, la long\u00e9vit\u00e9 et la compatibilit\u00e9 certifi\u00e9e dans leur environnement d\u2019impression.<\/p>\n<ul>\n<li>Compatible: HP<\/li>\n<li>Type:\n<ul>\n<li>Toner<\/li>\n<li>Original<\/li>\n<\/ul>\n<\/li>\n<li>Couleur: Jaune<\/li>\n<li>Technologie: Laser<\/li>\n<li>Unit\u00e9s: 1 Unit\u00e9<\/li>\n<li>Capacit\u00e9: 5000 Pages<\/li>\n<li>Taille: S<\/li>\n<li>Pr\u00e9cision (humidit\u00e9 relative): 20 % &#8211; 80 %<\/li>\n<li>Temp\u00e9rature approximative: -20\u00ba \/ 40\u00ba<\/li>\n<li>Caract\u00e9ristiques: Original<\/li>\n<\/ul>","protected":false},"excerpt":{"rendered":"<p><span class=\"unit-info\">287.9900 &euro; \/ 1 unit<\/span><\/p>","protected":false},"featured_media":13801,"comment_status":"open","ping_status":"closed","template":"","meta":[],"product_brand":[629],"product_cat":[65,581,582],"product_tag":[213,106],"class_list":{"0":"post-13802","1":"product","2":"type-product","3":"status-publish","4":"has-post-thumbnail","6":"product_brand-brandp_1061","7":"product_cat-informatique-electronique","8":"product_cat-informatique-peripheriques-et-consommables","9":"product_cat-toners-originaux","10":"product_tag-tag_933","11":"product_tag-tag_1295","13":"first","14":"instock","15":"taxable","16":"shipping-taxable","17":"purchasable","18":"product-type-simple"},"_links":{"self":[{"href":"https:\/\/bigbuy.tupique.com\/en\/wp-json\/wp\/v2\/product\/13802","targetHints":{"allow":["GET"]}}],"collection":[{"href":"https:\/\/bigbuy.tupique.com\/en\/wp-json\/wp\/v2\/product"}],"about":[{"href":"https:\/\/bigbuy.tupique.com\/en\/wp-json\/wp\/v2\/types\/product"}],"replies":[{"embeddable":true,"href":"https:\/\/bigbuy.tupique.com\/en\/wp-json\/wp\/v2\/comments?post=13802"}],"wp:featuredmedia":[{"embeddable":true,"href":"https:\/\/bigbuy.tupique.com\/en\/wp-json\/wp\/v2\/media\/13801"}],"wp:attachment":[{"href":"https:\/\/bigbuy.tupique.com\/en\/wp-json\/wp\/v2\/media?parent=13802"}],"wp:term":[{"taxonomy":"product_brand","embeddable":true,"href":"https:\/\/bigbuy.tupique.com\/en\/wp-json\/wp\/v2\/product_brand?post=13802"},{"taxonomy":"product_cat","embeddable":true,"href":"https:\/\/bigbuy.tupique.com\/en\/wp-json\/wp\/v2\/product_cat?post=13802"},{"taxonomy":"product_tag","embeddable":true,"href":"https:\/\/bigbuy.tupique.com\/en\/wp-json\/wp\/v2\/product_tag?post=13802"}],"curies":[{"name":"wp","href":"https:\/\/api.w.org\/{rel}","templated":true}]}}