{"id":13785,"date":"2026-03-29T11:27:12","date_gmt":"2026-03-29T10:27:12","guid":{"rendered":"https:\/\/bigbuy.tupique.com\/produto\/screen-table-support-neomounts-fpma-d700dd4\/"},"modified":"2026-04-14T23:38:51","modified_gmt":"2026-04-14T22:38:51","slug":"screen-table-support-neomounts-fpma-d700dd4","status":"publish","type":"product","link":"https:\/\/bigbuy.tupique.com\/en\/produto\/screen-table-support-neomounts-fpma-d700dd4\/","title":{"rendered":"Support de table d&#8217;\u00e9cran Neomounts FPMA-D700DD4"},"content":{"rendered":"<p>Si vous \u00eates passionn\u00e9 d&#8217;<b>informatique et d&#8217;\u00e9lectronique<\/b>, si vous \u00eates \u00e0 la pointe de la technologie et qu&#8217;aucun d\u00e9tail ne vous \u00e9chappe, achetez <b>Support de table d&#8217;\u00e9cran Neomounts FPMA-D700DD4        <\/b> au meilleur prix.<\/p>\n<ul>\n<li>Type: Bureau<\/li>\n<li>Couleur: Noir<\/li>\n<li>Caract\u00e9ristiques: Hauteur r\u00e9glable<\/li>\n<li>Pouces:\n<ul>\n<li>30&#8243;<\/li>\n<li>19&#8243;<\/li>\n<\/ul>\n<\/li>\n<li>Poids Max. support\u00e9: 8 kg<\/li>\n<li>Compatible:\n<ul>\n<li>VESA 75 x 75 mm<\/li>\n<li>VESA 100 x 100 mm<\/li>\n<\/ul>\n<\/li>\n<li>Largeur: 830 mm<\/li>\n<\/ul>","protected":false},"excerpt":{"rendered":"<p>Si vous \u00eates passionn\u00e9 d&#8217;informatique et d&#8217;\u00e9lectronique, si vous \u00eates \u00e0 la pointe de la technologie et qu&#8217;aucun d\u00e9tail ne vous \u00e9chappe, achetez Support de table d&#8217;\u00e9cran Neomounts FPMA-D700DD4 au meilleur prix. Type: Bureau Couleur: Noir Caract\u00e9ristiques: Hauteur r\u00e9glable Pouces: 30&#8243; 19&#8243; Poids Max. support\u00e9: 8 kg Compatible: VESA 75 x 75 mm VESA 100 [&hellip;]<\/p>\n","protected":false},"featured_media":13782,"comment_status":"open","ping_status":"closed","template":"","meta":[],"product_brand":[639],"product_cat":[65,581,586],"product_tag":[106],"class_list":{"0":"post-13785","1":"product","2":"type-product","3":"status-publish","4":"has-post-thumbnail","6":"product_brand-brandp_4772","7":"product_cat-informatique-electronique","8":"product_cat-informatique-peripheriques-et-consommables","9":"product_cat-supports-pour-ecrans","10":"product_tag-tag_1295","12":"first","13":"instock","14":"taxable","15":"shipping-taxable","16":"purchasable","17":"product-type-simple"},"_links":{"self":[{"href":"https:\/\/bigbuy.tupique.com\/en\/wp-json\/wp\/v2\/product\/13785","targetHints":{"allow":["GET"]}}],"collection":[{"href":"https:\/\/bigbuy.tupique.com\/en\/wp-json\/wp\/v2\/product"}],"about":[{"href":"https:\/\/bigbuy.tupique.com\/en\/wp-json\/wp\/v2\/types\/product"}],"replies":[{"embeddable":true,"href":"https:\/\/bigbuy.tupique.com\/en\/wp-json\/wp\/v2\/comments?post=13785"}],"wp:featuredmedia":[{"embeddable":true,"href":"https:\/\/bigbuy.tupique.com\/en\/wp-json\/wp\/v2\/media\/13782"}],"wp:attachment":[{"href":"https:\/\/bigbuy.tupique.com\/en\/wp-json\/wp\/v2\/media?parent=13785"}],"wp:term":[{"taxonomy":"product_brand","embeddable":true,"href":"https:\/\/bigbuy.tupique.com\/en\/wp-json\/wp\/v2\/product_brand?post=13785"},{"taxonomy":"product_cat","embeddable":true,"href":"https:\/\/bigbuy.tupique.com\/en\/wp-json\/wp\/v2\/product_cat?post=13785"},{"taxonomy":"product_tag","embeddable":true,"href":"https:\/\/bigbuy.tupique.com\/en\/wp-json\/wp\/v2\/product_tag?post=13785"}],"curies":[{"name":"wp","href":"https:\/\/api.w.org\/{rel}","templated":true}]}}