{"id":13753,"date":"2026-03-29T11:26:23","date_gmt":"2026-03-29T10:26:23","guid":{"rendered":"https:\/\/bigbuy.tupique.com\/produto\/scanner-kodak-1015049\/"},"modified":"2026-04-14T23:38:48","modified_gmt":"2026-04-14T22:38:48","slug":"scanner-kodak-1015049","status":"publish","type":"product","link":"https:\/\/bigbuy.tupique.com\/en\/produto\/scanner-kodak-1015049\/","title":{"rendered":"Scanner Kodak 1015049"},"content":{"rendered":"<p>Si vous \u00eates passionn\u00e9 d&#8217;<b>informatique et d&#8217;\u00e9lectronique<\/b>, si vous \u00eates \u00e0 la pointe de la technologie et qu&#8217;aucun d\u00e9tail ne vous \u00e9chappe, achetez <b>Scanner Kodak 1015049<\/b> au meilleur prix.<\/p>\n<ul>\n<li>Type: Scanner<\/li>\n<li>Technologie: LCD<\/li>\n<li>Produit \u00e0 brancher: Oui<\/li>\n<li>Type de prise: Prise EU<\/li>\n<li>Bloc d\u2019Alimentation:\n<ul>\n<li>r\u00e9seau \u00e9lectrique<\/li>\n<li>Courant CA<\/li>\n<li>CA<\/li>\n<\/ul>\n<\/li>\n<li>Couleur:\n<ul>\n<li>Blanc<\/li>\n<li>Noir<\/li>\n<\/ul>\n<\/li>\n<li>Tension d&#8217;entr\u00e9e AC: 100 &#8211; 240 V<\/li>\n<li>Capteur: Dual CIS<\/li>\n<li>Ecran:\n<ul>\n<li>1,5&#8221;<\/li>\n<li>1,5&#8243;<\/li>\n<\/ul>\n<\/li>\n<li>R\u00e9solution d&#8217;image maximale: 600 x 600 dpi<\/li>\n<li>Connexions:\n<ul>\n<li>USB 3.2<\/li>\n<li>USB<\/li>\n<\/ul>\n<\/li>\n<li>Caract\u00e9ristiques:\n<ul>\n<li>\u00c9cran integr\u00e9<\/li>\n<li>\u00c9cran LCD<\/li>\n<li>Scanner Double Face<\/li>\n<\/ul>\n<\/li>\n<li>Taille: A4<\/li>\n<li>Ecran tactile: Non<\/li>\n<li>Capacit\u00e9: 80 Volets<\/li>\n<li>Ann\u00e9e: 2017<\/li>\n<li>Syst\u00e8me d&#8217;exploitation: Windows 10<\/li>\n<li>Tension:\n<ul>\n<li>240 V<\/li>\n<li>100 &#8211; 240 V<\/li>\n<\/ul>\n<\/li>\n<li>Scanner: 600 x 600 dpi<\/li>\n<li>Compatible: Windows 8.1<\/li>\n<li>Fr\u00e9quence: 50 &#8211; 60 Hz<\/li>\n<li>Papier: A4<\/li>\n<li>puissance: 36 W<\/li>\n<li>Certificat: Certification ENERGY STAR<\/li>\n<\/ul>","protected":false},"excerpt":{"rendered":"<p>Si vous \u00eates passionn\u00e9 d&#8217;informatique et d&#8217;\u00e9lectronique, si vous \u00eates \u00e0 la pointe de la technologie et qu&#8217;aucun d\u00e9tail ne vous \u00e9chappe, achetez Scanner Kodak 1015049 au meilleur prix. Type: Scanner Technologie: LCD Produit \u00e0 brancher: Oui Type de prise: Prise EU Bloc d\u2019Alimentation: r\u00e9seau \u00e9lectrique Courant CA CA Couleur: Blanc Noir Tension d&#8217;entr\u00e9e AC: [&hellip;]<\/p>\n","protected":false},"featured_media":13749,"comment_status":"open","ping_status":"closed","template":"","meta":[],"product_brand":[636],"product_cat":[65,581,587],"product_tag":[213,106],"class_list":{"0":"post-13753","1":"product","2":"type-product","3":"status-publish","4":"has-post-thumbnail","6":"product_brand-brandp_1699","7":"product_cat-informatique-electronique","8":"product_cat-informatique-peripheriques-et-consommables","9":"product_cat-scanners","10":"product_tag-tag_933","11":"product_tag-tag_1295","13":"first","14":"instock","15":"taxable","16":"shipping-taxable","17":"purchasable","18":"product-type-simple"},"_links":{"self":[{"href":"https:\/\/bigbuy.tupique.com\/en\/wp-json\/wp\/v2\/product\/13753","targetHints":{"allow":["GET"]}}],"collection":[{"href":"https:\/\/bigbuy.tupique.com\/en\/wp-json\/wp\/v2\/product"}],"about":[{"href":"https:\/\/bigbuy.tupique.com\/en\/wp-json\/wp\/v2\/types\/product"}],"replies":[{"embeddable":true,"href":"https:\/\/bigbuy.tupique.com\/en\/wp-json\/wp\/v2\/comments?post=13753"}],"wp:featuredmedia":[{"embeddable":true,"href":"https:\/\/bigbuy.tupique.com\/en\/wp-json\/wp\/v2\/media\/13749"}],"wp:attachment":[{"href":"https:\/\/bigbuy.tupique.com\/en\/wp-json\/wp\/v2\/media?parent=13753"}],"wp:term":[{"taxonomy":"product_brand","embeddable":true,"href":"https:\/\/bigbuy.tupique.com\/en\/wp-json\/wp\/v2\/product_brand?post=13753"},{"taxonomy":"product_cat","embeddable":true,"href":"https:\/\/bigbuy.tupique.com\/en\/wp-json\/wp\/v2\/product_cat?post=13753"},{"taxonomy":"product_tag","embeddable":true,"href":"https:\/\/bigbuy.tupique.com\/en\/wp-json\/wp\/v2\/product_tag?post=13753"}],"curies":[{"name":"wp","href":"https:\/\/api.w.org\/{rel}","templated":true}]}}