{"id":13740,"date":"2026-03-29T11:26:03","date_gmt":"2026-03-29T10:26:03","guid":{"rendered":"https:\/\/bigbuy.tupique.com\/produto\/switch-trendnet-ti-g162-32-gbps\/"},"modified":"2026-04-16T10:25:17","modified_gmt":"2026-04-16T09:25:17","slug":"switch-trendnet-ti-g162-32-gbps","status":"publish","type":"product","link":"https:\/\/bigbuy.tupique.com\/en\/produto\/switch-trendnet-ti-g162-32-gbps\/","title":{"rendered":"Switch Trendnet TI-G162 32 Gbps"},"content":{"rendered":"<p>Si vous \u00eates passionn\u00e9 d&#8217;<b>informatique et d&#8217;\u00e9lectronique<\/b>, si vous \u00eates \u00e0 la pointe de la technologie et qu&#8217;aucun d\u00e9tail ne vous \u00e9chappe, achetez <b>Switch Trendnet TI-G162 32 Gbps<\/b> au meilleur prix.<\/p>\n<p>Le <b>Trendnet TI-G162<\/b> est un <b>switch<\/b> industriel con\u00e7u pour des environnements exigeants o\u00f9 fiabilit\u00e9 et robustesse sont essentielles. Ce mod\u00e8le Gigabit DIN-Rail dispose d\u2019un <b>bo\u00eetier m\u00e9tallique avec indice de protection IP30<\/b> qui prot\u00e8ge contre les chocs et vibrations intenses, assurant un fonctionnement stable dans des plages de temp\u00e9rature extr\u00eames de <b>-40\u00b0 \u00e0 75 \u00b0C<\/b>. Il offre <b>14 ports Gigabit Ethernet RJ-45 (10\/100\/1000 Mbps)<\/b> pour des connexions rapides avec prise en charge du mode <b>full duplex<\/b>, optimisant le flux de donn\u00e9es \u00e0 faible latence. Sa <b>capacit\u00e9 de commutation de 32 Gbit\/s<\/b> et sa table d\u2019adresses MAC jusqu\u2019\u00e0 8000 entr\u00e9es facilitent la gestion efficace du trafic dans des r\u00e9seaux industriels complexes. Il int\u00e8gre \u00e9galement des emplacements pour modules SFP compatibles <b>1000Base-FX<\/b>, permettant d\u2019\u00e9tendre les connexions par fibre optique sur de longues distances, un atout cl\u00e9 pour les installations industrielles r\u00e9parties. Le switch supporte les normes IEEE 802.3, IEEE 802.3u, IEEE 802.3ab, IEEE 802.3x et IEEE 802.3z, garantissant compatibilit\u00e9 et performance selon les standards les plus r\u00e9pandus. Son alimentation n\u00e9cessite une tension continue de <b>48 \u00e0 56 V DC<\/b>, avec montage mural ou sur rail DIN, facilitant son int\u00e9gration dans les syst\u00e8mes industriels. Sa finition <b>noire<\/b> et son design compact assurent une int\u00e9gration discr\u00e8te en environnements techniques. En r\u00e9sum\u00e9, le Trendnet TI-G162 est une solution avanc\u00e9e pour industrialiser l\u2019infrastructure r\u00e9seau via un switch fiable, capable de fonctionner dans des conditions environnementales s\u00e9v\u00e8res et de supporter des connexions Gigabit cuivre et fibre.<\/p>\n<ul>\n<li>Produit \u00e0 brancher: Oui<\/li>\n<li>Type de prise: Prise EU<\/li>\n<li>Type: Switch<\/li>\n<li>Bloc d\u2019Alimentation: r\u00e9seau \u00e9lectrique<\/li>\n<li>Couleur: Noir<\/li>\n<li>Tension:\n<ul>\n<li>100-240 V<\/li>\n<li>220 V<\/li>\n<\/ul>\n<\/li>\n<li>Amp\u00e9rage: 2 A<\/li>\n<li>Fr\u00e9quence: 50-60 Hz<\/li>\n<li>Mati\u00e8re: M\u00e9tal<\/li>\n<\/ul>","protected":false},"excerpt":{"rendered":"<p>Si vous \u00eates passionn\u00e9 d&#8217;informatique et d&#8217;\u00e9lectronique, si vous \u00eates \u00e0 la pointe de la technologie et qu&#8217;aucun d\u00e9tail ne vous \u00e9chappe, achetez Switch Trendnet TI-G162 32 Gbps au meilleur prix. Le Trendnet TI-G162 est un switch industriel con\u00e7u pour des environnements exigeants o\u00f9 fiabilit\u00e9 et robustesse sont essentielles. Ce mod\u00e8le Gigabit DIN-Rail dispose d\u2019un [&hellip;]<\/p>\n","protected":false},"featured_media":13737,"comment_status":"open","ping_status":"closed","template":"","meta":[],"product_brand":[635],"product_cat":[65,584,585],"product_tag":[106],"class_list":{"0":"post-13740","1":"product","2":"type-product","3":"status-publish","4":"has-post-thumbnail","6":"product_brand-brandp_4777","7":"product_cat-informatique-electronique","8":"product_cat-informatique-reseaux-et-composants","9":"product_cat-switch","10":"product_tag-tag_1295","12":"first","13":"instock","14":"taxable","15":"shipping-taxable","16":"purchasable","17":"product-type-simple"},"_links":{"self":[{"href":"https:\/\/bigbuy.tupique.com\/en\/wp-json\/wp\/v2\/product\/13740","targetHints":{"allow":["GET"]}}],"collection":[{"href":"https:\/\/bigbuy.tupique.com\/en\/wp-json\/wp\/v2\/product"}],"about":[{"href":"https:\/\/bigbuy.tupique.com\/en\/wp-json\/wp\/v2\/types\/product"}],"replies":[{"embeddable":true,"href":"https:\/\/bigbuy.tupique.com\/en\/wp-json\/wp\/v2\/comments?post=13740"}],"wp:featuredmedia":[{"embeddable":true,"href":"https:\/\/bigbuy.tupique.com\/en\/wp-json\/wp\/v2\/media\/13737"}],"wp:attachment":[{"href":"https:\/\/bigbuy.tupique.com\/en\/wp-json\/wp\/v2\/media?parent=13740"}],"wp:term":[{"taxonomy":"product_brand","embeddable":true,"href":"https:\/\/bigbuy.tupique.com\/en\/wp-json\/wp\/v2\/product_brand?post=13740"},{"taxonomy":"product_cat","embeddable":true,"href":"https:\/\/bigbuy.tupique.com\/en\/wp-json\/wp\/v2\/product_cat?post=13740"},{"taxonomy":"product_tag","embeddable":true,"href":"https:\/\/bigbuy.tupique.com\/en\/wp-json\/wp\/v2\/product_tag?post=13740"}],"curies":[{"name":"wp","href":"https:\/\/api.w.org\/{rel}","templated":true}]}}