{"id":13709,"date":"2026-03-29T11:25:21","date_gmt":"2026-03-29T10:25:21","guid":{"rendered":"https:\/\/bigbuy.tupique.com\/produto\/toner-hp-128a-multicolour\/"},"modified":"2026-05-11T19:59:08","modified_gmt":"2026-05-11T17:59:08","slug":"toner-hp-128a-multicolour","status":"publish","type":"product","link":"https:\/\/bigbuy.tupique.com\/en\/produto\/toner-hp-128a-multicolour\/","title":{"rendered":"Toner HP 128A Multicouleur"},"content":{"rendered":"<p>Retournez au bureau sans rien oublier ! Achetez <b>Toner HP 128A Multicouleur<\/b> et faites envie \u00e0 vos coll\u00e8gues!<\/p>\n<ul>\n<li>Type:\n<ul>\n<li>Original<\/li>\n<li>Toner<\/li>\n<\/ul>\n<\/li>\n<li>Compatible: HP<\/li>\n<li>Technologie: Laser<\/li>\n<li>Couleur: Multicouleur<\/li>\n<li>Emballage: Caisse<\/li>\n<li>Pr\u00e9cision (humidit\u00e9 relative): 20 % &#8211; 80 %<\/li>\n<li>Temp\u00e9rature approximative: -20\u00ba \/ 40\u00ba<\/li>\n<li>Plage de temp\u00e9ratures de travail: 10\u00ba \/ 30\u00ba<\/li>\n<li>Caract\u00e9ristiques: Original<\/li>\n<li>Quantit\u00e9: 1300 pgs<\/li>\n<\/ul>","protected":false},"excerpt":{"rendered":"<p>Retournez au bureau sans rien oublier ! Achetez Toner HP 128A Multicouleur et faites envie \u00e0 vos coll\u00e8gues! Type: Original Toner Compatible: HP Technologie: Laser Couleur: Multicouleur Emballage: Caisse Pr\u00e9cision (humidit\u00e9 relative): 20 % &#8211; 80 % Temp\u00e9rature approximative: -20\u00ba \/ 40\u00ba Plage de temp\u00e9ratures de travail: 10\u00ba \/ 30\u00ba Caract\u00e9ristiques: Original Quantit\u00e9: 1300 pgs<\/p>","protected":false},"featured_media":13708,"comment_status":"open","ping_status":"closed","template":"","meta":[],"product_brand":[630],"product_cat":[65,581,582],"product_tag":[213,106],"class_list":{"0":"post-13709","1":"product","2":"type-product","3":"status-publish","4":"has-post-thumbnail","6":"product_brand-brandp_909","7":"product_cat-informatique-electronique","8":"product_cat-informatique-peripheriques-et-consommables","9":"product_cat-toners-originaux","10":"product_tag-tag_933","11":"product_tag-tag_1295","13":"first","14":"instock","15":"taxable","16":"shipping-taxable","17":"purchasable","18":"product-type-simple"},"_links":{"self":[{"href":"https:\/\/bigbuy.tupique.com\/en\/wp-json\/wp\/v2\/product\/13709","targetHints":{"allow":["GET"]}}],"collection":[{"href":"https:\/\/bigbuy.tupique.com\/en\/wp-json\/wp\/v2\/product"}],"about":[{"href":"https:\/\/bigbuy.tupique.com\/en\/wp-json\/wp\/v2\/types\/product"}],"replies":[{"embeddable":true,"href":"https:\/\/bigbuy.tupique.com\/en\/wp-json\/wp\/v2\/comments?post=13709"}],"wp:featuredmedia":[{"embeddable":true,"href":"https:\/\/bigbuy.tupique.com\/en\/wp-json\/wp\/v2\/media\/13708"}],"wp:attachment":[{"href":"https:\/\/bigbuy.tupique.com\/en\/wp-json\/wp\/v2\/media?parent=13709"}],"wp:term":[{"taxonomy":"product_brand","embeddable":true,"href":"https:\/\/bigbuy.tupique.com\/en\/wp-json\/wp\/v2\/product_brand?post=13709"},{"taxonomy":"product_cat","embeddable":true,"href":"https:\/\/bigbuy.tupique.com\/en\/wp-json\/wp\/v2\/product_cat?post=13709"},{"taxonomy":"product_tag","embeddable":true,"href":"https:\/\/bigbuy.tupique.com\/en\/wp-json\/wp\/v2\/product_tag?post=13709"}],"curies":[{"name":"wp","href":"https:\/\/api.w.org\/{rel}","templated":true}]}}