{"id":11928,"date":"2026-03-27T23:33:44","date_gmt":"2026-03-27T22:33:44","guid":{"rendered":"https:\/\/bigbuy.tupique.com\/produto\/ice-cream-maker-medion-md12090-200-w-26-l\/"},"modified":"2026-04-16T19:46:10","modified_gmt":"2026-04-16T18:46:10","slug":"ice-cream-maker-medion-md12090-200-w-26-l","status":"publish","type":"product","link":"https:\/\/bigbuy.tupique.com\/en\/produto\/ice-cream-maker-medion-md12090-200-w-26-l\/","title":{"rendered":"Sorbeti\u00e8re Medion MD12090 200 W 2,6 L"},"content":{"rendered":"<p>Si vous \u00eates \u00e0 la recherche de nouvelles tendances sur le march\u00e9, nous vous pr\u00e9sentons <b>Sorbeti\u00e8re Medion MD12090 200 W 2,6 L<\/b> !<\/p>\n<p>La <b>heladera MD12090<\/b> de la marca <b>Medion<\/b> est un appareil con\u00e7u sp\u00e9cifiquement pour la pr\u00e9paration de boissons glac\u00e9es et granit\u00e9s, id\u00e9al pour un usage domestique ou dans de petits commerces n\u00e9cessitant une solution pratique et efficace. Cet \u00e9quipement dispose d\u2019une <b>puissance de 200 W<\/b>, garantissant un refroidissement rapide et uniforme pour obtenir la consistance parfaite \u00e0 chaque pr\u00e9paration. Avec une <b>capacit\u00e9 de 2,6 litres<\/b>, il permet de pr\u00e9parer des quantit\u00e9s suffisantes de boissons, adapt\u00e9 aussi bien pour une consommation familiale que pour de petits \u00e9v\u00e9nements. Il int\u00e8gre <b>cinq programmes diff\u00e9rents<\/b> facilitant la s\u00e9lection du type de glace ou granit\u00e9 souhait\u00e9, offrant ainsi une grande polyvalence selon les go\u00fbts et recettes. Son design et sa fonctionnalit\u00e9 en tant que <b>heladera sp\u00e9cialis\u00e9e dans les boissons granit\u00e9es<\/b> en font une option pratique pour ceux qui recherchent un appareil compact et d\u00e9di\u00e9, capable de maintenir une temp\u00e9rature ad\u00e9quate et d\u2019offrir une texture id\u00e9ale sans complications. Ce mod\u00e8le allie simplicit\u00e9 d\u2019utilisation et performance efficace, soutenu par l\u2019expertise de Medion dans les appareils \u00e9lectrom\u00e9nagers fonctionnels. En r\u00e9sum\u00e9, la Medion MD12090 est une solution technique offrant une capacit\u00e9 mod\u00e9r\u00e9e et des commandes programm\u00e9es pour ceux qui appr\u00e9cient une machine fiable pour boissons rafra\u00eechissantes et granit\u00e9s.<\/p>\n<ul>\n<li>Type: Sorbeti\u00e8re<\/li>\n<li>puissance: 200 W<\/li>\n<li>Capacit\u00e9: 2,6 L<\/li>\n<\/ul>","protected":false},"excerpt":{"rendered":"<p>Si vous \u00eates \u00e0 la recherche de nouvelles tendances sur le march\u00e9, nous vous pr\u00e9sentons Sorbeti\u00e8re Medion MD12090 200 W 2,6 L ! La heladera MD12090 de la marca Medion est un appareil con\u00e7u sp\u00e9cifiquement pour la pr\u00e9paration de boissons glac\u00e9es et granit\u00e9s, id\u00e9al pour un usage domestique ou dans de petits commerces n\u00e9cessitant une [&hellip;]<\/p>\n","protected":false},"featured_media":34740,"comment_status":"open","ping_status":"closed","template":"","meta":[],"product_brand":[454],"product_cat":[60,254,246],"product_tag":[55,59,56],"class_list":{"0":"post-11928","1":"product","2":"type-product","3":"status-publish","4":"has-post-thumbnail","6":"product_brand-brandp_3439","7":"product_cat-cuisine-gourmet","8":"product_cat-machines-a-glaces-et-yaourts","9":"product_cat-patisserie","10":"product_tag-tag_926","11":"product_tag-tag_1304","12":"product_tag-tag_930","14":"first","15":"instock","16":"taxable","17":"shipping-taxable","18":"purchasable","19":"product-type-simple"},"_links":{"self":[{"href":"https:\/\/bigbuy.tupique.com\/en\/wp-json\/wp\/v2\/product\/11928","targetHints":{"allow":["GET"]}}],"collection":[{"href":"https:\/\/bigbuy.tupique.com\/en\/wp-json\/wp\/v2\/product"}],"about":[{"href":"https:\/\/bigbuy.tupique.com\/en\/wp-json\/wp\/v2\/types\/product"}],"replies":[{"embeddable":true,"href":"https:\/\/bigbuy.tupique.com\/en\/wp-json\/wp\/v2\/comments?post=11928"}],"wp:featuredmedia":[{"embeddable":true,"href":"https:\/\/bigbuy.tupique.com\/en\/wp-json\/wp\/v2\/media\/34740"}],"wp:attachment":[{"href":"https:\/\/bigbuy.tupique.com\/en\/wp-json\/wp\/v2\/media?parent=11928"}],"wp:term":[{"taxonomy":"product_brand","embeddable":true,"href":"https:\/\/bigbuy.tupique.com\/en\/wp-json\/wp\/v2\/product_brand?post=11928"},{"taxonomy":"product_cat","embeddable":true,"href":"https:\/\/bigbuy.tupique.com\/en\/wp-json\/wp\/v2\/product_cat?post=11928"},{"taxonomy":"product_tag","embeddable":true,"href":"https:\/\/bigbuy.tupique.com\/en\/wp-json\/wp\/v2\/product_tag?post=11928"}],"curies":[{"name":"wp","href":"https:\/\/api.w.org\/{rel}","templated":true}]}}