{"id":10465,"date":"2026-03-27T22:20:57","date_gmt":"2026-03-27T21:20:57","guid":{"rendered":"https:\/\/bigbuy.tupique.com\/produto\/pan-pyrex-black-aluminium-o-20-cm\/"},"modified":"2026-04-16T20:26:28","modified_gmt":"2026-04-16T19:26:28","slug":"pan-pyrex-black-aluminium-o-20-cm","status":"publish","type":"product","link":"https:\/\/bigbuy.tupique.com\/en\/produto\/pan-pyrex-black-aluminium-o-20-cm\/","title":{"rendered":"Po\u00eale Pyrex Noir Aluminium \u00d8 20 cm"},"content":{"rendered":"<p>Si vous aimez prendre soin de chaque d\u00e9tail de votre maison et d&#8217;\u00eatre \u00e0 la derni\u00e8re mode en mati\u00e8re de produits qui vous rendront la vie plus facile, achetez <b>Po\u00eale Pyrex Noir Aluminium \u00d8 20 cm<\/b> au meilleur prix.<\/p>\n<p>La <b>po\u00eale antiadh\u00e9sive Optima+<\/b> de <b>Pyrex<\/b> est un \u00e9l\u00e9ment essentiel de toute cuisine, con\u00e7ue pour offrir durabilit\u00e9, polyvalence et performance efficace lors de la pr\u00e9paration des aliments. Fabriqu\u00e9e en <b>aluminium forg\u00e9<\/b>, cette po\u00eale allie l\u00e9g\u00e8ret\u00e9 et structure robuste qui r\u00e9partit la chaleur uniform\u00e9ment, \u00e9vitant les points chauds susceptibles de br\u00fbler les aliments. Son diam\u00e8tre de <b>20 cm<\/b> en fait un ustensile polyvalent, id\u00e9al pour cuisiner une omelette, faire sauter des l\u00e9gumes ou pr\u00e9parer de petites portions facilement. Gr\u00e2ce \u00e0 son rev\u00eatement antiadh\u00e9sif de qualit\u00e9, les aliments cuisent sans coller, facilitant la cuisson et le nettoyage, tout en r\u00e9duisant la quantit\u00e9 d\u2019huile ou de beurre n\u00e9cessaire. De plus, cette po\u00eale est <b>compatible avec tous types de plaques<\/b>, y compris induction, vitroc\u00e9ramique, gaz et \u00e9lectrique, s\u2019adaptant \u00e0 tout \u00e9quipement domestique sans restriction. Son design fonctionnel et sa finition robuste r\u00e9pondent aux attentes d\u2019une marque reconnue comme Pyrex, garantissant des produits aux normes \u00e9lev\u00e9es de fabrication et de fiabilit\u00e9. En r\u00e9sum\u00e9, l\u2019Optima+ est un choix pratique et performant pour un usage quotidien, combinant des caract\u00e9ristiques techniques qui assurent une exp\u00e9rience culinaire confortable et s\u00fbre. Cette po\u00eale repr\u00e9sente une solution \u00e9quilibr\u00e9e pour ceux qui recherchent des ustensiles durables et polyvalents, adapt\u00e9s \u00e0 plusieurs m\u00e9thodes de cuisson et besoins quotidiens.<\/p>\n<ul>\n<li>Caract\u00e9ristiques:\n<ul>\n<li>Anti-adh\u00e9rente<\/li>\n<li>Convient aux lave-vaisselles<\/li>\n<\/ul>\n<\/li>\n<li>Couleur: Noir<\/li>\n<li>Mati\u00e8re: Aluminium<\/li>\n<li>Capacit\u00e9: 1 L<\/li>\n<li>diam\u00e8tre approx.: \u00d8 20 cm<\/li>\n<\/ul>","protected":false},"excerpt":{"rendered":"<p><span class=\"unit-info\">35.9900 &euro; \/ 1 l<\/span><\/p>","protected":false},"featured_media":186558,"comment_status":"open","ping_status":"closed","template":"","meta":[],"product_brand":[308],"product_cat":[60,231,216],"product_tag":[55,59],"class_list":{"0":"post-10465","1":"product","2":"type-product","3":"status-publish","4":"has-post-thumbnail","6":"product_brand-brandp_2943","7":"product_cat-cuisine-gourmet","8":"product_cat-poeles-et-casseroles","9":"product_cat-ustensile","10":"product_tag-tag_926","11":"product_tag-tag_1304","13":"first","14":"instock","15":"taxable","16":"shipping-taxable","17":"purchasable","18":"product-type-simple"},"_links":{"self":[{"href":"https:\/\/bigbuy.tupique.com\/en\/wp-json\/wp\/v2\/product\/10465","targetHints":{"allow":["GET"]}}],"collection":[{"href":"https:\/\/bigbuy.tupique.com\/en\/wp-json\/wp\/v2\/product"}],"about":[{"href":"https:\/\/bigbuy.tupique.com\/en\/wp-json\/wp\/v2\/types\/product"}],"replies":[{"embeddable":true,"href":"https:\/\/bigbuy.tupique.com\/en\/wp-json\/wp\/v2\/comments?post=10465"}],"wp:featuredmedia":[{"embeddable":true,"href":"https:\/\/bigbuy.tupique.com\/en\/wp-json\/wp\/v2\/media\/186558"}],"wp:attachment":[{"href":"https:\/\/bigbuy.tupique.com\/en\/wp-json\/wp\/v2\/media?parent=10465"}],"wp:term":[{"taxonomy":"product_brand","embeddable":true,"href":"https:\/\/bigbuy.tupique.com\/en\/wp-json\/wp\/v2\/product_brand?post=10465"},{"taxonomy":"product_cat","embeddable":true,"href":"https:\/\/bigbuy.tupique.com\/en\/wp-json\/wp\/v2\/product_cat?post=10465"},{"taxonomy":"product_tag","embeddable":true,"href":"https:\/\/bigbuy.tupique.com\/en\/wp-json\/wp\/v2\/product_tag?post=10465"}],"curies":[{"name":"wp","href":"https:\/\/api.w.org\/{rel}","templated":true}]}}