{"id":10265,"date":"2026-03-27T22:07:26","date_gmt":"2026-03-27T21:07:26","guid":{"rendered":"https:\/\/bigbuy.tupique.com\/produto\/ice-cream-maker-ninja-plastic-19-l\/"},"modified":"2026-04-16T15:27:16","modified_gmt":"2026-04-16T14:27:16","slug":"ice-cream-maker-ninja-plastic-19-l","status":"publish","type":"product","link":"https:\/\/bigbuy.tupique.com\/en\/produto\/ice-cream-maker-ninja-plastic-19-l\/","title":{"rendered":"Sorbeti\u00e8re NINJA Plastique 1,9 L"},"content":{"rendered":"<p>Si vous \u00eates \u00e0 la recherche de nouvelles tendances sur le march\u00e9, nous vous pr\u00e9sentons <b>Sorbeti\u00e8re NINJA Plastique 1,9 L<\/b> !<\/p>\n<ul>\n<li>Couleur: Bleu<\/li>\n<li>Mati\u00e8re: Plastique<\/li>\n<li>Capacit\u00e9: 1,9 L<\/li>\n<\/ul>","protected":false},"excerpt":{"rendered":"<p>Si vous \u00eates \u00e0 la recherche de nouvelles tendances sur le march\u00e9, nous vous pr\u00e9sentons Sorbeti\u00e8re NINJA Plastique 1,9 L ! Couleur: Bleu Mati\u00e8re: Plastique Capacit\u00e9: 1,9 L<\/p>","protected":false},"featured_media":27466,"comment_status":"open","ping_status":"closed","template":"","meta":[],"product_brand":[287],"product_cat":[60,254,246],"product_tag":[55,59,56],"class_list":{"0":"post-10265","1":"product","2":"type-product","3":"status-publish","4":"has-post-thumbnail","6":"product_brand-brandp_6527","7":"product_cat-cuisine-gourmet","8":"product_cat-machines-a-glaces-et-yaourts","9":"product_cat-patisserie","10":"product_tag-tag_926","11":"product_tag-tag_1304","12":"product_tag-tag_930","14":"first","15":"instock","16":"taxable","17":"shipping-taxable","18":"purchasable","19":"product-type-simple"},"_links":{"self":[{"href":"https:\/\/bigbuy.tupique.com\/en\/wp-json\/wp\/v2\/product\/10265","targetHints":{"allow":["GET"]}}],"collection":[{"href":"https:\/\/bigbuy.tupique.com\/en\/wp-json\/wp\/v2\/product"}],"about":[{"href":"https:\/\/bigbuy.tupique.com\/en\/wp-json\/wp\/v2\/types\/product"}],"replies":[{"embeddable":true,"href":"https:\/\/bigbuy.tupique.com\/en\/wp-json\/wp\/v2\/comments?post=10265"}],"wp:featuredmedia":[{"embeddable":true,"href":"https:\/\/bigbuy.tupique.com\/en\/wp-json\/wp\/v2\/media\/27466"}],"wp:attachment":[{"href":"https:\/\/bigbuy.tupique.com\/en\/wp-json\/wp\/v2\/media?parent=10265"}],"wp:term":[{"taxonomy":"product_brand","embeddable":true,"href":"https:\/\/bigbuy.tupique.com\/en\/wp-json\/wp\/v2\/product_brand?post=10265"},{"taxonomy":"product_cat","embeddable":true,"href":"https:\/\/bigbuy.tupique.com\/en\/wp-json\/wp\/v2\/product_cat?post=10265"},{"taxonomy":"product_tag","embeddable":true,"href":"https:\/\/bigbuy.tupique.com\/en\/wp-json\/wp\/v2\/product_tag?post=10265"}],"curies":[{"name":"wp","href":"https:\/\/api.w.org\/{rel}","templated":true}]}}